{"id":5746334,"date":"2025-02-04T18:25:35","date_gmt":"2025-02-04T18:25:35","guid":{"rendered":"https:\/\/theinvisiblecollection.com\/?post_type=product&#038;p=5746334"},"modified":"2026-05-01T07:37:23","modified_gmt":"2026-05-01T07:37:23","slug":"repossi-x-louise-liljencrantz-boite-a-bijoux-berbere","status":"publish","type":"product","link":"https:\/\/theinvisiblecollection.com\/fr\/produit\/repossi-x-louise-liljencrantz-boite-a-bijoux-berbere\/","title":{"rendered":"Bo\u00eete \u00e0 Bijoux\u00a0Berb\u00e8re"},"content":{"rendered":"<p style=\"text-align: justify;\">La Bo\u00eete \u00e0 Bijoux Berb\u00e8re est issue de la capsule &#8220;Jewels for the Home&#8221;, inspir\u00e9e des pi\u00e8ces iconiques de Repossi, sp\u00e9cialement con\u00e7ue et produite par Invisible Collection. L\u2019\u00e9toile montante de la d\u00e9coration, Louise Liljencrantz, a trouv\u00e9 sa muse dans la collection Berb\u00e8re, inspir\u00e9e tout \u00e0 la fois par l\u2019art moderne et contemporain, ainsi que par la couleur rouge de la bague Berb\u00e8re Chromatic. La ligne d\u2019or minimaliste de la collection Berb\u00e8re Repossi, \u00e9pousant par la r\u00e9p\u00e9tition le corps comme une seconde peau, a \u00e9t\u00e9 r\u00e9interpr\u00e9t\u00e9e par la cr\u00e9atrice en jouant sur des compositions g\u00e9om\u00e9triques abstraites aux couleurs contrast\u00e9es. Avec Veermakers, le grand \u00e9b\u00e9niste su\u00e9dois, elle a cr\u00e9\u00e9 un coffret \u00e0 bijoux en sycomore et poirier, rehauss\u00e9 d\u2019un lumineux cuir rouge. Cette composition, qui \u00e9voque les peintures de Mondrian, s\u2019int\u00e9grerait sans d\u00e9parer dans un int\u00e9rieur Art D\u00e9co des ann\u00e9es 30.<\/p>\n","protected":false},"excerpt":{"rendered":"<p>La Bo\u00eete \u00e0 Bijoux Berb\u00e8re est issue de la capsule &#8220;Jewels for the Home&#8221;, inspir\u00e9e des pi\u00e8ces iconiques de Repossi, sp\u00e9cialement con\u00e7ue et produite par Invisible Collection. L\u2019\u00e9toile montante de la d\u00e9coration, Louise Liljencrantz, a trouv\u00e9 sa muse dans la collection Berb\u00e8re, inspir\u00e9e tout \u00e0 la fois par l\u2019art moderne et contemporain, ainsi que par [&hellip;]<\/p>\n","protected":false},"featured_media":5746322,"template":"","meta":{"_acf_changed":false,"content-type":"","_themeisle_gutenberg_block_has_review":false},"product_brand":[],"product_cat":[7517,12528],"product_tag":[31476,33319,35206],"product_designer":[8899,33299],"comfabric":[],"manufacturer":[16809],"reporting_designer":[37598],"samplecomfabric":[],"designer_clubroom":[],"class_list":{"0":"post-5746334","1":"product","2":"type-product","3":"status-publish","4":"has-post-thumbnail","6":"product_cat-deco-fr","7":"product_cat-boites","8":"product_tag-st-collectible-fr","9":"product_tag-edition-limitee","10":"product_tag-exclusive-fr","11":"product_designer-veermakers-par-louise-liljencrantz-fr","12":"product_designer-repossi-fr","13":"manufacturer-veermakers-ab-fr","14":"reporting_designer-repossi","16":"first","17":"instock","18":"taxable","19":"shipping-taxable","20":"purchasable","21":"product-type-simple"},"acf":[],"_links":{"self":[{"href":"https:\/\/theinvisiblecollection.com\/fr\/wp-json\/wp\/v2\/product\/5746334","targetHints":{"allow":["GET"]}}],"collection":[{"href":"https:\/\/theinvisiblecollection.com\/fr\/wp-json\/wp\/v2\/product"}],"about":[{"href":"https:\/\/theinvisiblecollection.com\/fr\/wp-json\/wp\/v2\/types\/product"}],"wp:featuredmedia":[{"embeddable":true,"href":"https:\/\/theinvisiblecollection.com\/fr\/wp-json\/wp\/v2\/media\/5746322"}],"wp:attachment":[{"href":"https:\/\/theinvisiblecollection.com\/fr\/wp-json\/wp\/v2\/media?parent=5746334"}],"wp:term":[{"taxonomy":"product_brand","embeddable":true,"href":"https:\/\/theinvisiblecollection.com\/fr\/wp-json\/wp\/v2\/product_brand?post=5746334"},{"taxonomy":"product_cat","embeddable":true,"href":"https:\/\/theinvisiblecollection.com\/fr\/wp-json\/wp\/v2\/product_cat?post=5746334"},{"taxonomy":"product_tag","embeddable":true,"href":"https:\/\/theinvisiblecollection.com\/fr\/wp-json\/wp\/v2\/product_tag?post=5746334"},{"taxonomy":"product_designer","embeddable":true,"href":"https:\/\/theinvisiblecollection.com\/fr\/wp-json\/wp\/v2\/product_designer?post=5746334"},{"taxonomy":"comfabric","embeddable":true,"href":"https:\/\/theinvisiblecollection.com\/fr\/wp-json\/wp\/v2\/comfabric?post=5746334"},{"taxonomy":"manufacturer","embeddable":true,"href":"https:\/\/theinvisiblecollection.com\/fr\/wp-json\/wp\/v2\/manufacturer?post=5746334"},{"taxonomy":"reporting_designer","embeddable":true,"href":"https:\/\/theinvisiblecollection.com\/fr\/wp-json\/wp\/v2\/reporting_designer?post=5746334"},{"taxonomy":"samplecomfabric","embeddable":true,"href":"https:\/\/theinvisiblecollection.com\/fr\/wp-json\/wp\/v2\/samplecomfabric?post=5746334"},{"taxonomy":"clubroom_product_designer","embeddable":true,"href":"https:\/\/theinvisiblecollection.com\/fr\/wp-json\/wp\/v2\/designer_clubroom?post=5746334"}],"curies":[{"name":"wp","href":"https:\/\/api.w.org\/{rel}","templated":true}]}}