{"id":5746371,"date":"2025-02-26T16:12:15","date_gmt":"2025-02-26T16:12:15","guid":{"rendered":"https:\/\/theinvisiblecollection.com\/?post_type=product&#038;p=5746371"},"modified":"2026-05-01T07:37:23","modified_gmt":"2026-05-01T07:37:23","slug":"repossi-x-charles-zana-lampe-antifer","status":"publish","type":"product","link":"https:\/\/theinvisiblecollection.com\/fr\/produit\/repossi-x-charles-zana-lampe-antifer\/","title":{"rendered":"Lampe Antifer"},"content":{"rendered":"<p style=\"text-align: justify;\">La lampe de table Antifer est issue de la capsule &#8220;Jewels for the Home&#8221;, inspir\u00e9e des pi\u00e8ces iconiques de Repossi, sp\u00e9cialement con\u00e7ue et produite par Invisible Collection avec Atelier Pierre Noire. L\u2019architecte fran\u00e7ais Charles Zana a tir\u00e9 son inspiration de la bague Antifer, c\u00e9l\u00e8bre pour sa remarquable interaction de lignes rondes et de pointes en un rythme asym\u00e9trique. Dans le pied de sa lampe de table Antifer en noyer bross\u00e9 viennent jouer des disques finement cannel\u00e9s, empil\u00e9s selon le m\u00eame motif rythmique que la bague. Un \u00e9l\u00e9gant abat-jour en papier aquarelle ajoute gr\u00e2ce et l\u00e9g\u00e8ret\u00e9 \u00e0 l\u2019objet.<\/p>\n","protected":false},"excerpt":{"rendered":"<p>La lampe de table Antifer est issue de la capsule &#8220;Jewels for the Home&#8221;, inspir\u00e9e des pi\u00e8ces iconiques de Repossi, sp\u00e9cialement con\u00e7ue et produite par Invisible Collection avec Atelier Pierre Noire. L\u2019architecte fran\u00e7ais Charles Zana a tir\u00e9 son inspiration de la bague Antifer, c\u00e9l\u00e8bre pour sa remarquable interaction de lignes rondes et de pointes en [&hellip;]<\/p>\n","protected":false},"featured_media":5746362,"template":"","meta":{"_acf_changed":false,"content-type":"","_themeisle_gutenberg_block_has_review":false},"product_brand":[],"product_cat":[8974,12507],"product_tag":[14925,31476,31477,33319,35206],"product_designer":[8871,33299],"comfabric":[],"manufacturer":[33293],"reporting_designer":[37682],"samplecomfabric":[],"designer_clubroom":[],"class_list":{"0":"post-5746371","1":"product","2":"type-product","3":"status-publish","4":"has-post-thumbnail","6":"product_cat-lampes-de-table","7":"product_cat-luminaires","8":"product_tag-hpfav-fr","9":"product_tag-st-collectible-fr","10":"product_tag-st-curvy-fr","11":"product_tag-edition-limitee","12":"product_tag-exclusive-fr","13":"product_designer-charles-zana-fr","14":"product_designer-repossi-fr","15":"manufacturer-pierre-noire-fr","16":"reporting_designer-charles-zana","17":"exhibitions-paris-fr","19":"first","20":"instock","21":"taxable","22":"shipping-taxable","23":"purchasable","24":"product-type-simple"},"acf":[],"_links":{"self":[{"href":"https:\/\/theinvisiblecollection.com\/fr\/wp-json\/wp\/v2\/product\/5746371","targetHints":{"allow":["GET"]}}],"collection":[{"href":"https:\/\/theinvisiblecollection.com\/fr\/wp-json\/wp\/v2\/product"}],"about":[{"href":"https:\/\/theinvisiblecollection.com\/fr\/wp-json\/wp\/v2\/types\/product"}],"wp:featuredmedia":[{"embeddable":true,"href":"https:\/\/theinvisiblecollection.com\/fr\/wp-json\/wp\/v2\/media\/5746362"}],"wp:attachment":[{"href":"https:\/\/theinvisiblecollection.com\/fr\/wp-json\/wp\/v2\/media?parent=5746371"}],"wp:term":[{"taxonomy":"product_brand","embeddable":true,"href":"https:\/\/theinvisiblecollection.com\/fr\/wp-json\/wp\/v2\/product_brand?post=5746371"},{"taxonomy":"product_cat","embeddable":true,"href":"https:\/\/theinvisiblecollection.com\/fr\/wp-json\/wp\/v2\/product_cat?post=5746371"},{"taxonomy":"product_tag","embeddable":true,"href":"https:\/\/theinvisiblecollection.com\/fr\/wp-json\/wp\/v2\/product_tag?post=5746371"},{"taxonomy":"product_designer","embeddable":true,"href":"https:\/\/theinvisiblecollection.com\/fr\/wp-json\/wp\/v2\/product_designer?post=5746371"},{"taxonomy":"comfabric","embeddable":true,"href":"https:\/\/theinvisiblecollection.com\/fr\/wp-json\/wp\/v2\/comfabric?post=5746371"},{"taxonomy":"manufacturer","embeddable":true,"href":"https:\/\/theinvisiblecollection.com\/fr\/wp-json\/wp\/v2\/manufacturer?post=5746371"},{"taxonomy":"reporting_designer","embeddable":true,"href":"https:\/\/theinvisiblecollection.com\/fr\/wp-json\/wp\/v2\/reporting_designer?post=5746371"},{"taxonomy":"samplecomfabric","embeddable":true,"href":"https:\/\/theinvisiblecollection.com\/fr\/wp-json\/wp\/v2\/samplecomfabric?post=5746371"},{"taxonomy":"clubroom_product_designer","embeddable":true,"href":"https:\/\/theinvisiblecollection.com\/fr\/wp-json\/wp\/v2\/designer_clubroom?post=5746371"}],"curies":[{"name":"wp","href":"https:\/\/api.w.org\/{rel}","templated":true}]}}