{"id":5748795,"date":"2025-02-14T13:18:59","date_gmt":"2025-02-14T13:18:59","guid":{"rendered":"https:\/\/theinvisiblecollection.com\/?post_type=product&#038;p=5748795"},"modified":"2026-05-01T07:37:23","modified_gmt":"2026-05-01T07:37:23","slug":"emmanuelle-simon-enfilade-jonathan","status":"publish","type":"product","link":"https:\/\/theinvisiblecollection.com\/fr\/produit\/emmanuelle-simon-enfilade-jonathan\/","title":{"rendered":"Enfilade Jonathan"},"content":{"rendered":"<p>La collection Jonathan m\u00eale fonctionnalit\u00e9 et esth\u00e9tisme. Le syst\u00e8me modulable et personnalisable de la biblioth\u00e8que assure une libert\u00e9 de composition et une l\u00e9g\u00e8ret\u00e9 dans l\u2019espace. L\u2019assemblage de mat\u00e9riaux nobles tels que le Raku, le bois Assamela patine\u0301 et le m\u00e9tal noir lui donne une dimension \u00e0 la fois fonctionnelle et extr\u00eamement raffin\u00e9e.<\/p>\n","protected":false},"excerpt":{"rendered":"<p>La collection Jonathan m\u00eale fonctionnalit\u00e9 et esth\u00e9tisme. Le syst\u00e8me modulable et personnalisable de la biblioth\u00e8que assure une libert\u00e9 de composition et une l\u00e9g\u00e8ret\u00e9 dans l\u2019espace. L\u2019assemblage de mat\u00e9riaux nobles tels que le Raku, le bois Assamela patine\u0301 et le m\u00e9tal noir lui donne une dimension \u00e0 la fois fonctionnelle et extr\u00eamement raffin\u00e9e.<\/p>\n","protected":false},"featured_media":5751274,"template":"","meta":{"_acf_changed":false,"content-type":"","_themeisle_gutenberg_block_has_review":false},"product_brand":[],"product_cat":[8957,12505],"product_tag":[],"product_designer":[8897],"comfabric":[],"manufacturer":[28580],"reporting_designer":[37272],"samplecomfabric":[],"designer_clubroom":[],"class_list":{"0":"post-5748795","1":"product","2":"type-product","3":"status-publish","4":"has-post-thumbnail","6":"product_cat-commodes","7":"product_cat-rangements","8":"product_designer-emmanuelle-simon-fr","9":"manufacturer-laval-pick-up-emmanuelle-simon-fr","10":"reporting_designer-emmanuelle-simon","12":"first","13":"instock","14":"taxable","15":"shipping-taxable","16":"purchasable","17":"product-type-simple"},"acf":[],"_links":{"self":[{"href":"https:\/\/theinvisiblecollection.com\/fr\/wp-json\/wp\/v2\/product\/5748795","targetHints":{"allow":["GET"]}}],"collection":[{"href":"https:\/\/theinvisiblecollection.com\/fr\/wp-json\/wp\/v2\/product"}],"about":[{"href":"https:\/\/theinvisiblecollection.com\/fr\/wp-json\/wp\/v2\/types\/product"}],"wp:featuredmedia":[{"embeddable":true,"href":"https:\/\/theinvisiblecollection.com\/fr\/wp-json\/wp\/v2\/media\/5751274"}],"wp:attachment":[{"href":"https:\/\/theinvisiblecollection.com\/fr\/wp-json\/wp\/v2\/media?parent=5748795"}],"wp:term":[{"taxonomy":"product_brand","embeddable":true,"href":"https:\/\/theinvisiblecollection.com\/fr\/wp-json\/wp\/v2\/product_brand?post=5748795"},{"taxonomy":"product_cat","embeddable":true,"href":"https:\/\/theinvisiblecollection.com\/fr\/wp-json\/wp\/v2\/product_cat?post=5748795"},{"taxonomy":"product_tag","embeddable":true,"href":"https:\/\/theinvisiblecollection.com\/fr\/wp-json\/wp\/v2\/product_tag?post=5748795"},{"taxonomy":"product_designer","embeddable":true,"href":"https:\/\/theinvisiblecollection.com\/fr\/wp-json\/wp\/v2\/product_designer?post=5748795"},{"taxonomy":"comfabric","embeddable":true,"href":"https:\/\/theinvisiblecollection.com\/fr\/wp-json\/wp\/v2\/comfabric?post=5748795"},{"taxonomy":"manufacturer","embeddable":true,"href":"https:\/\/theinvisiblecollection.com\/fr\/wp-json\/wp\/v2\/manufacturer?post=5748795"},{"taxonomy":"reporting_designer","embeddable":true,"href":"https:\/\/theinvisiblecollection.com\/fr\/wp-json\/wp\/v2\/reporting_designer?post=5748795"},{"taxonomy":"samplecomfabric","embeddable":true,"href":"https:\/\/theinvisiblecollection.com\/fr\/wp-json\/wp\/v2\/samplecomfabric?post=5748795"},{"taxonomy":"clubroom_product_designer","embeddable":true,"href":"https:\/\/theinvisiblecollection.com\/fr\/wp-json\/wp\/v2\/designer_clubroom?post=5748795"}],"curies":[{"name":"wp","href":"https:\/\/api.w.org\/{rel}","templated":true}]}}