{"id":5758604,"date":"2025-02-26T10:34:20","date_gmt":"2025-02-26T10:34:20","guid":{"rendered":"https:\/\/theinvisiblecollection.com\/?post_type=product&#038;p=5758604"},"modified":"2026-05-01T07:37:21","modified_gmt":"2026-05-01T07:37:21","slug":"charlotte-biltgen-canape-ecume","status":"publish","type":"product","link":"https:\/\/theinvisiblecollection.com\/fr\/produit\/charlotte-biltgen-canape-ecume\/","title":{"rendered":"Canap\u00e9 Ecume"},"content":{"rendered":"<p style=\"text-align: justify;\">La collection \u00c9cume de Charlotte Biltgen tire son nom du mot <em data-start=\"89\" data-end=\"96\">\u00e9cume<\/em>, cette trace po\u00e9tique et \u00e9ph\u00e9m\u00e8re laiss\u00e9e par le mouvement de la mer. Cette sensation de douceur, d\u2019impermanence et de gr\u00e2ce naturelle se retrouve dans toute la collection, o\u00f9 les formes semblent flotter, onduler et se d\u00e9poser telles des vagues sur un rivage paisible. Chaque pi\u00e8ce incarne un subtil \u00e9quilibre entre ancrage et l\u00e9g\u00e8ret\u00e9, confort et \u00e9l\u00e9gance. D\u00e9finie par des lignes souples et sinueuses, des silhouettes fluides, la collection \u00e9voque \u00e0 la fois l\u2019insouciance de l\u2019enfance et le raffinement discret d\u2019un design intemporel. Des courbes a\u00e9riennes de la banquette \u00c9cume, qui semblent flotter avec aisance, au canap\u00e9 \u00c9cume, v\u00e9ritable refuge de calme et d\u2019introspection, chaque forme invite \u00e0 une pause, un instant de r\u00e9flexion. Le fauteuil \u00c9cume, avec sa pr\u00e9sence rassurante en ch\u00eane massif et ses contours d\u00e9licatement dessin\u00e9s dans la mousse, incarne l\u2019harmonie entre structure et douceur, tel un coquillage en \u00e9quilibre sur le rivage. \u00c0 ses c\u00f4t\u00e9s, la banquette\u00a0\u00c9cume d\u00e9ploie ses lignes voluptueuses et son confort enveloppant, offrant un sanctuaire de s\u00e9r\u00e9nit\u00e9, propice \u00e0 la lecture, au repos ou \u00e0 la simple contemplation. Ensemble, les pi\u00e8ces de la collection \u00c9cume composent un ensemble lyrique, des expressions artisanales du calme et de la beaut\u00e9 tactile, o\u00f9 le savoir-faire raffin\u00e9 rencontre la gr\u00e2ce fluide du quotidien.<\/p>\n","protected":false},"excerpt":{"rendered":"<p>La collection \u00c9cume de Charlotte Biltgen tire son nom du mot \u00e9cume, cette trace po\u00e9tique et \u00e9ph\u00e9m\u00e8re laiss\u00e9e par le mouvement de la mer. Cette sensation de douceur, d\u2019impermanence et de gr\u00e2ce naturelle se retrouve dans toute la collection, o\u00f9 les formes semblent flotter, onduler et se d\u00e9poser telles des vagues sur un rivage paisible. [&hellip;]<\/p>\n","protected":false},"featured_media":5758554,"template":"","meta":{"_acf_changed":false,"content-type":"","_themeisle_gutenberg_block_has_review":false},"product_brand":[],"product_cat":[8976,12499],"product_tag":[31477,8942,8944,10481,22790],"product_designer":[8923],"comfabric":[29352],"manufacturer":[20337],"reporting_designer":[37452],"samplecomfabric":[30114],"designer_clubroom":[],"class_list":{"0":"post-5758604","1":"product","2":"type-product","3":"status-publish","4":"has-post-thumbnail","6":"product_cat-canapes","7":"product_cat-assises","8":"product_tag-st-curvy-fr","9":"product_tag-assise","10":"product_tag-canape","11":"product_tag-charlotte-biltgen-fr","12":"product_tag-disponible-immediatement","13":"pa_size-moyenne-l-70-x-l-82-x-h-41-cm","14":"pa_size-petit","15":"product_designer-charlotte-biltgen-fr","16":"comfabric-aura-fr","17":"manufacturer-roissy-emballage-c-o-consulttransport-fr","18":"reporting_designer-charlotte-biltgen","19":"samplecomfabric-charlotte-biltgen-fr","21":"first","22":"instock","23":"taxable","24":"shipping-taxable","25":"purchasable","26":"product-type-variable"},"acf":[],"_links":{"self":[{"href":"https:\/\/theinvisiblecollection.com\/fr\/wp-json\/wp\/v2\/product\/5758604","targetHints":{"allow":["GET"]}}],"collection":[{"href":"https:\/\/theinvisiblecollection.com\/fr\/wp-json\/wp\/v2\/product"}],"about":[{"href":"https:\/\/theinvisiblecollection.com\/fr\/wp-json\/wp\/v2\/types\/product"}],"wp:featuredmedia":[{"embeddable":true,"href":"https:\/\/theinvisiblecollection.com\/fr\/wp-json\/wp\/v2\/media\/5758554"}],"wp:attachment":[{"href":"https:\/\/theinvisiblecollection.com\/fr\/wp-json\/wp\/v2\/media?parent=5758604"}],"wp:term":[{"taxonomy":"product_brand","embeddable":true,"href":"https:\/\/theinvisiblecollection.com\/fr\/wp-json\/wp\/v2\/product_brand?post=5758604"},{"taxonomy":"product_cat","embeddable":true,"href":"https:\/\/theinvisiblecollection.com\/fr\/wp-json\/wp\/v2\/product_cat?post=5758604"},{"taxonomy":"product_tag","embeddable":true,"href":"https:\/\/theinvisiblecollection.com\/fr\/wp-json\/wp\/v2\/product_tag?post=5758604"},{"taxonomy":"product_designer","embeddable":true,"href":"https:\/\/theinvisiblecollection.com\/fr\/wp-json\/wp\/v2\/product_designer?post=5758604"},{"taxonomy":"comfabric","embeddable":true,"href":"https:\/\/theinvisiblecollection.com\/fr\/wp-json\/wp\/v2\/comfabric?post=5758604"},{"taxonomy":"manufacturer","embeddable":true,"href":"https:\/\/theinvisiblecollection.com\/fr\/wp-json\/wp\/v2\/manufacturer?post=5758604"},{"taxonomy":"reporting_designer","embeddable":true,"href":"https:\/\/theinvisiblecollection.com\/fr\/wp-json\/wp\/v2\/reporting_designer?post=5758604"},{"taxonomy":"samplecomfabric","embeddable":true,"href":"https:\/\/theinvisiblecollection.com\/fr\/wp-json\/wp\/v2\/samplecomfabric?post=5758604"},{"taxonomy":"clubroom_product_designer","embeddable":true,"href":"https:\/\/theinvisiblecollection.com\/fr\/wp-json\/wp\/v2\/designer_clubroom?post=5758604"}],"curies":[{"name":"wp","href":"https:\/\/api.w.org\/{rel}","templated":true}]}}