{"id":5760325,"date":"2025-03-10T11:03:29","date_gmt":"2025-03-10T11:03:29","guid":{"rendered":"https:\/\/theinvisiblecollection.com\/?post_type=product&#038;p=5760325"},"modified":"2026-05-01T07:37:21","modified_gmt":"2026-05-01T07:37:21","slug":"louise-liljencrantz-commode-chop","status":"publish","type":"product","link":"https:\/\/theinvisiblecollection.com\/fr\/produit\/louise-liljencrantz-commode-chop\/","title":{"rendered":"Commode Chop"},"content":{"rendered":"<p style=\"text-align: justify;\">La commode Chop est faite main et allie lignes nettes, courbes imposantes et subtiles influences japonaises. Elle repose sur une base en bois massif pour assurer sa stabilit\u00e9, surmont\u00e9e d&#8217;\u00e9pais placages en acajou, ch\u00eane ou noyer, avec des ferrures en acier bruni massif. Son int\u00e9rieur en \u00e9rable sycomore comprend des \u00e9tag\u00e8res r\u00e9glables, pouvant \u00eatre compl\u00e9t\u00e9es par des tiroirs pour offrir davantage de solutions de rangement. La commode Chop est surmont\u00e9e de cuir noir ou cognac, avec des finitions en surpiq\u00fbre sur les bords.<\/p>\n","protected":false},"excerpt":{"rendered":"<p>La commode Chop est faite main et allie lignes nettes, courbes imposantes et subtiles influences japonaises. Elle repose sur une base en bois massif pour assurer sa stabilit\u00e9, surmont\u00e9e d&#8217;\u00e9pais placages en acajou, ch\u00eane ou noyer, avec des ferrures en acier bruni massif. Son int\u00e9rieur en \u00e9rable sycomore comprend des \u00e9tag\u00e8res r\u00e9glables, pouvant \u00eatre compl\u00e9t\u00e9es [&hellip;]<\/p>\n","protected":false},"featured_media":5760306,"template":"","meta":{"_acf_changed":false,"content-type":"","_themeisle_gutenberg_block_has_review":false},"product_brand":[],"product_cat":[8957,12505],"product_tag":[],"product_designer":[8899],"comfabric":[],"manufacturer":[19801],"reporting_designer":[],"samplecomfabric":[],"designer_clubroom":[],"class_list":{"0":"post-5760325","1":"product","2":"type-product","3":"status-publish","4":"has-post-thumbnail","6":"product_cat-commodes","7":"product_cat-rangements","8":"pa_leather-cuir-noir-fr","9":"pa_leather-cuir-cognac","10":"pa_wood-acajou-naturel","11":"pa_wood-chene-fr","12":"pa_wood-noyer","13":"product_designer-veermakers-par-louise-liljencrantz-fr","14":"manufacturer-spedman-global-logistics-ab-fr","16":"first","17":"instock","18":"taxable","19":"shipping-taxable","20":"purchasable","21":"product-type-variable"},"acf":[],"_links":{"self":[{"href":"https:\/\/theinvisiblecollection.com\/fr\/wp-json\/wp\/v2\/product\/5760325","targetHints":{"allow":["GET"]}}],"collection":[{"href":"https:\/\/theinvisiblecollection.com\/fr\/wp-json\/wp\/v2\/product"}],"about":[{"href":"https:\/\/theinvisiblecollection.com\/fr\/wp-json\/wp\/v2\/types\/product"}],"wp:featuredmedia":[{"embeddable":true,"href":"https:\/\/theinvisiblecollection.com\/fr\/wp-json\/wp\/v2\/media\/5760306"}],"wp:attachment":[{"href":"https:\/\/theinvisiblecollection.com\/fr\/wp-json\/wp\/v2\/media?parent=5760325"}],"wp:term":[{"taxonomy":"product_brand","embeddable":true,"href":"https:\/\/theinvisiblecollection.com\/fr\/wp-json\/wp\/v2\/product_brand?post=5760325"},{"taxonomy":"product_cat","embeddable":true,"href":"https:\/\/theinvisiblecollection.com\/fr\/wp-json\/wp\/v2\/product_cat?post=5760325"},{"taxonomy":"product_tag","embeddable":true,"href":"https:\/\/theinvisiblecollection.com\/fr\/wp-json\/wp\/v2\/product_tag?post=5760325"},{"taxonomy":"product_designer","embeddable":true,"href":"https:\/\/theinvisiblecollection.com\/fr\/wp-json\/wp\/v2\/product_designer?post=5760325"},{"taxonomy":"comfabric","embeddable":true,"href":"https:\/\/theinvisiblecollection.com\/fr\/wp-json\/wp\/v2\/comfabric?post=5760325"},{"taxonomy":"manufacturer","embeddable":true,"href":"https:\/\/theinvisiblecollection.com\/fr\/wp-json\/wp\/v2\/manufacturer?post=5760325"},{"taxonomy":"reporting_designer","embeddable":true,"href":"https:\/\/theinvisiblecollection.com\/fr\/wp-json\/wp\/v2\/reporting_designer?post=5760325"},{"taxonomy":"samplecomfabric","embeddable":true,"href":"https:\/\/theinvisiblecollection.com\/fr\/wp-json\/wp\/v2\/samplecomfabric?post=5760325"},{"taxonomy":"clubroom_product_designer","embeddable":true,"href":"https:\/\/theinvisiblecollection.com\/fr\/wp-json\/wp\/v2\/designer_clubroom?post=5760325"}],"curies":[{"name":"wp","href":"https:\/\/api.w.org\/{rel}","templated":true}]}}