{"id":5775793,"date":"2025-03-05T14:15:41","date_gmt":"2025-03-05T14:15:41","guid":{"rendered":"https:\/\/theinvisiblecollection.com\/?post_type=product&#038;p=5775793"},"modified":"2026-05-01T07:37:21","modified_gmt":"2026-05-01T07:37:21","slug":"dorothee-delaye-table-basse-levant-quartzite","status":"publish","type":"product","link":"https:\/\/theinvisiblecollection.com\/fr\/produit\/dorothee-delaye-table-basse-levant-quartzite\/","title":{"rendered":"Table Basse Levant Quartzite"},"content":{"rendered":"<p style=\"text-align: justify;\"><span class=\"TextRun SCXW232326850 BCX0\" lang=\"FR-FR\" xml:lang=\"FR-FR\" data-contrast=\"auto\"><span class=\"NormalTextRun SCXW232326850 BCX0\">\u0152uvre solaire, la Table Levant exprime l\u2019attachement de Doroth\u00e9e <\/span><span class=\"NormalTextRun SpellingErrorV2Themed SCXW232326850 BCX0\">Delaye<\/span><span class=\"NormalTextRun SCXW232326850 BCX0\"> \u00e0 l\u2019artisanat d\u2019art. Une pi\u00e8ce de marqueterie taill\u00e9e dans le beau ch\u00eane comme un totem, aux quatre pieds sculpt\u00e9s de vagues. <\/span><\/span><span class=\"LineBreakBlob BlobObject DragDrop SCXW232326850 BCX0\"><span class=\"SCXW232326850 BCX0\">\u00a0<\/span><br class=\"SCXW232326850 BCX0\" \/><\/span><span class=\"TextRun SCXW232326850 BCX0\" lang=\"FR-FR\" xml:lang=\"FR-FR\" data-contrast=\"auto\"><span class=\"NormalTextRun SCXW232326850 BCX0\">Orn\u00e9 d\u2019une onde centrale, le plateau marque la rencontre entre l\u2019\u00e9l\u00e9gance et la noblesse du bois et l\u2019esprit vivant de la c\u00e9ramique. Un choc des mati\u00e8res n\u00e9 de la collaboration avec l\u2019artisan c\u00e9ramiste marseillaise Diane <\/span><span class=\"NormalTextRun SpellingErrorV2Themed SCXW232326850 BCX0\">Fekete<\/span><span class=\"NormalTextRun SCXW232326850 BCX0\"> dont le travail surprend par sa puissance \u00e9vocatrice. Abyssale, sa premi\u00e8re version en quartzite <\/span><span class=\"NormalTextRun SpellingErrorV2Themed SCXW232326850 BCX0\">Jadore<\/span><span class=\"NormalTextRun SCXW232326850 BCX0\"> plonge dans les fonds marins bleu-vert. Po\u00e9tique et hypnotique, une d\u00e9clinaison en c\u00e9ramique \u00e9maill\u00e9e rappelle la roche du corail ou la lave en \u00e9bullition.\u00a0<\/span><\/span><span class=\"EOP SCXW232326850 BCX0\" data-ccp-props=\"{}\">\u00a0<\/span><\/p>\n","protected":false},"excerpt":{"rendered":"<p>\u0152uvre solaire, la Table Levant exprime l\u2019attachement de Doroth\u00e9e Delaye \u00e0 l\u2019artisanat d\u2019art. Une pi\u00e8ce de marqueterie taill\u00e9e dans le beau ch\u00eane comme un totem, aux quatre pieds sculpt\u00e9s de vagues. \u00a0Orn\u00e9 d\u2019une onde centrale, le plateau marque la rencontre entre l\u2019\u00e9l\u00e9gance et la noblesse du bois et l\u2019esprit vivant de la c\u00e9ramique. Un choc [&hellip;]<\/p>\n","protected":false},"featured_media":5825873,"template":"","meta":{"_acf_changed":false,"content-type":"","_themeisle_gutenberg_block_has_review":false},"product_brand":[],"product_cat":[7509,12503],"product_tag":[],"product_designer":[33689],"comfabric":[],"manufacturer":[33699],"reporting_designer":[37655],"samplecomfabric":[],"designer_clubroom":[],"class_list":{"0":"post-5775793","1":"product","2":"type-product","3":"status-publish","4":"has-post-thumbnail","6":"product_cat-tables-basses-dappoint","7":"product_cat-tables-fr","8":"product_designer-dorothe-delaye-fr","9":"manufacturer-dorothe-delaye-pick-up-cadeiras-fr","10":"reporting_designer-dorothee-delaye","12":"first","13":"onbackorder","14":"taxable","15":"shipping-taxable","16":"purchasable","17":"product-type-simple"},"acf":[],"_links":{"self":[{"href":"https:\/\/theinvisiblecollection.com\/fr\/wp-json\/wp\/v2\/product\/5775793","targetHints":{"allow":["GET"]}}],"collection":[{"href":"https:\/\/theinvisiblecollection.com\/fr\/wp-json\/wp\/v2\/product"}],"about":[{"href":"https:\/\/theinvisiblecollection.com\/fr\/wp-json\/wp\/v2\/types\/product"}],"wp:featuredmedia":[{"embeddable":true,"href":"https:\/\/theinvisiblecollection.com\/fr\/wp-json\/wp\/v2\/media\/5825873"}],"wp:attachment":[{"href":"https:\/\/theinvisiblecollection.com\/fr\/wp-json\/wp\/v2\/media?parent=5775793"}],"wp:term":[{"taxonomy":"product_brand","embeddable":true,"href":"https:\/\/theinvisiblecollection.com\/fr\/wp-json\/wp\/v2\/product_brand?post=5775793"},{"taxonomy":"product_cat","embeddable":true,"href":"https:\/\/theinvisiblecollection.com\/fr\/wp-json\/wp\/v2\/product_cat?post=5775793"},{"taxonomy":"product_tag","embeddable":true,"href":"https:\/\/theinvisiblecollection.com\/fr\/wp-json\/wp\/v2\/product_tag?post=5775793"},{"taxonomy":"product_designer","embeddable":true,"href":"https:\/\/theinvisiblecollection.com\/fr\/wp-json\/wp\/v2\/product_designer?post=5775793"},{"taxonomy":"comfabric","embeddable":true,"href":"https:\/\/theinvisiblecollection.com\/fr\/wp-json\/wp\/v2\/comfabric?post=5775793"},{"taxonomy":"manufacturer","embeddable":true,"href":"https:\/\/theinvisiblecollection.com\/fr\/wp-json\/wp\/v2\/manufacturer?post=5775793"},{"taxonomy":"reporting_designer","embeddable":true,"href":"https:\/\/theinvisiblecollection.com\/fr\/wp-json\/wp\/v2\/reporting_designer?post=5775793"},{"taxonomy":"samplecomfabric","embeddable":true,"href":"https:\/\/theinvisiblecollection.com\/fr\/wp-json\/wp\/v2\/samplecomfabric?post=5775793"},{"taxonomy":"clubroom_product_designer","embeddable":true,"href":"https:\/\/theinvisiblecollection.com\/fr\/wp-json\/wp\/v2\/designer_clubroom?post=5775793"}],"curies":[{"name":"wp","href":"https:\/\/api.w.org\/{rel}","templated":true}]}}