{"id":5776403,"date":"2025-03-12T14:42:18","date_gmt":"2025-03-12T14:42:18","guid":{"rendered":"https:\/\/theinvisiblecollection.com\/?post_type=product&#038;p=5776403"},"modified":"2026-05-01T07:37:21","modified_gmt":"2026-05-01T07:37:21","slug":"dorothee-delaye-chaise-bise","status":"publish","type":"product","link":"https:\/\/theinvisiblecollection.com\/fr\/produit\/dorothee-delaye-chaise-bise\/","title":{"rendered":"Chaise Bise"},"content":{"rendered":"<p style=\"text-align: justify;\"><span class=\"TextRun SCXW220278510 BCX0\" lang=\"FR-FR\" xml:lang=\"FR-FR\" data-contrast=\"auto\"><span class=\"NormalTextRun SCXW220278510 BCX0\">Les courants ondulants du vent soufflent sur sa silhouette. Un jeu de courbes o\u00f9 la structure \u00e9pouse naturellement le corps. Une ligne \u00e9pur\u00e9e qui apaise l\u2019esprit. L\u2019assise id\u00e9ale et le dossier en forme d\u2019osselet pour assurer du bon confort.\u00a0<\/span> <span class=\"NormalTextRun SCXW220278510 BCX0\">L\u2019\u00e2me voyageuse, la chaise Bise prend des airs de bord de mer dans sa version en bois d\u2019acajou, luxe et intemporelle. Des d\u00e9clinaisons en laques \u00e9crue et rose ajoutent une nouvelle modernit\u00e9.<\/span><\/span><span class=\"EOP SCXW220278510 BCX0\" data-ccp-props=\"{}\">\u00a0<\/span><\/p>\n","protected":false},"excerpt":{"rendered":"<p>Les courants ondulants du vent soufflent sur sa silhouette. Un jeu de courbes o\u00f9 la structure \u00e9pouse naturellement le corps. Une ligne \u00e9pur\u00e9e qui apaise l\u2019esprit. L\u2019assise id\u00e9ale et le dossier en forme d\u2019osselet pour assurer du bon confort.\u00a0 L\u2019\u00e2me voyageuse, la chaise Bise prend des airs de bord de mer dans sa version en [&hellip;]<\/p>\n","protected":false},"featured_media":5872633,"template":"","meta":{"_acf_changed":false,"content-type":"","_themeisle_gutenberg_block_has_review":false},"product_brand":[],"product_cat":[8945,8962,12499],"product_tag":[8942,9017,9444,22790,35206],"product_designer":[33689],"comfabric":[],"manufacturer":[33699],"reporting_designer":[37655],"samplecomfabric":[],"designer_clubroom":[],"class_list":{"0":"post-5776403","1":"product","2":"type-product","3":"status-publish","4":"has-post-thumbnail","6":"product_cat-fauteuils","7":"product_cat-chaises","8":"product_cat-assises","9":"product_tag-assise","10":"product_tag-chaise","11":"product_tag-laque-fr-2","12":"product_tag-disponible-immediatement","13":"product_tag-exclusive-fr","14":"product_designer-dorothe-delaye-fr","15":"manufacturer-dorothe-delaye-pick-up-cadeiras-fr","16":"reporting_designer-dorothee-delaye","17":"exhibitions-londres-fr","19":"first","20":"instock","21":"taxable","22":"shipping-taxable","23":"purchasable","24":"product-type-variable"},"acf":[],"_links":{"self":[{"href":"https:\/\/theinvisiblecollection.com\/fr\/wp-json\/wp\/v2\/product\/5776403","targetHints":{"allow":["GET"]}}],"collection":[{"href":"https:\/\/theinvisiblecollection.com\/fr\/wp-json\/wp\/v2\/product"}],"about":[{"href":"https:\/\/theinvisiblecollection.com\/fr\/wp-json\/wp\/v2\/types\/product"}],"wp:featuredmedia":[{"embeddable":true,"href":"https:\/\/theinvisiblecollection.com\/fr\/wp-json\/wp\/v2\/media\/5872633"}],"wp:attachment":[{"href":"https:\/\/theinvisiblecollection.com\/fr\/wp-json\/wp\/v2\/media?parent=5776403"}],"wp:term":[{"taxonomy":"product_brand","embeddable":true,"href":"https:\/\/theinvisiblecollection.com\/fr\/wp-json\/wp\/v2\/product_brand?post=5776403"},{"taxonomy":"product_cat","embeddable":true,"href":"https:\/\/theinvisiblecollection.com\/fr\/wp-json\/wp\/v2\/product_cat?post=5776403"},{"taxonomy":"product_tag","embeddable":true,"href":"https:\/\/theinvisiblecollection.com\/fr\/wp-json\/wp\/v2\/product_tag?post=5776403"},{"taxonomy":"product_designer","embeddable":true,"href":"https:\/\/theinvisiblecollection.com\/fr\/wp-json\/wp\/v2\/product_designer?post=5776403"},{"taxonomy":"comfabric","embeddable":true,"href":"https:\/\/theinvisiblecollection.com\/fr\/wp-json\/wp\/v2\/comfabric?post=5776403"},{"taxonomy":"manufacturer","embeddable":true,"href":"https:\/\/theinvisiblecollection.com\/fr\/wp-json\/wp\/v2\/manufacturer?post=5776403"},{"taxonomy":"reporting_designer","embeddable":true,"href":"https:\/\/theinvisiblecollection.com\/fr\/wp-json\/wp\/v2\/reporting_designer?post=5776403"},{"taxonomy":"samplecomfabric","embeddable":true,"href":"https:\/\/theinvisiblecollection.com\/fr\/wp-json\/wp\/v2\/samplecomfabric?post=5776403"},{"taxonomy":"clubroom_product_designer","embeddable":true,"href":"https:\/\/theinvisiblecollection.com\/fr\/wp-json\/wp\/v2\/designer_clubroom?post=5776403"}],"curies":[{"name":"wp","href":"https:\/\/api.w.org\/{rel}","templated":true}]}}