{"id":5780519,"date":"2025-03-12T14:54:06","date_gmt":"2025-03-12T14:54:06","guid":{"rendered":"https:\/\/theinvisiblecollection.com\/?post_type=product&#038;p=5780519"},"modified":"2026-05-01T07:37:21","modified_gmt":"2026-05-01T07:37:21","slug":"dorothee-delaye-fauteuil-zephyr","status":"publish","type":"product","link":"https:\/\/theinvisiblecollection.com\/fr\/produit\/dorothee-delaye-fauteuil-zephyr\/","title":{"rendered":"Fauteuil Z\u00e9phyr"},"content":{"rendered":"<p style=\"text-align: justify;\"><span class=\"TextRun SCXW23583152 BCX0\" lang=\"EN-GB\" xml:lang=\"EN-GB\" data-contrast=\"auto\"><span class=\"NormalTextRun SCXW23583152 BCX0\">Le fauteuil Z\u00e9phyr impose <\/span><span class=\"NormalTextRun SpellingErrorV2Themed SCXW23583152 BCX0\">une<\/span> <span class=\"NormalTextRun SpellingErrorV2Themed SCXW23583152 BCX0\">\u00e9l\u00e9gance<\/span> <span class=\"NormalTextRun SpellingErrorV2Themed SCXW23583152 BCX0\">intemporelle<\/span><span class=\"NormalTextRun SCXW23583152 BCX0\"> \u00e0 <\/span><span class=\"NormalTextRun SpellingErrorV2Themed SCXW23583152 BCX0\">l\u2019imaginaire<\/span><span class=\"NormalTextRun SCXW23583152 BCX0\"> seventies <\/span><span class=\"NormalTextRun SpellingErrorV2Themed SCXW23583152 BCX0\">assum\u00e9<\/span><span class=\"NormalTextRun SCXW23583152 BCX0\">. <\/span><span class=\"NormalTextRun SpellingErrorV2Themed SCXW23583152 BCX0\">L\u2019assise<\/span><span class=\"NormalTextRun SCXW23583152 BCX0\"> profonde et <\/span><span class=\"NormalTextRun SpellingErrorV2Themed SCXW23583152 BCX0\">g\u00e9n\u00e9reuse<\/span><span class=\"NormalTextRun SCXW23583152 BCX0\">, un large dossier aux multiples <\/span><span class=\"NormalTextRun SpellingErrorV2Themed SCXW23583152 BCX0\">empi\u00e8cements<\/span><span class=\"NormalTextRun SCXW23583152 BCX0\">, des <\/span><span class=\"NormalTextRun SpellingErrorV2Themed SCXW23583152 BCX0\">lignes<\/span> <span class=\"NormalTextRun SpellingErrorV2Themed SCXW23583152 BCX0\">enveloppantes<\/span><span class=\"NormalTextRun SCXW23583152 BCX0\">, le <\/span><span class=\"NormalTextRun SpellingErrorV2Themed SCXW23583152 BCX0\">mouvement<\/span> <span class=\"NormalTextRun SpellingErrorV2Themed SCXW23583152 BCX0\">d\u2019une<\/span><span class=\"NormalTextRun SCXW23583152 BCX0\"> vague sur les <\/span><span class=\"NormalTextRun SpellingErrorV2Themed SCXW23583152 BCX0\">accoudoirs<\/span><span class=\"NormalTextRun SCXW23583152 BCX0\">, <\/span><span class=\"NormalTextRun SpellingErrorV2Themed SCXW23583152 BCX0\">chaque<\/span> <span class=\"NormalTextRun SpellingErrorV2Themed SCXW23583152 BCX0\">\u00e9l\u00e9ment<\/span><span class=\"NormalTextRun SCXW23583152 BCX0\"> du dessin <\/span><span class=\"NormalTextRun SpellingErrorV2Themed SCXW23583152 BCX0\">s\u2019int\u00e9resse<\/span><span class=\"NormalTextRun SCXW23583152 BCX0\"> au <\/span><span class=\"NormalTextRun SpellingErrorV2Themed SCXW23583152 BCX0\">confort<\/span><span class=\"NormalTextRun SCXW23583152 BCX0\">.<\/span><\/span><span class=\"EOP SCXW23583152 BCX0\" data-ccp-props=\"{}\">\u00a0<\/span><\/p>\n","protected":false},"excerpt":{"rendered":"<p>Le fauteuil Z\u00e9phyr impose une \u00e9l\u00e9gance intemporelle \u00e0 l\u2019imaginaire seventies assum\u00e9. L\u2019assise profonde et g\u00e9n\u00e9reuse, un large dossier aux multiples empi\u00e8cements, des lignes enveloppantes, le mouvement d\u2019une vague sur les accoudoirs, chaque \u00e9l\u00e9ment du dessin s\u2019int\u00e9resse au confort.\u00a0<\/p>\n","protected":false},"featured_media":5869640,"template":"","meta":{"_acf_changed":false,"content-type":"","_themeisle_gutenberg_block_has_review":false},"product_brand":[],"product_cat":[8945,12499],"product_tag":[22790,35206],"product_designer":[33689],"comfabric":[],"manufacturer":[33699],"reporting_designer":[37655],"samplecomfabric":[],"designer_clubroom":[],"class_list":{"0":"post-5780519","1":"product","2":"type-product","3":"status-publish","4":"has-post-thumbnail","6":"product_cat-fauteuils","7":"product_cat-assises","8":"product_tag-disponible-immediatement","9":"product_tag-exclusive-fr","10":"product_designer-dorothe-delaye-fr","11":"manufacturer-dorothe-delaye-pick-up-cadeiras-fr","12":"reporting_designer-dorothee-delaye","13":"exhibitions-londres-fr","15":"first","16":"instock","17":"taxable","18":"shipping-taxable","19":"purchasable","20":"product-type-variable"},"acf":[],"_links":{"self":[{"href":"https:\/\/theinvisiblecollection.com\/fr\/wp-json\/wp\/v2\/product\/5780519","targetHints":{"allow":["GET"]}}],"collection":[{"href":"https:\/\/theinvisiblecollection.com\/fr\/wp-json\/wp\/v2\/product"}],"about":[{"href":"https:\/\/theinvisiblecollection.com\/fr\/wp-json\/wp\/v2\/types\/product"}],"wp:featuredmedia":[{"embeddable":true,"href":"https:\/\/theinvisiblecollection.com\/fr\/wp-json\/wp\/v2\/media\/5869640"}],"wp:attachment":[{"href":"https:\/\/theinvisiblecollection.com\/fr\/wp-json\/wp\/v2\/media?parent=5780519"}],"wp:term":[{"taxonomy":"product_brand","embeddable":true,"href":"https:\/\/theinvisiblecollection.com\/fr\/wp-json\/wp\/v2\/product_brand?post=5780519"},{"taxonomy":"product_cat","embeddable":true,"href":"https:\/\/theinvisiblecollection.com\/fr\/wp-json\/wp\/v2\/product_cat?post=5780519"},{"taxonomy":"product_tag","embeddable":true,"href":"https:\/\/theinvisiblecollection.com\/fr\/wp-json\/wp\/v2\/product_tag?post=5780519"},{"taxonomy":"product_designer","embeddable":true,"href":"https:\/\/theinvisiblecollection.com\/fr\/wp-json\/wp\/v2\/product_designer?post=5780519"},{"taxonomy":"comfabric","embeddable":true,"href":"https:\/\/theinvisiblecollection.com\/fr\/wp-json\/wp\/v2\/comfabric?post=5780519"},{"taxonomy":"manufacturer","embeddable":true,"href":"https:\/\/theinvisiblecollection.com\/fr\/wp-json\/wp\/v2\/manufacturer?post=5780519"},{"taxonomy":"reporting_designer","embeddable":true,"href":"https:\/\/theinvisiblecollection.com\/fr\/wp-json\/wp\/v2\/reporting_designer?post=5780519"},{"taxonomy":"samplecomfabric","embeddable":true,"href":"https:\/\/theinvisiblecollection.com\/fr\/wp-json\/wp\/v2\/samplecomfabric?post=5780519"},{"taxonomy":"clubroom_product_designer","embeddable":true,"href":"https:\/\/theinvisiblecollection.com\/fr\/wp-json\/wp\/v2\/designer_clubroom?post=5780519"}],"curies":[{"name":"wp","href":"https:\/\/api.w.org\/{rel}","templated":true}]}}