{"id":5780882,"date":"2025-03-12T15:30:37","date_gmt":"2025-03-12T15:30:37","guid":{"rendered":"https:\/\/theinvisiblecollection.com\/?post_type=product&#038;p=5780882"},"modified":"2026-05-04T13:50:32","modified_gmt":"2026-05-04T13:50:32","slug":"dorothee-delaye-canape-zephyr","status":"publish","type":"product","link":"https:\/\/theinvisiblecollection.com\/fr\/produit\/dorothee-delaye-canape-zephyr\/","title":{"rendered":"Canap\u00e9 Z\u00e9phyr"},"content":{"rendered":"<p style=\"text-align: justify;\"><span class=\"TextRun SCXW193209051 BCX0\" lang=\"EN-GB\" xml:lang=\"EN-GB\" data-contrast=\"auto\"><span class=\"NormalTextRun SCXW193209051 BCX0\">Le canap\u00e9 Z\u00e9phyr impose <\/span><span class=\"NormalTextRun SCXW193209051 BCX0\">une<\/span> <span class=\"NormalTextRun SCXW193209051 BCX0\">\u00e9l\u00e9gance<\/span> <span class=\"NormalTextRun SCXW193209051 BCX0\">intemporelle<\/span><span class=\"NormalTextRun SCXW193209051 BCX0\"> \u00e0 <\/span><span class=\"NormalTextRun SpellingErrorV2Themed SCXW193209051 BCX0\">l\u2019imaginaire<\/span><span class=\"NormalTextRun SCXW193209051 BCX0\"> seventies <\/span><span class=\"NormalTextRun SpellingErrorV2Themed SCXW193209051 BCX0\">assum\u00e9<\/span><span class=\"NormalTextRun SCXW193209051 BCX0\">. <\/span><span class=\"NormalTextRun SpellingErrorV2Themed SCXW193209051 BCX0\">L\u2019assise<\/span><span class=\"NormalTextRun SCXW193209051 BCX0\"> profonde et <\/span><span class=\"NormalTextRun SpellingErrorV2Themed SCXW193209051 BCX0\">g\u00e9n\u00e9reuse<\/span><span class=\"NormalTextRun SCXW193209051 BCX0\">, un large dossier aux multiples <\/span><span class=\"NormalTextRun SpellingErrorV2Themed SCXW193209051 BCX0\">empi\u00e8cements<\/span><span class=\"NormalTextRun SCXW193209051 BCX0\">, des <\/span><span class=\"NormalTextRun SpellingErrorV2Themed SCXW193209051 BCX0\">lignes<\/span> <span class=\"NormalTextRun SpellingErrorV2Themed SCXW193209051 BCX0\">enveloppantes<\/span><span class=\"NormalTextRun SCXW193209051 BCX0\">, le <\/span><span class=\"NormalTextRun SpellingErrorV2Themed SCXW193209051 BCX0\">mouvement<\/span> <span class=\"NormalTextRun SpellingErrorV2Themed SCXW193209051 BCX0\">d\u2019une<\/span><span class=\"NormalTextRun SCXW193209051 BCX0\"> vague sur les <\/span><span class=\"NormalTextRun SpellingErrorV2Themed SCXW193209051 BCX0\">accoudoirs<\/span><span class=\"NormalTextRun SCXW193209051 BCX0\">, <\/span><span class=\"NormalTextRun SpellingErrorV2Themed SCXW193209051 BCX0\">chaque<\/span> <span class=\"NormalTextRun SpellingErrorV2Themed SCXW193209051 BCX0\">\u00e9l\u00e9ment<\/span><span class=\"NormalTextRun SCXW193209051 BCX0\"> du dessin <\/span><span class=\"NormalTextRun SpellingErrorV2Themed SCXW193209051 BCX0\">s\u2019int\u00e9resse<\/span><span class=\"NormalTextRun SCXW193209051 BCX0\"> au <\/span><span class=\"NormalTextRun SpellingErrorV2Themed SCXW193209051 BCX0\">confort<\/span><span class=\"NormalTextRun SCXW193209051 BCX0\">.\u00a0<\/span><\/span><span class=\"EOP SCXW193209051 BCX0\" data-ccp-props=\"{}\">\u00a0<\/span><\/p>\n","protected":false},"excerpt":{"rendered":"<p>Le canap\u00e9 Z\u00e9phyr impose une \u00e9l\u00e9gance intemporelle \u00e0 l\u2019imaginaire seventies assum\u00e9. L\u2019assise profonde et g\u00e9n\u00e9reuse, un large dossier aux multiples empi\u00e8cements, des lignes enveloppantes, le mouvement d\u2019une vague sur les accoudoirs, chaque \u00e9l\u00e9ment du dessin s\u2019int\u00e9resse au confort.\u00a0\u00a0<\/p>\n","protected":false},"featured_media":5872620,"template":"","meta":{"_acf_changed":false,"content-type":"","_themeisle_gutenberg_block_has_review":false},"product_brand":[],"product_cat":[8976,12499],"product_tag":[8942,8944,31477,35206],"product_designer":[33689],"comfabric":[33701],"manufacturer":[33699],"reporting_designer":[37656],"samplecomfabric":[33703],"designer_clubroom":[],"class_list":{"0":"post-5780882","1":"product","2":"type-product","3":"status-publish","4":"has-post-thumbnail","6":"product_cat-canapes","7":"product_cat-assises","8":"product_tag-assise","9":"product_tag-canape","10":"product_tag-st-curvy-fr","11":"product_tag-exclusive-fr","12":"pa_size-extra-large-fr","13":"pa_size-l-280-x-l-100-x-h-80-fr","14":"pa_size-moyenne-l-70-x-l-82-x-h-41-cm","15":"pa_size-petit-fr","16":"product_designer-dorothe-delaye-fr","17":"comfabric-dorothe-delaye-pick-up-cadeiras-fr","18":"manufacturer-dorothe-delaye-pick-up-cadeiras-fr","19":"reporting_designer-dorothee-delaye","20":"samplecomfabric-dorothe-delaye-pick-up-cadeiras-fr","21":"exhibitions-londres-fr","23":"first","24":"instock","25":"taxable","26":"shipping-taxable","27":"purchasable","28":"product-type-variable"},"acf":[],"_links":{"self":[{"href":"https:\/\/theinvisiblecollection.com\/fr\/wp-json\/wp\/v2\/product\/5780882","targetHints":{"allow":["GET"]}}],"collection":[{"href":"https:\/\/theinvisiblecollection.com\/fr\/wp-json\/wp\/v2\/product"}],"about":[{"href":"https:\/\/theinvisiblecollection.com\/fr\/wp-json\/wp\/v2\/types\/product"}],"wp:featuredmedia":[{"embeddable":true,"href":"https:\/\/theinvisiblecollection.com\/fr\/wp-json\/wp\/v2\/media\/5872620"}],"wp:attachment":[{"href":"https:\/\/theinvisiblecollection.com\/fr\/wp-json\/wp\/v2\/media?parent=5780882"}],"wp:term":[{"taxonomy":"product_brand","embeddable":true,"href":"https:\/\/theinvisiblecollection.com\/fr\/wp-json\/wp\/v2\/product_brand?post=5780882"},{"taxonomy":"product_cat","embeddable":true,"href":"https:\/\/theinvisiblecollection.com\/fr\/wp-json\/wp\/v2\/product_cat?post=5780882"},{"taxonomy":"product_tag","embeddable":true,"href":"https:\/\/theinvisiblecollection.com\/fr\/wp-json\/wp\/v2\/product_tag?post=5780882"},{"taxonomy":"product_designer","embeddable":true,"href":"https:\/\/theinvisiblecollection.com\/fr\/wp-json\/wp\/v2\/product_designer?post=5780882"},{"taxonomy":"comfabric","embeddable":true,"href":"https:\/\/theinvisiblecollection.com\/fr\/wp-json\/wp\/v2\/comfabric?post=5780882"},{"taxonomy":"manufacturer","embeddable":true,"href":"https:\/\/theinvisiblecollection.com\/fr\/wp-json\/wp\/v2\/manufacturer?post=5780882"},{"taxonomy":"reporting_designer","embeddable":true,"href":"https:\/\/theinvisiblecollection.com\/fr\/wp-json\/wp\/v2\/reporting_designer?post=5780882"},{"taxonomy":"samplecomfabric","embeddable":true,"href":"https:\/\/theinvisiblecollection.com\/fr\/wp-json\/wp\/v2\/samplecomfabric?post=5780882"},{"taxonomy":"clubroom_product_designer","embeddable":true,"href":"https:\/\/theinvisiblecollection.com\/fr\/wp-json\/wp\/v2\/designer_clubroom?post=5780882"}],"curies":[{"name":"wp","href":"https:\/\/api.w.org\/{rel}","templated":true}]}}