{"id":5814104,"date":"2025-03-18T09:46:34","date_gmt":"2025-03-18T09:46:34","guid":{"rendered":"https:\/\/theinvisiblecollection.com\/?post_type=product&#038;p=5814104"},"modified":"2026-05-01T07:37:21","modified_gmt":"2026-05-01T07:37:21","slug":"puiforcat-duo-de-moulins-a-poivre-sel-collection-granville","status":"publish","type":"product","link":"https:\/\/theinvisiblecollection.com\/fr\/produit\/puiforcat-duo-de-moulins-a-poivre-sel-collection-granville\/","title":{"rendered":"Duo de moulins \u00e0 poivre &#038; sel Granville"},"content":{"rendered":"<p>Interpr\u00e9tation contemporaine du r\u00e9pertoire architectural et esth\u00e9tique de Puiforcat, cette collection \u00e9l\u00e9gante \u2014 compos\u00e9e de moulins \u00e0 sel et \u00e0 poivre, d\u2019une bo\u00eete \u00e0 \u00e9pices et d\u2019une huilier \u2014 incarne parfaitement l\u2019alliance entre fonctionnalit\u00e9 et beaut\u00e9 raffin\u00e9e des formes. Chaque pi\u00e8ce r\u00e9v\u00e8le de subtiles variations de proportions et de cannelures, tout en dissimulant une technologie de pointe, comme le m\u00e9canisme en c\u00e9ramique CrushGrind\u00ae int\u00e9gr\u00e9 pour moudre ais\u00e9ment poivre, sel ou \u00e9pices. Imagin\u00e9e par Gr\u00e9goire de Lafforest, la collection sublime les gestes du quotidien avec une sophistication intemporelle.<\/p>\n","protected":false},"excerpt":{"rendered":"<p>Interpr\u00e9tation contemporaine du r\u00e9pertoire architectural et esth\u00e9tique de Puiforcat, cette collection \u00e9l\u00e9gante \u2014 compos\u00e9e de moulins \u00e0 sel et \u00e0 poivre, d\u2019une bo\u00eete \u00e0 \u00e9pices et d\u2019une huilier \u2014 incarne parfaitement l\u2019alliance entre fonctionnalit\u00e9 et beaut\u00e9 raffin\u00e9e des formes. Chaque pi\u00e8ce r\u00e9v\u00e8le de subtiles variations de proportions et de cannelures, tout en dissimulant une technologie [&hellip;]<\/p>\n","protected":false},"featured_media":5814206,"template":"","meta":{"_acf_changed":false,"content-type":"","_themeisle_gutenberg_block_has_review":false},"product_brand":[],"product_cat":[7517,12535,19990],"product_tag":[],"product_designer":[28572],"comfabric":[],"manufacturer":[28576],"reporting_designer":[37213],"samplecomfabric":[],"designer_clubroom":[],"class_list":{"0":"post-5814104","1":"product","2":"type-product","3":"status-publish","4":"has-post-thumbnail","6":"product_cat-deco-fr","7":"product_cat-arts-de-la-table","8":"product_cat-accessoires-de-cuisine","9":"product_designer-puiforcat-fr","10":"manufacturer-puiforcat-atelier-fr","11":"reporting_designer-puiforcat","13":"first","14":"instock","15":"taxable","16":"shipping-taxable","17":"purchasable","18":"product-type-simple"},"acf":[],"_links":{"self":[{"href":"https:\/\/theinvisiblecollection.com\/fr\/wp-json\/wp\/v2\/product\/5814104","targetHints":{"allow":["GET"]}}],"collection":[{"href":"https:\/\/theinvisiblecollection.com\/fr\/wp-json\/wp\/v2\/product"}],"about":[{"href":"https:\/\/theinvisiblecollection.com\/fr\/wp-json\/wp\/v2\/types\/product"}],"wp:featuredmedia":[{"embeddable":true,"href":"https:\/\/theinvisiblecollection.com\/fr\/wp-json\/wp\/v2\/media\/5814206"}],"wp:attachment":[{"href":"https:\/\/theinvisiblecollection.com\/fr\/wp-json\/wp\/v2\/media?parent=5814104"}],"wp:term":[{"taxonomy":"product_brand","embeddable":true,"href":"https:\/\/theinvisiblecollection.com\/fr\/wp-json\/wp\/v2\/product_brand?post=5814104"},{"taxonomy":"product_cat","embeddable":true,"href":"https:\/\/theinvisiblecollection.com\/fr\/wp-json\/wp\/v2\/product_cat?post=5814104"},{"taxonomy":"product_tag","embeddable":true,"href":"https:\/\/theinvisiblecollection.com\/fr\/wp-json\/wp\/v2\/product_tag?post=5814104"},{"taxonomy":"product_designer","embeddable":true,"href":"https:\/\/theinvisiblecollection.com\/fr\/wp-json\/wp\/v2\/product_designer?post=5814104"},{"taxonomy":"comfabric","embeddable":true,"href":"https:\/\/theinvisiblecollection.com\/fr\/wp-json\/wp\/v2\/comfabric?post=5814104"},{"taxonomy":"manufacturer","embeddable":true,"href":"https:\/\/theinvisiblecollection.com\/fr\/wp-json\/wp\/v2\/manufacturer?post=5814104"},{"taxonomy":"reporting_designer","embeddable":true,"href":"https:\/\/theinvisiblecollection.com\/fr\/wp-json\/wp\/v2\/reporting_designer?post=5814104"},{"taxonomy":"samplecomfabric","embeddable":true,"href":"https:\/\/theinvisiblecollection.com\/fr\/wp-json\/wp\/v2\/samplecomfabric?post=5814104"},{"taxonomy":"clubroom_product_designer","embeddable":true,"href":"https:\/\/theinvisiblecollection.com\/fr\/wp-json\/wp\/v2\/designer_clubroom?post=5814104"}],"curies":[{"name":"wp","href":"https:\/\/api.w.org\/{rel}","templated":true}]}}