{"id":5814342,"date":"2025-03-18T13:23:02","date_gmt":"2025-03-18T13:23:02","guid":{"rendered":"https:\/\/theinvisiblecollection.com\/?post_type=product&#038;p=5814342"},"modified":"2026-05-01T07:37:21","modified_gmt":"2026-05-01T07:37:21","slug":"puiforcat-plateau-phi","status":"publish","type":"product","link":"https:\/\/theinvisiblecollection.com\/fr\/produit\/puiforcat-plateau-phi\/","title":{"rendered":"Plateau Phi"},"content":{"rendered":"<p>M\u00e9tal argent\u00e9, bois et verre Fruit de la collaboration entre Puiforcat et le duo Normal Studio, Phi offre une expression renouvel\u00e9e du th\u00e8me du service \u00e0 th\u00e9 et caf\u00e9. Faisant converger le d\u00e9pouillement de l\u2019Art D\u00e9co et une r\u00e9flexion sur la forme juste, cette notion de \u00ab Design \u00e9l\u00e9mentaire \u00bb ch\u00e8re aux designers Jean-Fran\u00e7ois Dingjian et Eloi Chafa\u00ef, la collection exalte la qualit\u00e9 de l\u2019usage et exprime simplicit\u00e9 et raffinement du d\u00e9tail. Les pi\u00e8ces aux lignes \u00e9pur\u00e9es sont fabriqu\u00e9es en laiton argent\u00e9, en noyer am\u00e9ricain pour les anses et en verre. Les pi\u00e8ces d\u2019orf\u00e8vrerie sont r\u00e9alis\u00e9es et appair\u00e9es au sein de l\u2019atelier Puiforcat par les mains des artisans.<\/p>\n","protected":false},"excerpt":{"rendered":"<p>M\u00e9tal argent\u00e9, bois et verre Fruit de la collaboration entre Puiforcat et le duo Normal Studio, Phi offre une expression renouvel\u00e9e du th\u00e8me du service \u00e0 th\u00e9 et caf\u00e9. Faisant converger le d\u00e9pouillement de l\u2019Art D\u00e9co et une r\u00e9flexion sur la forme juste, cette notion de \u00ab Design \u00e9l\u00e9mentaire \u00bb ch\u00e8re aux designers Jean-Fran\u00e7ois Dingjian [&hellip;]<\/p>\n","protected":false},"featured_media":5814347,"template":"","meta":{"_acf_changed":false,"content-type":"","_themeisle_gutenberg_block_has_review":false},"product_brand":[],"product_cat":[7517,12536,19981,19990],"product_tag":[],"product_designer":[28572],"comfabric":[],"manufacturer":[28576],"reporting_designer":[37213],"samplecomfabric":[],"designer_clubroom":[],"class_list":{"0":"post-5814342","1":"product","2":"type-product","3":"status-publish","4":"has-post-thumbnail","6":"product_cat-deco-fr","7":"product_cat-plateaux-vide-poche","8":"product_cat-art-de-la-table","9":"product_cat-accessoires-de-cuisine","10":"pa_size-l-280-x-l-100-x-h-80-fr","11":"pa_size-petit","12":"product_designer-puiforcat-fr","13":"manufacturer-puiforcat-atelier-fr","14":"reporting_designer-puiforcat","16":"first","17":"instock","18":"taxable","19":"shipping-taxable","20":"purchasable","21":"product-type-variable"},"acf":[],"_links":{"self":[{"href":"https:\/\/theinvisiblecollection.com\/fr\/wp-json\/wp\/v2\/product\/5814342","targetHints":{"allow":["GET"]}}],"collection":[{"href":"https:\/\/theinvisiblecollection.com\/fr\/wp-json\/wp\/v2\/product"}],"about":[{"href":"https:\/\/theinvisiblecollection.com\/fr\/wp-json\/wp\/v2\/types\/product"}],"wp:featuredmedia":[{"embeddable":true,"href":"https:\/\/theinvisiblecollection.com\/fr\/wp-json\/wp\/v2\/media\/5814347"}],"wp:attachment":[{"href":"https:\/\/theinvisiblecollection.com\/fr\/wp-json\/wp\/v2\/media?parent=5814342"}],"wp:term":[{"taxonomy":"product_brand","embeddable":true,"href":"https:\/\/theinvisiblecollection.com\/fr\/wp-json\/wp\/v2\/product_brand?post=5814342"},{"taxonomy":"product_cat","embeddable":true,"href":"https:\/\/theinvisiblecollection.com\/fr\/wp-json\/wp\/v2\/product_cat?post=5814342"},{"taxonomy":"product_tag","embeddable":true,"href":"https:\/\/theinvisiblecollection.com\/fr\/wp-json\/wp\/v2\/product_tag?post=5814342"},{"taxonomy":"product_designer","embeddable":true,"href":"https:\/\/theinvisiblecollection.com\/fr\/wp-json\/wp\/v2\/product_designer?post=5814342"},{"taxonomy":"comfabric","embeddable":true,"href":"https:\/\/theinvisiblecollection.com\/fr\/wp-json\/wp\/v2\/comfabric?post=5814342"},{"taxonomy":"manufacturer","embeddable":true,"href":"https:\/\/theinvisiblecollection.com\/fr\/wp-json\/wp\/v2\/manufacturer?post=5814342"},{"taxonomy":"reporting_designer","embeddable":true,"href":"https:\/\/theinvisiblecollection.com\/fr\/wp-json\/wp\/v2\/reporting_designer?post=5814342"},{"taxonomy":"samplecomfabric","embeddable":true,"href":"https:\/\/theinvisiblecollection.com\/fr\/wp-json\/wp\/v2\/samplecomfabric?post=5814342"},{"taxonomy":"clubroom_product_designer","embeddable":true,"href":"https:\/\/theinvisiblecollection.com\/fr\/wp-json\/wp\/v2\/designer_clubroom?post=5814342"}],"curies":[{"name":"wp","href":"https:\/\/api.w.org\/{rel}","templated":true}]}}