{"id":5814451,"date":"2025-03-18T15:02:27","date_gmt":"2025-03-18T15:02:27","guid":{"rendered":"https:\/\/theinvisiblecollection.com\/?post_type=product&#038;p=5814451"},"modified":"2026-05-01T07:37:18","modified_gmt":"2026-05-01T07:37:18","slug":"puiforcat-fourchette-de-table-annecy","status":"publish","type":"product","link":"https:\/\/theinvisiblecollection.com\/fr\/produit\/puiforcat-fourchette-de-table-annecy\/","title":{"rendered":"Fourchette de Table Annecy"},"content":{"rendered":"<p>Tout au long de sa carri\u00e8re, Jean Puiforcat approfondit sa r\u00e9flexion sur l\u2019essence de la forme et la fonction de l\u2019objet. Le mod\u00e8le Annecy, dat\u00e9 de 1930, illustre ce dialogue entre la forme architectur\u00e9e et le mat\u00e9riau noble de l\u2019argent massif. La simplicit\u00e9 et la rigueur de sa ligne droite math\u00e9matique est contrecarr\u00e9e par la courbe d\u2019un disque parfait. Un agencement stylistique g\u00e9om\u00e9trique Art d\u00e9co sensible et puissant<\/p>\n","protected":false},"excerpt":{"rendered":"<p>Tout au long de sa carri\u00e8re, Jean Puiforcat approfondit sa r\u00e9flexion sur l\u2019essence de la forme et la fonction de l\u2019objet. Le mod\u00e8le Annecy, dat\u00e9 de 1930, illustre ce dialogue entre la forme architectur\u00e9e et le mat\u00e9riau noble de l\u2019argent massif. La simplicit\u00e9 et la rigueur de sa ligne droite math\u00e9matique est contrecarr\u00e9e par la [&hellip;]<\/p>\n","protected":false},"featured_media":5814454,"template":"","meta":{"_acf_changed":false,"content-type":"","_themeisle_gutenberg_block_has_review":false},"product_brand":[],"product_cat":[7517,12535,19981,19985],"product_tag":[],"product_designer":[28572],"comfabric":[],"manufacturer":[28576],"reporting_designer":[37213],"samplecomfabric":[],"designer_clubroom":[],"class_list":{"0":"post-5814451","1":"product","2":"type-product","3":"status-publish","4":"has-post-thumbnail","6":"product_cat-deco-fr","7":"product_cat-arts-de-la-table","8":"product_cat-art-de-la-table","9":"product_cat-couverts","10":"product_designer-puiforcat-fr","11":"manufacturer-puiforcat-atelier-fr","12":"reporting_designer-puiforcat","14":"first","15":"instock","16":"taxable","17":"shipping-taxable","18":"purchasable","19":"product-type-simple"},"acf":[],"_links":{"self":[{"href":"https:\/\/theinvisiblecollection.com\/fr\/wp-json\/wp\/v2\/product\/5814451","targetHints":{"allow":["GET"]}}],"collection":[{"href":"https:\/\/theinvisiblecollection.com\/fr\/wp-json\/wp\/v2\/product"}],"about":[{"href":"https:\/\/theinvisiblecollection.com\/fr\/wp-json\/wp\/v2\/types\/product"}],"wp:featuredmedia":[{"embeddable":true,"href":"https:\/\/theinvisiblecollection.com\/fr\/wp-json\/wp\/v2\/media\/5814454"}],"wp:attachment":[{"href":"https:\/\/theinvisiblecollection.com\/fr\/wp-json\/wp\/v2\/media?parent=5814451"}],"wp:term":[{"taxonomy":"product_brand","embeddable":true,"href":"https:\/\/theinvisiblecollection.com\/fr\/wp-json\/wp\/v2\/product_brand?post=5814451"},{"taxonomy":"product_cat","embeddable":true,"href":"https:\/\/theinvisiblecollection.com\/fr\/wp-json\/wp\/v2\/product_cat?post=5814451"},{"taxonomy":"product_tag","embeddable":true,"href":"https:\/\/theinvisiblecollection.com\/fr\/wp-json\/wp\/v2\/product_tag?post=5814451"},{"taxonomy":"product_designer","embeddable":true,"href":"https:\/\/theinvisiblecollection.com\/fr\/wp-json\/wp\/v2\/product_designer?post=5814451"},{"taxonomy":"comfabric","embeddable":true,"href":"https:\/\/theinvisiblecollection.com\/fr\/wp-json\/wp\/v2\/comfabric?post=5814451"},{"taxonomy":"manufacturer","embeddable":true,"href":"https:\/\/theinvisiblecollection.com\/fr\/wp-json\/wp\/v2\/manufacturer?post=5814451"},{"taxonomy":"reporting_designer","embeddable":true,"href":"https:\/\/theinvisiblecollection.com\/fr\/wp-json\/wp\/v2\/reporting_designer?post=5814451"},{"taxonomy":"samplecomfabric","embeddable":true,"href":"https:\/\/theinvisiblecollection.com\/fr\/wp-json\/wp\/v2\/samplecomfabric?post=5814451"},{"taxonomy":"clubroom_product_designer","embeddable":true,"href":"https:\/\/theinvisiblecollection.com\/fr\/wp-json\/wp\/v2\/designer_clubroom?post=5814451"}],"curies":[{"name":"wp","href":"https:\/\/api.w.org\/{rel}","templated":true}]}}