{"id":5815080,"date":"2025-03-19T11:15:39","date_gmt":"2025-03-19T11:15:39","guid":{"rendered":"https:\/\/theinvisiblecollection.com\/?post_type=product&#038;p=5815080"},"modified":"2026-05-08T04:38:36","modified_gmt":"2026-05-08T04:38:36","slug":"diurne-tapis-bordure-florale-02","status":"publish","type":"product","link":"https:\/\/theinvisiblecollection.com\/fr\/produit\/diurne-tapis-bordure-florale-02\/","title":{"rendered":"Tapis Bordure Florale 02"},"content":{"rendered":"<p style=\"text-align: justify;\">La collection \u00ab Bordure Florale \u00bb est une c\u00e9l\u00e9bration du charme et de la d\u00e9licatesse, o\u00f9 chaque tapis est une ode \u00e0 la p\u00e9rennit\u00e9 de la flore. Ces tapis sont encadr\u00e9s par des bordures richement orn\u00e9es, comme des tableaux o\u00f9 la nature est reine. Les motifs floraux qui ornent les bords sont une r\u00e9miniscence des jardins d\u2019antan, un hommage aux motifs classiques qui ont habill\u00e9 les demeures \u00e9l\u00e9gantes au fil des si\u00e8cles.<\/p>\n","protected":false},"excerpt":{"rendered":"<p>Tapis nou\u00e9 \u00e0 la main<br \/>\n100% lin<br \/>\n150 000 n\u0153uds tib\u00e9tain<br \/>\nDimensions et couleurs sur-mesure sur demande<\/p>\n<p>L 212 x l 338 cm<\/p>\n<p>Nou\u00e9 \u00e0 la main au N\u00e9pal<br \/>\nD\u00e9lais de fabrication : 19 semaines<\/p>\n<p class=\"p1\"><span style=\"text-decoration: underline;\"><span class=\"s1\"><a href=\"https:\/\/www.theinvisiblecollection.com\/demande-de-devis\/?product_id=135395\" target=\"_blank\" rel=\"noopener\">Contactez-nous pour toute demande de devis ou de renseignements<\/a><\/span><\/span><\/p>\n","protected":false},"featured_media":5815085,"template":"","meta":{"_acf_changed":false,"content-type":"","_themeisle_gutenberg_block_has_review":false},"product_brand":[],"product_cat":[8183,12540],"product_tag":[],"product_designer":[17629],"comfabric":[],"manufacturer":[17631],"reporting_designer":[37795],"samplecomfabric":[],"designer_clubroom":[],"class_list":{"0":"post-5815080","1":"product","2":"type-product","3":"status-publish","4":"has-post-thumbnail","6":"product_cat-tapis-noues-a-la-main","7":"product_cat-tapis-fr","8":"pa_size-dimensions-standards","9":"pa_size-dimensions-sur-mesure-fr","10":"product_designer-diurne-fr","11":"manufacturer-diurne-fr","12":"reporting_designer-diurne","14":"first","15":"instock","16":"taxable","17":"shipping-taxable","18":"purchasable","19":"product-type-variable"},"acf":[],"_links":{"self":[{"href":"https:\/\/theinvisiblecollection.com\/fr\/wp-json\/wp\/v2\/product\/5815080","targetHints":{"allow":["GET"]}}],"collection":[{"href":"https:\/\/theinvisiblecollection.com\/fr\/wp-json\/wp\/v2\/product"}],"about":[{"href":"https:\/\/theinvisiblecollection.com\/fr\/wp-json\/wp\/v2\/types\/product"}],"wp:featuredmedia":[{"embeddable":true,"href":"https:\/\/theinvisiblecollection.com\/fr\/wp-json\/wp\/v2\/media\/5815085"}],"wp:attachment":[{"href":"https:\/\/theinvisiblecollection.com\/fr\/wp-json\/wp\/v2\/media?parent=5815080"}],"wp:term":[{"taxonomy":"product_brand","embeddable":true,"href":"https:\/\/theinvisiblecollection.com\/fr\/wp-json\/wp\/v2\/product_brand?post=5815080"},{"taxonomy":"product_cat","embeddable":true,"href":"https:\/\/theinvisiblecollection.com\/fr\/wp-json\/wp\/v2\/product_cat?post=5815080"},{"taxonomy":"product_tag","embeddable":true,"href":"https:\/\/theinvisiblecollection.com\/fr\/wp-json\/wp\/v2\/product_tag?post=5815080"},{"taxonomy":"product_designer","embeddable":true,"href":"https:\/\/theinvisiblecollection.com\/fr\/wp-json\/wp\/v2\/product_designer?post=5815080"},{"taxonomy":"comfabric","embeddable":true,"href":"https:\/\/theinvisiblecollection.com\/fr\/wp-json\/wp\/v2\/comfabric?post=5815080"},{"taxonomy":"manufacturer","embeddable":true,"href":"https:\/\/theinvisiblecollection.com\/fr\/wp-json\/wp\/v2\/manufacturer?post=5815080"},{"taxonomy":"reporting_designer","embeddable":true,"href":"https:\/\/theinvisiblecollection.com\/fr\/wp-json\/wp\/v2\/reporting_designer?post=5815080"},{"taxonomy":"samplecomfabric","embeddable":true,"href":"https:\/\/theinvisiblecollection.com\/fr\/wp-json\/wp\/v2\/samplecomfabric?post=5815080"},{"taxonomy":"clubroom_product_designer","embeddable":true,"href":"https:\/\/theinvisiblecollection.com\/fr\/wp-json\/wp\/v2\/designer_clubroom?post=5815080"}],"curies":[{"name":"wp","href":"https:\/\/api.w.org\/{rel}","templated":true}]}}