{"id":5817087,"date":"2025-03-25T09:53:49","date_gmt":"2025-03-25T09:53:49","guid":{"rendered":"https:\/\/theinvisiblecollection.com\/?post_type=product&#038;p=5817087"},"modified":"2026-05-01T07:37:18","modified_gmt":"2026-05-01T07:37:18","slug":"studio-floris-wubben-vase-iguana","status":"publish","type":"product","link":"https:\/\/theinvisiblecollection.com\/fr\/produit\/studio-floris-wubben-vase-iguana\/","title":{"rendered":"Vase Iguana"},"content":{"rendered":"<p>Studio Floris Wubben utilise des machines d&#8217;extrusion con\u00e7ues \u00e0 la main pour cr\u00e9er une collection \u00e9clectique d\u2019objets sculpturaux, tant imposants que d\u00e9licats. En alliant des mat\u00e9riaux naturels \u00e0 un processus de fabrication m\u00e9ticuleusement orchestr\u00e9 et enrichi par la vision du designer, le studio donne naissance \u00e0 des cr\u00e9ations aux formes singuli\u00e8res. Ce proc\u00e9d\u00e9 aboutit \u00e0 des \u0153uvres brutes, inspir\u00e9es \u00e0 la fois par l&#8217;industrie et la nature, tout en incarnant un savoir-faire authentiquement artisanal.<\/p>\n","protected":false},"excerpt":{"rendered":"<p>Studio Floris Wubben utilise des machines d&#8217;extrusion con\u00e7ues \u00e0 la main pour cr\u00e9er une collection \u00e9clectique d\u2019objets sculpturaux, tant imposants que d\u00e9licats. En alliant des mat\u00e9riaux naturels \u00e0 un processus de fabrication m\u00e9ticuleusement orchestr\u00e9 et enrichi par la vision du designer, le studio donne naissance \u00e0 des cr\u00e9ations aux formes singuli\u00e8res. Ce proc\u00e9d\u00e9 aboutit \u00e0 [&hellip;]<\/p>\n","protected":false},"featured_media":5817094,"template":"","meta":{"_acf_changed":false,"content-type":"","_themeisle_gutenberg_block_has_review":false},"product_brand":[],"product_cat":[12537,19973,19975,7517],"product_tag":[],"product_designer":[32939],"comfabric":[],"manufacturer":[21677],"reporting_designer":[37151],"samplecomfabric":[],"designer_clubroom":[],"class_list":{"0":"post-5817087","1":"product","2":"type-product","3":"status-publish","4":"has-post-thumbnail","6":"product_cat-vases","7":"product_cat-accessoires-pour-la-maison","8":"product_cat-vases-fr","9":"product_cat-deco-fr","10":"pa_choice-paire","11":"pa_choice-singulier","12":"product_designer-floris-wubben-fr","13":"manufacturer-floris-wubben-atelier-fr","14":"reporting_designer-floris-wubben","16":"first","17":"instock","18":"taxable","19":"shipping-taxable","20":"purchasable","21":"product-type-variable"},"acf":[],"_links":{"self":[{"href":"https:\/\/theinvisiblecollection.com\/fr\/wp-json\/wp\/v2\/product\/5817087","targetHints":{"allow":["GET"]}}],"collection":[{"href":"https:\/\/theinvisiblecollection.com\/fr\/wp-json\/wp\/v2\/product"}],"about":[{"href":"https:\/\/theinvisiblecollection.com\/fr\/wp-json\/wp\/v2\/types\/product"}],"wp:featuredmedia":[{"embeddable":true,"href":"https:\/\/theinvisiblecollection.com\/fr\/wp-json\/wp\/v2\/media\/5817094"}],"wp:attachment":[{"href":"https:\/\/theinvisiblecollection.com\/fr\/wp-json\/wp\/v2\/media?parent=5817087"}],"wp:term":[{"taxonomy":"product_brand","embeddable":true,"href":"https:\/\/theinvisiblecollection.com\/fr\/wp-json\/wp\/v2\/product_brand?post=5817087"},{"taxonomy":"product_cat","embeddable":true,"href":"https:\/\/theinvisiblecollection.com\/fr\/wp-json\/wp\/v2\/product_cat?post=5817087"},{"taxonomy":"product_tag","embeddable":true,"href":"https:\/\/theinvisiblecollection.com\/fr\/wp-json\/wp\/v2\/product_tag?post=5817087"},{"taxonomy":"product_designer","embeddable":true,"href":"https:\/\/theinvisiblecollection.com\/fr\/wp-json\/wp\/v2\/product_designer?post=5817087"},{"taxonomy":"comfabric","embeddable":true,"href":"https:\/\/theinvisiblecollection.com\/fr\/wp-json\/wp\/v2\/comfabric?post=5817087"},{"taxonomy":"manufacturer","embeddable":true,"href":"https:\/\/theinvisiblecollection.com\/fr\/wp-json\/wp\/v2\/manufacturer?post=5817087"},{"taxonomy":"reporting_designer","embeddable":true,"href":"https:\/\/theinvisiblecollection.com\/fr\/wp-json\/wp\/v2\/reporting_designer?post=5817087"},{"taxonomy":"samplecomfabric","embeddable":true,"href":"https:\/\/theinvisiblecollection.com\/fr\/wp-json\/wp\/v2\/samplecomfabric?post=5817087"},{"taxonomy":"clubroom_product_designer","embeddable":true,"href":"https:\/\/theinvisiblecollection.com\/fr\/wp-json\/wp\/v2\/designer_clubroom?post=5817087"}],"curies":[{"name":"wp","href":"https:\/\/api.w.org\/{rel}","templated":true}]}}