{"id":5817232,"date":"2025-03-25T11:17:29","date_gmt":"2025-03-25T11:17:29","guid":{"rendered":"https:\/\/theinvisiblecollection.com\/?post_type=product&#038;p=5817232"},"modified":"2026-05-01T07:37:18","modified_gmt":"2026-05-01T07:37:18","slug":"studio-floris-wubben-table-dappoint-liquid-ovale","status":"publish","type":"product","link":"https:\/\/theinvisiblecollection.com\/fr\/produit\/studio-floris-wubben-table-dappoint-liquid-ovale\/","title":{"rendered":"Table d&#8217; appoint Liquid Ovale"},"content":{"rendered":"<p>Studio Floris Wubben utilise des machines d&#8217;extrusion con\u00e7ues \u00e0 la main pour cr\u00e9er une collection \u00e9clectique d\u2019objets sculpturaux, tant imposants que d\u00e9licats. La synergie entre les techniques innovantes d&#8217;extrusion du studio et le travail manuel m\u00e9ticuleux d\u00e9finit son savoir-faire dans cette cr\u00e9ation. L&#8217;\u00e9quilibre entre la pr\u00e9cision m\u00e9canique et l&#8217;intervention manuelle exigeante donne naissance \u00e0 une \u0153uvre qui incarne \u00e0 la fois l&#8217;expertise technique et le talent artisanal. En fusionnant ces deux approches, le studio parvient \u00e0 une harmonie subtile entre la structure guid\u00e9e par la machine et la touche humaine d\u00e9licate, r\u00e9sultant en une cr\u00e9ation v\u00e9ritablement distinctive et r\u00e9fl\u00e9chie.<\/p>\n","protected":false},"excerpt":{"rendered":"<p>Studio Floris Wubben utilise des machines d&#8217;extrusion con\u00e7ues \u00e0 la main pour cr\u00e9er une collection \u00e9clectique d\u2019objets sculpturaux, tant imposants que d\u00e9licats. La synergie entre les techniques innovantes d&#8217;extrusion du studio et le travail manuel m\u00e9ticuleux d\u00e9finit son savoir-faire dans cette cr\u00e9ation. L&#8217;\u00e9quilibre entre la pr\u00e9cision m\u00e9canique et l&#8217;intervention manuelle exigeante donne naissance \u00e0 une [&hellip;]<\/p>\n","protected":false},"featured_media":5817248,"template":"","meta":{"_acf_changed":false,"content-type":"","_themeisle_gutenberg_block_has_review":false},"product_brand":[],"product_cat":[12332,12503],"product_tag":[],"product_designer":[32939],"comfabric":[],"manufacturer":[21677],"reporting_designer":[37151],"samplecomfabric":[],"designer_clubroom":[],"class_list":{"0":"post-5817232","1":"product","2":"type-product","3":"status-publish","4":"has-post-thumbnail","6":"product_cat-tables-dappoint","7":"product_cat-tables-fr","8":"pa_choice-paire","9":"pa_choice-singulier","10":"product_designer-floris-wubben-fr","11":"manufacturer-floris-wubben-atelier-fr","12":"reporting_designer-floris-wubben","14":"first","15":"instock","16":"taxable","17":"shipping-taxable","18":"purchasable","19":"product-type-variable"},"acf":[],"_links":{"self":[{"href":"https:\/\/theinvisiblecollection.com\/fr\/wp-json\/wp\/v2\/product\/5817232","targetHints":{"allow":["GET"]}}],"collection":[{"href":"https:\/\/theinvisiblecollection.com\/fr\/wp-json\/wp\/v2\/product"}],"about":[{"href":"https:\/\/theinvisiblecollection.com\/fr\/wp-json\/wp\/v2\/types\/product"}],"wp:featuredmedia":[{"embeddable":true,"href":"https:\/\/theinvisiblecollection.com\/fr\/wp-json\/wp\/v2\/media\/5817248"}],"wp:attachment":[{"href":"https:\/\/theinvisiblecollection.com\/fr\/wp-json\/wp\/v2\/media?parent=5817232"}],"wp:term":[{"taxonomy":"product_brand","embeddable":true,"href":"https:\/\/theinvisiblecollection.com\/fr\/wp-json\/wp\/v2\/product_brand?post=5817232"},{"taxonomy":"product_cat","embeddable":true,"href":"https:\/\/theinvisiblecollection.com\/fr\/wp-json\/wp\/v2\/product_cat?post=5817232"},{"taxonomy":"product_tag","embeddable":true,"href":"https:\/\/theinvisiblecollection.com\/fr\/wp-json\/wp\/v2\/product_tag?post=5817232"},{"taxonomy":"product_designer","embeddable":true,"href":"https:\/\/theinvisiblecollection.com\/fr\/wp-json\/wp\/v2\/product_designer?post=5817232"},{"taxonomy":"comfabric","embeddable":true,"href":"https:\/\/theinvisiblecollection.com\/fr\/wp-json\/wp\/v2\/comfabric?post=5817232"},{"taxonomy":"manufacturer","embeddable":true,"href":"https:\/\/theinvisiblecollection.com\/fr\/wp-json\/wp\/v2\/manufacturer?post=5817232"},{"taxonomy":"reporting_designer","embeddable":true,"href":"https:\/\/theinvisiblecollection.com\/fr\/wp-json\/wp\/v2\/reporting_designer?post=5817232"},{"taxonomy":"samplecomfabric","embeddable":true,"href":"https:\/\/theinvisiblecollection.com\/fr\/wp-json\/wp\/v2\/samplecomfabric?post=5817232"},{"taxonomy":"clubroom_product_designer","embeddable":true,"href":"https:\/\/theinvisiblecollection.com\/fr\/wp-json\/wp\/v2\/designer_clubroom?post=5817232"}],"curies":[{"name":"wp","href":"https:\/\/api.w.org\/{rel}","templated":true}]}}