{"id":58173,"date":"2021-03-27T12:00:09","date_gmt":"2021-03-27T11:00:09","guid":{"rendered":"https:\/\/www.theinvisiblecollection.com\/?post_type=product&#038;p=58173"},"modified":"2026-05-01T07:39:32","modified_gmt":"2026-05-01T07:39:32","slug":"mayaro-editions-bibliotheque-obazine","status":"publish","type":"product","link":"https:\/\/theinvisiblecollection.com\/fr\/produit\/mayaro-editions-bibliotheque-obazine\/","title":{"rendered":"Biblioth\u00e8que Obazine"},"content":{"rendered":"<p style=\"text-align: justify;\">Laurent Jaffrennou est un homme aux talents multiples : en plus de la conception de meubles d&#8217;exception, il est \u00e9galement tr\u00e8s pr\u00e9sent sur le march\u00e9 des Puces,\u00a0 o\u00f9 il a tenu pendant des ann\u00e9es une boutique d&#8217;antiquit\u00e9s recherch\u00e9e. Dans cette caverne d&#8217;Ali Baba, il pr\u00e9sente de magnifiques tissus du XVIIIe si\u00e8cle aussi bien que des objets de curiosit\u00e9 et d&#8217;autres tr\u00e9sors de mondes disparus. Parfois, pour ses amis artistes, il cr\u00e9e de petits cadres qui accueillent un th\u00e9\u00e2tre imaginaire. Pour Mayaro il a cr\u00e9\u00e9 Obazine, un ensemble de biblioth\u00e8ques modulables en m\u00e9tal et bois pli\u00e9 con\u00e7ues pour mettre en sc\u00e8ne et savourer des souvenirs choisis, des oeuvres d&#8217;art et des livres.\u00a0 Il s&#8217;inspire des &#8220;conditoria&#8221;,\u00a0 des rangements tr\u00e8s anciens, que l&#8217;on trouve dans les \u00e9glises m\u00e9di\u00e9vales fran\u00e7aises pour conserver les objets liturgiques pr\u00e9cieux. Fabriqu\u00e9s \u00e0 la main en France, les modules peuvent \u00eatre assembl\u00e9s en une seule biblioth\u00e8que (4 m\u00e8tres de long) ou en deux parties s\u00e9par\u00e9es (2 m\u00e8tres de long chacun).<\/p>\n","protected":false},"excerpt":{"rendered":"<p>Dessin\u00e9e par Laurent Jaffrennou<br \/>\nBiblioth\u00e8que en ch\u00eane fran\u00e7ais et acier mat naturel<br \/>\nModules en acier et \u00e9tag\u00e8res en ch\u00eane<br \/>\nDimensions, mat\u00e9riaux et finitions sur-mesure sur demande<\/p>\n<p>Disponible en deux versions :<br \/>\nL 400 x l 50 x H 195.2 cm<br \/>\nL 200 x l 50 x H 195.2 cm<\/p>\n<p>Fabriqu\u00e9e \u00e0 la main en France par Dunod Mallier Atelier et IOTA Element<br \/>\nD\u00e9lais de fabrication : 8 &#8211; 12 semaines<\/p>\n<p class=\"p1\"><span style=\"text-decoration: underline;\"><span class=\"s1\"><a href=\"https:\/\/www.theinvisiblecollection.com\/fr\/demande-de-devis\/?product_id=58173\">Contactez-nous pour toute demande de devis ou de renseignements<\/a><\/span><\/span><\/p>\n","protected":false},"featured_media":2490907,"template":"","meta":{"_acf_changed":false,"content-type":"","_themeisle_gutenberg_block_has_review":false},"product_brand":[],"product_cat":[8956,12505,13076],"product_tag":[8993,8997,9302,9423,10262,11666,11743,22790,31477],"product_designer":[8894],"comfabric":[],"manufacturer":[16730],"reporting_designer":[37226],"samplecomfabric":[],"designer_clubroom":[],"class_list":{"0":"post-58173","1":"product","2":"type-product","3":"status-publish","4":"has-post-thumbnail","6":"product_cat-bibliotheques","7":"product_cat-rangements","8":"product_cat-bureau-a-la-maison","9":"product_tag-salon","10":"product_tag-livre","11":"product_tag-etagere-fr","12":"product_tag-storage","13":"product_tag-bibliotheque-fr-2","14":"product_tag-mayaro-fr-fr","15":"product_tag-laurent-jaffrennou-fr","16":"product_tag-disponible-immediatement","17":"product_tag-st-curvy-fr","18":"pa_size-grand-fr","19":"pa_size-petit","20":"product_designer-mayaro-editions-fr","21":"manufacturer-mayaro-editions-fr","22":"reporting_designer-mayaro-editions","23":"exhibitions-paris-fr","25":"first","26":"instock","27":"taxable","28":"shipping-taxable","29":"purchasable","30":"product-type-variable"},"acf":[],"_links":{"self":[{"href":"https:\/\/theinvisiblecollection.com\/fr\/wp-json\/wp\/v2\/product\/58173","targetHints":{"allow":["GET"]}}],"collection":[{"href":"https:\/\/theinvisiblecollection.com\/fr\/wp-json\/wp\/v2\/product"}],"about":[{"href":"https:\/\/theinvisiblecollection.com\/fr\/wp-json\/wp\/v2\/types\/product"}],"wp:featuredmedia":[{"embeddable":true,"href":"https:\/\/theinvisiblecollection.com\/fr\/wp-json\/wp\/v2\/media\/2490907"}],"wp:attachment":[{"href":"https:\/\/theinvisiblecollection.com\/fr\/wp-json\/wp\/v2\/media?parent=58173"}],"wp:term":[{"taxonomy":"product_brand","embeddable":true,"href":"https:\/\/theinvisiblecollection.com\/fr\/wp-json\/wp\/v2\/product_brand?post=58173"},{"taxonomy":"product_cat","embeddable":true,"href":"https:\/\/theinvisiblecollection.com\/fr\/wp-json\/wp\/v2\/product_cat?post=58173"},{"taxonomy":"product_tag","embeddable":true,"href":"https:\/\/theinvisiblecollection.com\/fr\/wp-json\/wp\/v2\/product_tag?post=58173"},{"taxonomy":"product_designer","embeddable":true,"href":"https:\/\/theinvisiblecollection.com\/fr\/wp-json\/wp\/v2\/product_designer?post=58173"},{"taxonomy":"comfabric","embeddable":true,"href":"https:\/\/theinvisiblecollection.com\/fr\/wp-json\/wp\/v2\/comfabric?post=58173"},{"taxonomy":"manufacturer","embeddable":true,"href":"https:\/\/theinvisiblecollection.com\/fr\/wp-json\/wp\/v2\/manufacturer?post=58173"},{"taxonomy":"reporting_designer","embeddable":true,"href":"https:\/\/theinvisiblecollection.com\/fr\/wp-json\/wp\/v2\/reporting_designer?post=58173"},{"taxonomy":"samplecomfabric","embeddable":true,"href":"https:\/\/theinvisiblecollection.com\/fr\/wp-json\/wp\/v2\/samplecomfabric?post=58173"},{"taxonomy":"clubroom_product_designer","embeddable":true,"href":"https:\/\/theinvisiblecollection.com\/fr\/wp-json\/wp\/v2\/designer_clubroom?post=58173"}],"curies":[{"name":"wp","href":"https:\/\/api.w.org\/{rel}","templated":true}]}}