{"id":5817465,"date":"2025-03-25T12:59:22","date_gmt":"2025-03-25T12:59:22","guid":{"rendered":"https:\/\/theinvisiblecollection.com\/?post_type=product&#038;p=5817465"},"modified":"2026-05-01T07:37:18","modified_gmt":"2026-05-01T07:37:18","slug":"studio-floris-wubben-tabouret-emaille-modele-deux","status":"publish","type":"product","link":"https:\/\/theinvisiblecollection.com\/fr\/produit\/studio-floris-wubben-tabouret-emaille-modele-deux\/","title":{"rendered":"Tabouret \u00e9maill\u00e9 Mod\u00e8le 2"},"content":{"rendered":"<p>Studio Floris Wubben utilise des machines d&#8217;extrusion con\u00e7ues \u00e0 la main pour cr\u00e9er une collection \u00e9clectique d\u2019objets sculpturaux, tant imposants que d\u00e9licats. Ces tabourets illustrent parfaitement cette interaction entre le cr\u00e9ateur et la machine, o\u00f9 des interventions d\u00e9lib\u00e9r\u00e9es lors du processus d&#8217;extrusion donnent naissance \u00e0 des formes uniques et torsad\u00e9es qui vont au-del\u00e0 des capacit\u00e9s de l&#8217;extrusion standard. Ces tabourets mettent en lumi\u00e8re cette approche innovante, alliant les textures naturelles de l&#8217;argile \u00e0 la pr\u00e9cision de la machine, cr\u00e9ant ainsi des pi\u00e8ces distinctives qui marquent la pr\u00e9sence internationale du studio.<\/p>\n","protected":false},"excerpt":{"rendered":"<p>Studio Floris Wubben utilise des machines d&#8217;extrusion con\u00e7ues \u00e0 la main pour cr\u00e9er une collection \u00e9clectique d\u2019objets sculpturaux, tant imposants que d\u00e9licats. Ces tabourets illustrent parfaitement cette interaction entre le cr\u00e9ateur et la machine, o\u00f9 des interventions d\u00e9lib\u00e9r\u00e9es lors du processus d&#8217;extrusion donnent naissance \u00e0 des formes uniques et torsad\u00e9es qui vont au-del\u00e0 des capacit\u00e9s [&hellip;]<\/p>\n","protected":false},"featured_media":5817471,"template":"","meta":{"_acf_changed":false,"content-type":"","_themeisle_gutenberg_block_has_review":false},"product_brand":[],"product_cat":[8969,12499],"product_tag":[],"product_designer":[32939],"comfabric":[],"manufacturer":[21677],"reporting_designer":[37151],"samplecomfabric":[],"designer_clubroom":[],"class_list":{"0":"post-5817465","1":"product","2":"type-product","3":"status-publish","4":"has-post-thumbnail","6":"product_cat-ottomans-tabourets","7":"product_cat-assises","8":"pa_choice-paire","9":"pa_choice-singulier","10":"product_designer-floris-wubben-fr","11":"manufacturer-floris-wubben-atelier-fr","12":"reporting_designer-floris-wubben","14":"first","15":"instock","16":"taxable","17":"shipping-taxable","18":"purchasable","19":"product-type-variable"},"acf":[],"_links":{"self":[{"href":"https:\/\/theinvisiblecollection.com\/fr\/wp-json\/wp\/v2\/product\/5817465","targetHints":{"allow":["GET"]}}],"collection":[{"href":"https:\/\/theinvisiblecollection.com\/fr\/wp-json\/wp\/v2\/product"}],"about":[{"href":"https:\/\/theinvisiblecollection.com\/fr\/wp-json\/wp\/v2\/types\/product"}],"wp:featuredmedia":[{"embeddable":true,"href":"https:\/\/theinvisiblecollection.com\/fr\/wp-json\/wp\/v2\/media\/5817471"}],"wp:attachment":[{"href":"https:\/\/theinvisiblecollection.com\/fr\/wp-json\/wp\/v2\/media?parent=5817465"}],"wp:term":[{"taxonomy":"product_brand","embeddable":true,"href":"https:\/\/theinvisiblecollection.com\/fr\/wp-json\/wp\/v2\/product_brand?post=5817465"},{"taxonomy":"product_cat","embeddable":true,"href":"https:\/\/theinvisiblecollection.com\/fr\/wp-json\/wp\/v2\/product_cat?post=5817465"},{"taxonomy":"product_tag","embeddable":true,"href":"https:\/\/theinvisiblecollection.com\/fr\/wp-json\/wp\/v2\/product_tag?post=5817465"},{"taxonomy":"product_designer","embeddable":true,"href":"https:\/\/theinvisiblecollection.com\/fr\/wp-json\/wp\/v2\/product_designer?post=5817465"},{"taxonomy":"comfabric","embeddable":true,"href":"https:\/\/theinvisiblecollection.com\/fr\/wp-json\/wp\/v2\/comfabric?post=5817465"},{"taxonomy":"manufacturer","embeddable":true,"href":"https:\/\/theinvisiblecollection.com\/fr\/wp-json\/wp\/v2\/manufacturer?post=5817465"},{"taxonomy":"reporting_designer","embeddable":true,"href":"https:\/\/theinvisiblecollection.com\/fr\/wp-json\/wp\/v2\/reporting_designer?post=5817465"},{"taxonomy":"samplecomfabric","embeddable":true,"href":"https:\/\/theinvisiblecollection.com\/fr\/wp-json\/wp\/v2\/samplecomfabric?post=5817465"},{"taxonomy":"clubroom_product_designer","embeddable":true,"href":"https:\/\/theinvisiblecollection.com\/fr\/wp-json\/wp\/v2\/designer_clubroom?post=5817465"}],"curies":[{"name":"wp","href":"https:\/\/api.w.org\/{rel}","templated":true}]}}