{"id":5817577,"date":"2025-03-25T14:12:58","date_gmt":"2025-03-25T14:12:58","guid":{"rendered":"https:\/\/theinvisiblecollection.com\/?post_type=product&#038;p=5817577"},"modified":"2026-05-01T07:37:18","modified_gmt":"2026-05-01T07:37:18","slug":"studio-floris-wubben-tabouret-emaille-modele-quatre","status":"publish","type":"product","link":"https:\/\/theinvisiblecollection.com\/fr\/produit\/studio-floris-wubben-tabouret-emaille-modele-quatre\/","title":{"rendered":"Tabouret \u00e9maill\u00e9 Mod\u00e8le 4"},"content":{"rendered":"<p>Inspir\u00e9s par l&#8217;architecture imposante des structures de d\u00e9fense, ces tabourets illustrent l&#8217;approche unique de Floris Wubben en mati\u00e8re de design c\u00e9ramique. En combinant l&#8217;intervention manuelle et l&#8217;extrusion m\u00e9canique, Wubben cr\u00e9e des formes robustes et fonctionnelles qui \u00e9voquent la force des bunkers, tout en s&#8217;inspirant des souvenirs nostalgiques de son enfance dans les bois et les dunes de la Z\u00e9lande.<\/p>\n","protected":false},"excerpt":{"rendered":"<p>Inspir\u00e9s par l&#8217;architecture imposante des structures de d\u00e9fense, ces tabourets illustrent l&#8217;approche unique de Floris Wubben en mati\u00e8re de design c\u00e9ramique. En combinant l&#8217;intervention manuelle et l&#8217;extrusion m\u00e9canique, Wubben cr\u00e9e des formes robustes et fonctionnelles qui \u00e9voquent la force des bunkers, tout en s&#8217;inspirant des souvenirs nostalgiques de son enfance dans les bois et les [&hellip;]<\/p>\n","protected":false},"featured_media":5817608,"template":"","meta":{"_acf_changed":false,"content-type":"","_themeisle_gutenberg_block_has_review":false},"product_brand":[],"product_cat":[8969,12499],"product_tag":[],"product_designer":[32939],"comfabric":[],"manufacturer":[21677],"reporting_designer":[37151],"samplecomfabric":[],"designer_clubroom":[],"class_list":{"0":"post-5817577","1":"product","2":"type-product","3":"status-publish","4":"has-post-thumbnail","6":"product_cat-ottomans-tabourets","7":"product_cat-assises","8":"pa_choice-paire","9":"pa_choice-singulier","10":"product_designer-floris-wubben-fr","11":"manufacturer-floris-wubben-atelier-fr","12":"reporting_designer-floris-wubben","14":"first","15":"instock","16":"taxable","17":"shipping-taxable","18":"purchasable","19":"product-type-variable"},"acf":[],"_links":{"self":[{"href":"https:\/\/theinvisiblecollection.com\/fr\/wp-json\/wp\/v2\/product\/5817577","targetHints":{"allow":["GET"]}}],"collection":[{"href":"https:\/\/theinvisiblecollection.com\/fr\/wp-json\/wp\/v2\/product"}],"about":[{"href":"https:\/\/theinvisiblecollection.com\/fr\/wp-json\/wp\/v2\/types\/product"}],"wp:featuredmedia":[{"embeddable":true,"href":"https:\/\/theinvisiblecollection.com\/fr\/wp-json\/wp\/v2\/media\/5817608"}],"wp:attachment":[{"href":"https:\/\/theinvisiblecollection.com\/fr\/wp-json\/wp\/v2\/media?parent=5817577"}],"wp:term":[{"taxonomy":"product_brand","embeddable":true,"href":"https:\/\/theinvisiblecollection.com\/fr\/wp-json\/wp\/v2\/product_brand?post=5817577"},{"taxonomy":"product_cat","embeddable":true,"href":"https:\/\/theinvisiblecollection.com\/fr\/wp-json\/wp\/v2\/product_cat?post=5817577"},{"taxonomy":"product_tag","embeddable":true,"href":"https:\/\/theinvisiblecollection.com\/fr\/wp-json\/wp\/v2\/product_tag?post=5817577"},{"taxonomy":"product_designer","embeddable":true,"href":"https:\/\/theinvisiblecollection.com\/fr\/wp-json\/wp\/v2\/product_designer?post=5817577"},{"taxonomy":"comfabric","embeddable":true,"href":"https:\/\/theinvisiblecollection.com\/fr\/wp-json\/wp\/v2\/comfabric?post=5817577"},{"taxonomy":"manufacturer","embeddable":true,"href":"https:\/\/theinvisiblecollection.com\/fr\/wp-json\/wp\/v2\/manufacturer?post=5817577"},{"taxonomy":"reporting_designer","embeddable":true,"href":"https:\/\/theinvisiblecollection.com\/fr\/wp-json\/wp\/v2\/reporting_designer?post=5817577"},{"taxonomy":"samplecomfabric","embeddable":true,"href":"https:\/\/theinvisiblecollection.com\/fr\/wp-json\/wp\/v2\/samplecomfabric?post=5817577"},{"taxonomy":"clubroom_product_designer","embeddable":true,"href":"https:\/\/theinvisiblecollection.com\/fr\/wp-json\/wp\/v2\/designer_clubroom?post=5817577"}],"curies":[{"name":"wp","href":"https:\/\/api.w.org\/{rel}","templated":true}]}}