{"id":5817755,"date":"2025-03-25T15:49:14","date_gmt":"2025-03-25T15:49:14","guid":{"rendered":"https:\/\/theinvisiblecollection.com\/?post_type=product&#038;p=5817755"},"modified":"2026-05-01T07:37:18","modified_gmt":"2026-05-01T07:37:18","slug":"studio-floris-wubben-tabouret-temple","status":"publish","type":"product","link":"https:\/\/theinvisiblecollection.com\/fr\/produit\/studio-floris-wubben-tabouret-temple\/","title":{"rendered":"Tabouret Temple"},"content":{"rendered":"<p>Le tabouret Temple r\u00e9interpr\u00e8te une pi\u00e8ce cl\u00e9 de la premi\u00e8re collection du studio, r\u00e9alis\u00e9e \u00e0 l&#8217;aide de ses d\u00e9sormais c\u00e9l\u00e8bres machines d&#8217;extrusion. Ce processus innovant combine l&#8217;argile extrud\u00e9e avec des profils fa\u00e7onn\u00e9s \u00e0 la main, permettant de cr\u00e9er des formes \u00e0 la fois uniques et coh\u00e9rentes au sein d&#8217;une m\u00eame s\u00e9rie. Le r\u00e9sultat est un design qui allie l&#8217;individualit\u00e9 de l&#8217;artisanat \u00e0 la pr\u00e9cision d&#8217;une m\u00e9thode reproductible, mettant en avant l&#8217;approche signature du studio en mati\u00e8re de mat\u00e9riau et de forme.<\/p>\n","protected":false},"excerpt":{"rendered":"<p>Le tabouret Temple r\u00e9interpr\u00e8te une pi\u00e8ce cl\u00e9 de la premi\u00e8re collection du studio, r\u00e9alis\u00e9e \u00e0 l&#8217;aide de ses d\u00e9sormais c\u00e9l\u00e8bres machines d&#8217;extrusion. Ce processus innovant combine l&#8217;argile extrud\u00e9e avec des profils fa\u00e7onn\u00e9s \u00e0 la main, permettant de cr\u00e9er des formes \u00e0 la fois uniques et coh\u00e9rentes au sein d&#8217;une m\u00eame s\u00e9rie. Le r\u00e9sultat est un [&hellip;]<\/p>\n","protected":false},"featured_media":5817772,"template":"","meta":{"_acf_changed":false,"content-type":"","_themeisle_gutenberg_block_has_review":false},"product_brand":[],"product_cat":[8969,12499],"product_tag":[],"product_designer":[32939],"comfabric":[],"manufacturer":[21677],"reporting_designer":[37151],"samplecomfabric":[],"designer_clubroom":[],"class_list":{"0":"post-5817755","1":"product","2":"type-product","3":"status-publish","4":"has-post-thumbnail","6":"product_cat-ottomans-tabourets","7":"product_cat-assises","8":"pa_choice-paire","9":"pa_choice-singulier","10":"product_designer-floris-wubben-fr","11":"manufacturer-floris-wubben-atelier-fr","12":"reporting_designer-floris-wubben","14":"first","15":"instock","16":"taxable","17":"shipping-taxable","18":"purchasable","19":"product-type-variable"},"acf":[],"_links":{"self":[{"href":"https:\/\/theinvisiblecollection.com\/fr\/wp-json\/wp\/v2\/product\/5817755","targetHints":{"allow":["GET"]}}],"collection":[{"href":"https:\/\/theinvisiblecollection.com\/fr\/wp-json\/wp\/v2\/product"}],"about":[{"href":"https:\/\/theinvisiblecollection.com\/fr\/wp-json\/wp\/v2\/types\/product"}],"wp:featuredmedia":[{"embeddable":true,"href":"https:\/\/theinvisiblecollection.com\/fr\/wp-json\/wp\/v2\/media\/5817772"}],"wp:attachment":[{"href":"https:\/\/theinvisiblecollection.com\/fr\/wp-json\/wp\/v2\/media?parent=5817755"}],"wp:term":[{"taxonomy":"product_brand","embeddable":true,"href":"https:\/\/theinvisiblecollection.com\/fr\/wp-json\/wp\/v2\/product_brand?post=5817755"},{"taxonomy":"product_cat","embeddable":true,"href":"https:\/\/theinvisiblecollection.com\/fr\/wp-json\/wp\/v2\/product_cat?post=5817755"},{"taxonomy":"product_tag","embeddable":true,"href":"https:\/\/theinvisiblecollection.com\/fr\/wp-json\/wp\/v2\/product_tag?post=5817755"},{"taxonomy":"product_designer","embeddable":true,"href":"https:\/\/theinvisiblecollection.com\/fr\/wp-json\/wp\/v2\/product_designer?post=5817755"},{"taxonomy":"comfabric","embeddable":true,"href":"https:\/\/theinvisiblecollection.com\/fr\/wp-json\/wp\/v2\/comfabric?post=5817755"},{"taxonomy":"manufacturer","embeddable":true,"href":"https:\/\/theinvisiblecollection.com\/fr\/wp-json\/wp\/v2\/manufacturer?post=5817755"},{"taxonomy":"reporting_designer","embeddable":true,"href":"https:\/\/theinvisiblecollection.com\/fr\/wp-json\/wp\/v2\/reporting_designer?post=5817755"},{"taxonomy":"samplecomfabric","embeddable":true,"href":"https:\/\/theinvisiblecollection.com\/fr\/wp-json\/wp\/v2\/samplecomfabric?post=5817755"},{"taxonomy":"clubroom_product_designer","embeddable":true,"href":"https:\/\/theinvisiblecollection.com\/fr\/wp-json\/wp\/v2\/designer_clubroom?post=5817755"}],"curies":[{"name":"wp","href":"https:\/\/api.w.org\/{rel}","templated":true}]}}