{"id":5820753,"date":"2025-04-04T11:46:52","date_gmt":"2025-04-04T11:46:52","guid":{"rendered":"https:\/\/theinvisiblecollection.com\/?post_type=product&#038;p=5820753"},"modified":"2026-05-01T07:37:18","modified_gmt":"2026-05-01T07:37:18","slug":"jerome-faillant-dumas-applique-gelsomina-i","status":"publish","type":"product","link":"https:\/\/theinvisiblecollection.com\/fr\/produit\/jerome-faillant-dumas-applique-gelsomina-i\/","title":{"rendered":"Applique Gelsomina I"},"content":{"rendered":"<p style=\"text-align: justify;\"><span class=\"TextRun SCXW189106228 BCX0\" lang=\"EN-US\" xml:lang=\"EN-US\" data-contrast=\"auto\"><span class=\"NormalTextRun SpellingErrorV2Themed SCXW189106228 BCX0\">Design par J\u00e9r\u00f4me Faillant-Dumas et Marion Agnel-Guidoni.<br \/>\n<\/span><span class=\"NormalTextRun SCXW189106228 BCX0\">La <\/span><span class=\"NormalTextRun SpellingErrorV2Themed SCXW189106228 BCX0\">lampe<\/span> <span class=\"NormalTextRun SCXW189106228 BCX0\">Gelsomina<\/span> <span class=\"NormalTextRun SpellingErrorV2Themed SCXW189106228 BCX0\">est<\/span> <span class=\"NormalTextRun SpellingErrorV2Themed SCXW189106228 BCX0\">une<\/span><span class=\"NormalTextRun SCXW189106228 BCX0\"> pi\u00e8ce <\/span><span class=\"NormalTextRun SpellingErrorV2Themed SCXW189106228 BCX0\">sculpturale<\/span> <span class=\"NormalTextRun SpellingErrorV2Themed SCXW189106228 BCX0\">inspir\u00e9e<\/span><span class=\"NormalTextRun SCXW189106228 BCX0\"> par <\/span><span class=\"NormalTextRun SpellingErrorV2Themed SCXW189106228 BCX0\">l\u2019univers<\/span> <span class=\"NormalTextRun SpellingErrorV2Themed SCXW189106228 BCX0\">surr\u00e9aliste<\/span><span class=\"NormalTextRun SCXW189106228 BCX0\"> de Max Ernst. Alliant <\/span><span class=\"NormalTextRun SpellingErrorV2Themed SCXW189106228 BCX0\">lignes<\/span> <span class=\"NormalTextRun SpellingErrorV2Themed SCXW189106228 BCX0\">organiques<\/span><span class=\"NormalTextRun SCXW189106228 BCX0\"> et <\/span><span class=\"NormalTextRun SpellingErrorV2Themed SCXW189106228 BCX0\">r\u00e9f\u00e9rences<\/span> <span class=\"NormalTextRun SpellingErrorV2Themed SCXW189106228 BCX0\">artistiques<\/span><span class=\"NormalTextRun SCXW189106228 BCX0\">, <\/span><span class=\"NormalTextRun SpellingErrorV2Themed SCXW189106228 BCX0\">elle<\/span> <span class=\"NormalTextRun SpellingErrorV2Themed SCXW189106228 BCX0\">incarne<\/span> <span class=\"NormalTextRun SpellingErrorV2Themed SCXW189106228 BCX0\">une<\/span> <span class=\"NormalTextRun SpellingErrorV2Themed SCXW189106228 BCX0\">po\u00e9sie<\/span> <span class=\"NormalTextRun SpellingErrorV2Themed SCXW189106228 BCX0\">lumineuse<\/span> <span class=\"NormalTextRun SpellingErrorV2Themed SCXW189106228 BCX0\">singuli\u00e8re<\/span><span class=\"NormalTextRun SCXW189106228 BCX0\">, entre art et design.\u00a0<\/span><\/span><span class=\"EOP SCXW189106228 BCX0\" data-ccp-props=\"{&quot;134233117&quot;:false,&quot;134233118&quot;:false,&quot;201341983&quot;:0,&quot;335551550&quot;:1,&quot;335551620&quot;:1,&quot;335559685&quot;:0,&quot;335559737&quot;:0,&quot;335559738&quot;:0,&quot;335559739&quot;:160,&quot;335559740&quot;:279}\">\u00a0<\/span><\/p>\n","protected":false},"excerpt":{"rendered":"<p>Design par J\u00e9r\u00f4me Faillant-Dumas et Marion Agnel-Guidoni. La lampe Gelsomina est une pi\u00e8ce sculpturale inspir\u00e9e par l\u2019univers surr\u00e9aliste de Max Ernst. Alliant lignes organiques et r\u00e9f\u00e9rences artistiques, elle incarne une po\u00e9sie lumineuse singuli\u00e8re, entre art et design.\u00a0\u00a0<\/p>\n","protected":false},"featured_media":5821732,"template":"","meta":{"_acf_changed":false,"content-type":"","_themeisle_gutenberg_block_has_review":false},"product_brand":[],"product_cat":[8975,12507],"product_tag":[],"product_designer":[8887],"comfabric":[],"manufacturer":[16687],"reporting_designer":[37606],"samplecomfabric":[],"designer_clubroom":[],"class_list":{"0":"post-5820753","1":"product","2":"type-product","3":"status-publish","4":"has-post-thumbnail","6":"product_cat-appliques-murales","7":"product_cat-luminaires","8":"product_designer-jerome-faillant-dumas-fr","9":"manufacturer-jerome-faillant-dumas","10":"reporting_designer-jerome-faillant-dumas","11":"exhibitions-paris-fr","13":"first","14":"instock","15":"taxable","16":"shipping-taxable","17":"purchasable","18":"product-type-simple"},"acf":[],"_links":{"self":[{"href":"https:\/\/theinvisiblecollection.com\/fr\/wp-json\/wp\/v2\/product\/5820753","targetHints":{"allow":["GET"]}}],"collection":[{"href":"https:\/\/theinvisiblecollection.com\/fr\/wp-json\/wp\/v2\/product"}],"about":[{"href":"https:\/\/theinvisiblecollection.com\/fr\/wp-json\/wp\/v2\/types\/product"}],"wp:featuredmedia":[{"embeddable":true,"href":"https:\/\/theinvisiblecollection.com\/fr\/wp-json\/wp\/v2\/media\/5821732"}],"wp:attachment":[{"href":"https:\/\/theinvisiblecollection.com\/fr\/wp-json\/wp\/v2\/media?parent=5820753"}],"wp:term":[{"taxonomy":"product_brand","embeddable":true,"href":"https:\/\/theinvisiblecollection.com\/fr\/wp-json\/wp\/v2\/product_brand?post=5820753"},{"taxonomy":"product_cat","embeddable":true,"href":"https:\/\/theinvisiblecollection.com\/fr\/wp-json\/wp\/v2\/product_cat?post=5820753"},{"taxonomy":"product_tag","embeddable":true,"href":"https:\/\/theinvisiblecollection.com\/fr\/wp-json\/wp\/v2\/product_tag?post=5820753"},{"taxonomy":"product_designer","embeddable":true,"href":"https:\/\/theinvisiblecollection.com\/fr\/wp-json\/wp\/v2\/product_designer?post=5820753"},{"taxonomy":"comfabric","embeddable":true,"href":"https:\/\/theinvisiblecollection.com\/fr\/wp-json\/wp\/v2\/comfabric?post=5820753"},{"taxonomy":"manufacturer","embeddable":true,"href":"https:\/\/theinvisiblecollection.com\/fr\/wp-json\/wp\/v2\/manufacturer?post=5820753"},{"taxonomy":"reporting_designer","embeddable":true,"href":"https:\/\/theinvisiblecollection.com\/fr\/wp-json\/wp\/v2\/reporting_designer?post=5820753"},{"taxonomy":"samplecomfabric","embeddable":true,"href":"https:\/\/theinvisiblecollection.com\/fr\/wp-json\/wp\/v2\/samplecomfabric?post=5820753"},{"taxonomy":"clubroom_product_designer","embeddable":true,"href":"https:\/\/theinvisiblecollection.com\/fr\/wp-json\/wp\/v2\/designer_clubroom?post=5820753"}],"curies":[{"name":"wp","href":"https:\/\/api.w.org\/{rel}","templated":true}]}}