{"id":5821505,"date":"2025-04-03T16:04:58","date_gmt":"2025-04-03T16:04:58","guid":{"rendered":"https:\/\/theinvisiblecollection.com\/?post_type=product&#038;p=5821505"},"modified":"2026-05-08T04:38:34","modified_gmt":"2026-05-08T04:38:34","slug":"repossi-x-campbell-rey-paire-de-tables-martini-serti-sur-vide","status":"publish","type":"product","link":"https:\/\/theinvisiblecollection.com\/fr\/produit\/repossi-x-campbell-rey-paire-de-tables-martini-serti-sur-vide\/","title":{"rendered":"Paire de tables Martini Serti sur Vide"},"content":{"rendered":"<p style=\"text-align: justify;\">La paire de tables martini Serti sur Vide par Campbell-Rey est une interpr\u00e9tation sculpturale et audacieuses de la collection de bijoux Repossi du m\u00eame nom, avec le m\u00eame effet de flottaison.<span class=\"aap\">\u00a0\u00a0<\/span>Leurs plateaux en verre v\u00e9nitien coul\u00e9, taill\u00e9s comme des diamants en poire, reposent avec \u00e9l\u00e9gance sur des pi\u00e8tements architecturaux aux finitions dor\u00e9es, incarnant l\u2019esprit avant-gardiste et le glamour de la Caf\u00e9 Society des ann\u00e9es 1920. Le nom table Martini est apparu pour la premi\u00e8re fois dans les ann\u00e9es 1920, \u00e0 une \u00e9poque o\u00f9, des speakeasies aux salons de la bonne soci\u00e9t\u00e9, la table d\u2019appoint est devenue un \u00e9l\u00e9ment essentiel de l\u2019heure du cocktail. Il semble que ce soient les Fran\u00e7ais qui, d\u00e8s le d\u00e9but du XVIIIe si\u00e8cle, aient introduit l\u2019id\u00e9e d\u2019une petite table d\u2019appoint appel\u00e9e servante. Ce meuble mobile poss\u00e9dait un minuscule plateau sur un pi\u00e8tement central, facile \u00e0 d\u00e9placer. \u00c0 l\u2019origine, il servait \u00e0 d\u00e9poser des mignardises ou des verres de liqueur apr\u00e8s un d\u00eener informel, mais il a rapidement \u00e9volu\u00e9 pour devenir le meuble id\u00e9al pour pr\u00e9senter des boissons plus festives. D\u2019o\u00f9 l\u2019\u00e9volution de son nom en Martini table.<\/p>\n","protected":false},"excerpt":{"rendered":"<p>La paire de tables martini Serti sur Vide par Campbell-Rey est une interpr\u00e9tation sculpturale et audacieuses de la collection de bijoux Repossi du m\u00eame nom, avec le m\u00eame effet de flottaison.\u00a0\u00a0Leurs plateaux en verre v\u00e9nitien coul\u00e9, taill\u00e9s comme des diamants en poire, reposent avec \u00e9l\u00e9gance sur des pi\u00e8tements architecturaux aux finitions dor\u00e9es, incarnant l\u2019esprit avant-gardiste [&hellip;]<\/p>\n","protected":false},"featured_media":5821496,"template":"","meta":{"_acf_changed":false,"content-type":"","_themeisle_gutenberg_block_has_review":false},"product_brand":[],"product_cat":[12332,12503],"product_tag":[33319,35206],"product_designer":[14078,33299],"comfabric":[],"manufacturer":[33293],"reporting_designer":[37597],"samplecomfabric":[],"designer_clubroom":[],"class_list":{"0":"post-5821505","1":"product","2":"type-product","3":"status-publish","4":"has-post-thumbnail","6":"product_cat-tables-dappoint","7":"product_cat-tables-fr","8":"product_tag-edition-limitee","9":"product_tag-exclusive-fr","10":"pa_choice-paire-de-tables","11":"pa_choice-table-unique-claire-plateau-en-verre-clair","12":"pa_choice-table-unique-plateau-en-verre-vert","13":"product_designer-campbell-rey-fr","14":"product_designer-repossi-fr","15":"manufacturer-pierre-noire-fr","16":"reporting_designer-repossi","18":"first","19":"instock","20":"taxable","21":"shipping-taxable","22":"purchasable","23":"product-type-variable"},"acf":[],"_links":{"self":[{"href":"https:\/\/theinvisiblecollection.com\/fr\/wp-json\/wp\/v2\/product\/5821505","targetHints":{"allow":["GET"]}}],"collection":[{"href":"https:\/\/theinvisiblecollection.com\/fr\/wp-json\/wp\/v2\/product"}],"about":[{"href":"https:\/\/theinvisiblecollection.com\/fr\/wp-json\/wp\/v2\/types\/product"}],"wp:featuredmedia":[{"embeddable":true,"href":"https:\/\/theinvisiblecollection.com\/fr\/wp-json\/wp\/v2\/media\/5821496"}],"wp:attachment":[{"href":"https:\/\/theinvisiblecollection.com\/fr\/wp-json\/wp\/v2\/media?parent=5821505"}],"wp:term":[{"taxonomy":"product_brand","embeddable":true,"href":"https:\/\/theinvisiblecollection.com\/fr\/wp-json\/wp\/v2\/product_brand?post=5821505"},{"taxonomy":"product_cat","embeddable":true,"href":"https:\/\/theinvisiblecollection.com\/fr\/wp-json\/wp\/v2\/product_cat?post=5821505"},{"taxonomy":"product_tag","embeddable":true,"href":"https:\/\/theinvisiblecollection.com\/fr\/wp-json\/wp\/v2\/product_tag?post=5821505"},{"taxonomy":"product_designer","embeddable":true,"href":"https:\/\/theinvisiblecollection.com\/fr\/wp-json\/wp\/v2\/product_designer?post=5821505"},{"taxonomy":"comfabric","embeddable":true,"href":"https:\/\/theinvisiblecollection.com\/fr\/wp-json\/wp\/v2\/comfabric?post=5821505"},{"taxonomy":"manufacturer","embeddable":true,"href":"https:\/\/theinvisiblecollection.com\/fr\/wp-json\/wp\/v2\/manufacturer?post=5821505"},{"taxonomy":"reporting_designer","embeddable":true,"href":"https:\/\/theinvisiblecollection.com\/fr\/wp-json\/wp\/v2\/reporting_designer?post=5821505"},{"taxonomy":"samplecomfabric","embeddable":true,"href":"https:\/\/theinvisiblecollection.com\/fr\/wp-json\/wp\/v2\/samplecomfabric?post=5821505"},{"taxonomy":"clubroom_product_designer","embeddable":true,"href":"https:\/\/theinvisiblecollection.com\/fr\/wp-json\/wp\/v2\/designer_clubroom?post=5821505"}],"curies":[{"name":"wp","href":"https:\/\/api.w.org\/{rel}","templated":true}]}}