{"id":5824888,"date":"2022-08-16T16:05:00","date_gmt":"2022-08-16T15:05:00","guid":{"rendered":"https:\/\/theinvisiblecollection.com\/?post_type=product&#038;p=5824888"},"modified":"2026-05-01T07:37:18","modified_gmt":"2026-05-01T07:37:18","slug":"noe-duchaufour-lawrance-table-dappoint-mineral-flower-ii","status":"publish","type":"product","link":"https:\/\/theinvisiblecollection.com\/fr\/produit\/noe-duchaufour-lawrance-table-dappoint-mineral-flower-ii\/","title":{"rendered":"Table d&#8217;Appoint Mineral Flower 2"},"content":{"rendered":"<p><span class=\"TextRun SCXW198929274 BCX0\" lang=\"EN-GB\" xml:lang=\"EN-GB\" data-contrast=\"auto\"><span class=\"NormalTextRun SCXW198929274 BCX0\">Table d&#8217;appoint<\/span><span class=\"NormalTextRun SCXW198929274 BCX0\">\u00a0Mineral Flower de No\u00e9 <\/span><span class=\"NormalTextRun SpellingErrorV2Themed SCXW198929274 BCX0\">Duchaufour<\/span><span class=\"NormalTextRun SCXW198929274 BCX0\">-Lawr<\/span><span class=\"NormalTextRun SCXW198929274 BCX0\">a<\/span><span class=\"NormalTextRun SCXW198929274 BCX0\">nce <\/span><span class=\"NormalTextRun SpellingErrorV2Themed SCXW198929274 BCX0\">est<\/span><span class=\"NormalTextRun SCXW198929274 BCX0\"> un meuble <\/span><span class=\"NormalTextRun SpellingErrorV2Themed SCXW198929274 BCX0\">saisissant<\/span> <span class=\"NormalTextRun SpellingErrorV2Themed SCXW198929274 BCX0\">sculpt\u00e9<\/span><span class=\"NormalTextRun SCXW198929274 BCX0\"> \u00e0 la main dans un <\/span><span class=\"NormalTextRun SpellingErrorV2Themed SCXW198929274 BCX0\">seul<\/span><span class=\"NormalTextRun SCXW198929274 BCX0\"> bloc de <\/span><span class=\"NormalTextRun SpellingErrorV2Themed SCXW198929274 BCX0\">marbre<\/span><span class=\"NormalTextRun SCXW198929274 BCX0\">, <\/span><span class=\"NormalTextRun SpellingErrorV2Themed SCXW198929274 BCX0\">comme<\/span> <span class=\"NormalTextRun SpellingErrorV2Themed SCXW198929274 BCX0\">s&#8217;il<\/span> <span class=\"NormalTextRun SpellingErrorV2Themed SCXW198929274 BCX0\">s&#8217;agissait<\/span> <span class=\"NormalTextRun SpellingErrorV2Themed SCXW198929274 BCX0\">d&#8217;une<\/span> <span class=\"NormalTextRun SpellingErrorV2Themed SCXW198929274 BCX0\">pierre<\/span> <span class=\"NormalTextRun SpellingErrorV2Themed SCXW198929274 BCX0\">pr\u00e9cieuse<\/span> <span class=\"NormalTextRun SpellingErrorV2Themed SCXW198929274 BCX0\">extraite<\/span><span class=\"NormalTextRun SCXW198929274 BCX0\"> du <\/span><span class=\"NormalTextRun SpellingErrorV2Themed SCXW198929274 BCX0\">c\u0153ur<\/span><span class=\"NormalTextRun SCXW198929274 BCX0\"> de la <\/span><span class=\"NormalTextRun SpellingErrorV2Themed SCXW198929274 BCX0\">pierre<\/span><span class=\"NormalTextRun SCXW198929274 BCX0\">. Des <\/span><span class=\"NormalTextRun SpellingErrorV2Themed SCXW198929274 BCX0\">formes<\/span> <span class=\"NormalTextRun SpellingErrorV2Themed SCXW198929274 BCX0\">ac\u00e9r\u00e9es<\/span> <span class=\"NormalTextRun SpellingErrorV2Themed SCXW198929274 BCX0\">interagissent<\/span><span class=\"NormalTextRun SCXW198929274 BCX0\"> pour <\/span><span class=\"NormalTextRun SpellingErrorV2Themed SCXW198929274 BCX0\">s&#8217;ouvrir<\/span> <span class=\"NormalTextRun SpellingErrorV2Themed SCXW198929274 BCX0\">gracieusement<\/span> <span class=\"NormalTextRun SpellingErrorV2Themed SCXW198929274 BCX0\">en<\/span> <span class=\"NormalTextRun SpellingErrorV2Themed SCXW198929274 BCX0\">p\u00e9tales<\/span><span class=\"NormalTextRun SCXW198929274 BCX0\"> de <\/span><span class=\"NormalTextRun SpellingErrorV2Themed SCXW198929274 BCX0\">marbre<\/span><span class=\"NormalTextRun SCXW198929274 BCX0\">, <\/span><span class=\"NormalTextRun SpellingErrorV2Themed SCXW198929274 BCX0\">r\u00e9v\u00e9lant<\/span><span class=\"NormalTextRun SCXW198929274 BCX0\"> des sculptures <\/span><span class=\"NormalTextRun SpellingErrorV2Themed SCXW198929274 BCX0\">\u00e9tonnamment<\/span> <span class=\"NormalTextRun SpellingErrorV2Themed SCXW198929274 BCX0\">l\u00e9g\u00e8res<\/span><span class=\"NormalTextRun SCXW198929274 BCX0\">.<\/span><\/span><span class=\"EOP SCXW198929274 BCX0\" data-ccp-props=\"{&quot;201341983&quot;:0,&quot;335559740&quot;:259}\">\u00a0<\/span><\/p>\n","protected":false},"excerpt":{"rendered":"<p>Table d&#8217;appoint\u00a0Mineral Flower de No\u00e9 Duchaufour-Lawrance est un meuble saisissant sculpt\u00e9 \u00e0 la main dans un seul bloc de marbre, comme s&#8217;il s&#8217;agissait d&#8217;une pierre pr\u00e9cieuse extraite du c\u0153ur de la pierre. Des formes ac\u00e9r\u00e9es interagissent pour s&#8217;ouvrir gracieusement en p\u00e9tales de marbre, r\u00e9v\u00e9lant des sculptures \u00e9tonnamment l\u00e9g\u00e8res.\u00a0<\/p>\n","protected":false},"featured_media":950330,"template":"","meta":{"_acf_changed":false,"content-type":"","_themeisle_gutenberg_block_has_review":false},"product_brand":[],"product_cat":[12501,12503,12514,12332],"product_tag":[31474,31477,33319,7435],"product_designer":[18423],"comfabric":[],"manufacturer":[18489],"reporting_designer":[37745],"samplecomfabric":[],"designer_clubroom":[],"class_list":{"0":"post-5824888","1":"product","2":"type-product","3":"status-publish","4":"has-post-thumbnail","6":"product_cat-chambre-a-coucher","7":"product_cat-tables-fr","8":"product_cat-tables-de-chevet","9":"product_cat-tables-dappoint","10":"product_tag-co-white-fr","11":"product_tag-st-curvy-fr","12":"product_tag-edition-limitee","13":"product_tag-new-in-fr","14":"product_designer-noe-duchaufour-lawrance-fr","15":"manufacturer-gargula-gotica-fr","16":"reporting_designer-noe-duchaufour-lawrance","18":"first","19":"instock","20":"featured","21":"taxable","22":"shipping-taxable","23":"purchasable","24":"product-type-variable"},"acf":[],"_links":{"self":[{"href":"https:\/\/theinvisiblecollection.com\/fr\/wp-json\/wp\/v2\/product\/5824888","targetHints":{"allow":["GET"]}}],"collection":[{"href":"https:\/\/theinvisiblecollection.com\/fr\/wp-json\/wp\/v2\/product"}],"about":[{"href":"https:\/\/theinvisiblecollection.com\/fr\/wp-json\/wp\/v2\/types\/product"}],"wp:featuredmedia":[{"embeddable":true,"href":"https:\/\/theinvisiblecollection.com\/fr\/wp-json\/wp\/v2\/media\/950330"}],"wp:attachment":[{"href":"https:\/\/theinvisiblecollection.com\/fr\/wp-json\/wp\/v2\/media?parent=5824888"}],"wp:term":[{"taxonomy":"product_brand","embeddable":true,"href":"https:\/\/theinvisiblecollection.com\/fr\/wp-json\/wp\/v2\/product_brand?post=5824888"},{"taxonomy":"product_cat","embeddable":true,"href":"https:\/\/theinvisiblecollection.com\/fr\/wp-json\/wp\/v2\/product_cat?post=5824888"},{"taxonomy":"product_tag","embeddable":true,"href":"https:\/\/theinvisiblecollection.com\/fr\/wp-json\/wp\/v2\/product_tag?post=5824888"},{"taxonomy":"product_designer","embeddable":true,"href":"https:\/\/theinvisiblecollection.com\/fr\/wp-json\/wp\/v2\/product_designer?post=5824888"},{"taxonomy":"comfabric","embeddable":true,"href":"https:\/\/theinvisiblecollection.com\/fr\/wp-json\/wp\/v2\/comfabric?post=5824888"},{"taxonomy":"manufacturer","embeddable":true,"href":"https:\/\/theinvisiblecollection.com\/fr\/wp-json\/wp\/v2\/manufacturer?post=5824888"},{"taxonomy":"reporting_designer","embeddable":true,"href":"https:\/\/theinvisiblecollection.com\/fr\/wp-json\/wp\/v2\/reporting_designer?post=5824888"},{"taxonomy":"samplecomfabric","embeddable":true,"href":"https:\/\/theinvisiblecollection.com\/fr\/wp-json\/wp\/v2\/samplecomfabric?post=5824888"},{"taxonomy":"clubroom_product_designer","embeddable":true,"href":"https:\/\/theinvisiblecollection.com\/fr\/wp-json\/wp\/v2\/designer_clubroom?post=5824888"}],"curies":[{"name":"wp","href":"https:\/\/api.w.org\/{rel}","templated":true}]}}