{"id":5831346,"date":"2025-08-11T13:26:38","date_gmt":"2025-08-11T13:26:38","guid":{"rendered":"https:\/\/theinvisiblecollection.com\/?post_type=product&#038;p=5831346"},"modified":"2026-05-01T07:37:16","modified_gmt":"2026-05-01T07:37:16","slug":"garce-dimofski-chaise-luis","status":"publish","type":"product","link":"https:\/\/theinvisiblecollection.com\/fr\/produit\/garce-dimofski-chaise-luis\/","title":{"rendered":"Chaise Luis"},"content":{"rendered":"<p>La chaise Luis se distingue par un design sophistiqu\u00e9, r\u00e9alis\u00e9 avec pr\u00e9cision en inox bross\u00e9, lui conf\u00e9rant une esth\u00e9tique \u00e9l\u00e9gante et moderne. Ses pieds iconiques participent \u00e0 son allure unique, la d\u00e9marquant des chaises classiques. La fusion d\u2019\u00e9l\u00e9ments de design originaux fait de la chaise Luis une pi\u00e8ce embl\u00e9matique, alliant parfaitement forme et fonction. Cette chaise convient aussi bien \u00e0 un usage int\u00e9rieur qu\u2019ext\u00e9rieur.<\/p>\n","protected":false},"excerpt":{"rendered":"<p>La chaise Luis se distingue par un design sophistiqu\u00e9, r\u00e9alis\u00e9 avec pr\u00e9cision en inox bross\u00e9, lui conf\u00e9rant une esth\u00e9tique \u00e9l\u00e9gante et moderne. Ses pieds iconiques participent \u00e0 son allure unique, la d\u00e9marquant des chaises classiques. La fusion d\u2019\u00e9l\u00e9ments de design originaux fait de la chaise Luis une pi\u00e8ce embl\u00e9matique, alliant parfaitement forme et fonction. Cette [&hellip;]<\/p>\n","protected":false},"featured_media":5831335,"template":"","meta":{"_acf_changed":false,"content-type":"","_themeisle_gutenberg_block_has_review":false},"product_brand":[],"product_cat":[8962,12499],"product_tag":[9651,10140,35206,8942,9017,9644],"product_designer":[15857],"comfabric":[29342],"manufacturer":[22038],"reporting_designer":[37463],"samplecomfabric":[30764],"designer_clubroom":[],"class_list":{"0":"post-5831346","1":"product","2":"type-product","3":"status-publish","4":"has-post-thumbnail","6":"product_cat-chaises","7":"product_cat-assises","8":"product_tag-metal-fr","9":"product_tag-mobilier-exterieur-fr","10":"product_tag-exclusive-fr","11":"product_tag-assise","12":"product_tag-chaise","13":"product_tag-necessaires","14":"product_designer-garce-dimofski-fr","15":"comfabric-garc-dimofski-atelier-so-pedro-da-cova-fr","16":"manufacturer-garc-dimofski-atelier-so-pedro-da-cova-fr","17":"reporting_designer-garce-dimofski","18":"samplecomfabric-garc-dimofski-atelier-porto-fr","20":"first","21":"instock","22":"taxable","23":"shipping-taxable","24":"purchasable","25":"product-type-simple"},"acf":[],"_links":{"self":[{"href":"https:\/\/theinvisiblecollection.com\/fr\/wp-json\/wp\/v2\/product\/5831346","targetHints":{"allow":["GET"]}}],"collection":[{"href":"https:\/\/theinvisiblecollection.com\/fr\/wp-json\/wp\/v2\/product"}],"about":[{"href":"https:\/\/theinvisiblecollection.com\/fr\/wp-json\/wp\/v2\/types\/product"}],"wp:featuredmedia":[{"embeddable":true,"href":"https:\/\/theinvisiblecollection.com\/fr\/wp-json\/wp\/v2\/media\/5831335"}],"wp:attachment":[{"href":"https:\/\/theinvisiblecollection.com\/fr\/wp-json\/wp\/v2\/media?parent=5831346"}],"wp:term":[{"taxonomy":"product_brand","embeddable":true,"href":"https:\/\/theinvisiblecollection.com\/fr\/wp-json\/wp\/v2\/product_brand?post=5831346"},{"taxonomy":"product_cat","embeddable":true,"href":"https:\/\/theinvisiblecollection.com\/fr\/wp-json\/wp\/v2\/product_cat?post=5831346"},{"taxonomy":"product_tag","embeddable":true,"href":"https:\/\/theinvisiblecollection.com\/fr\/wp-json\/wp\/v2\/product_tag?post=5831346"},{"taxonomy":"product_designer","embeddable":true,"href":"https:\/\/theinvisiblecollection.com\/fr\/wp-json\/wp\/v2\/product_designer?post=5831346"},{"taxonomy":"comfabric","embeddable":true,"href":"https:\/\/theinvisiblecollection.com\/fr\/wp-json\/wp\/v2\/comfabric?post=5831346"},{"taxonomy":"manufacturer","embeddable":true,"href":"https:\/\/theinvisiblecollection.com\/fr\/wp-json\/wp\/v2\/manufacturer?post=5831346"},{"taxonomy":"reporting_designer","embeddable":true,"href":"https:\/\/theinvisiblecollection.com\/fr\/wp-json\/wp\/v2\/reporting_designer?post=5831346"},{"taxonomy":"samplecomfabric","embeddable":true,"href":"https:\/\/theinvisiblecollection.com\/fr\/wp-json\/wp\/v2\/samplecomfabric?post=5831346"},{"taxonomy":"clubroom_product_designer","embeddable":true,"href":"https:\/\/theinvisiblecollection.com\/fr\/wp-json\/wp\/v2\/designer_clubroom?post=5831346"}],"curies":[{"name":"wp","href":"https:\/\/api.w.org\/{rel}","templated":true}]}}