{"id":5836443,"date":"2025-05-07T10:16:20","date_gmt":"2025-05-07T10:16:20","guid":{"rendered":"https:\/\/theinvisiblecollection.com\/?post_type=product&#038;p=5836443"},"modified":"2026-05-08T04:38:32","modified_gmt":"2026-05-08T04:38:32","slug":"courtney-applebaum-design-canape-courbe","status":"publish","type":"product","link":"https:\/\/theinvisiblecollection.com\/fr\/produit\/courtney-applebaum-design-canape-courbe\/","title":{"rendered":"Canap\u00e9 Courbe"},"content":{"rendered":"<p style=\"text-align: justify;\">Simple et moderniste dans sa forme, le Canap\u00e9 Courbe par Courtney Applebaum met en valeur les lignes raffin\u00e9es du canap\u00e9 gr\u00e2ce \u00e0 un rev\u00eatement doux. Le canap\u00e9 repose sur des pieds en acajou teint\u00e9, qui rappellent les formes g\u00e9om\u00e9triques pr\u00e9sentes dans l\u2019ensemble de la collection.<\/p>\n","protected":false},"excerpt":{"rendered":"<p>Simple et moderniste dans sa forme, le Canap\u00e9 Courbe par Courtney Applebaum met en valeur les lignes raffin\u00e9es du canap\u00e9 gr\u00e2ce \u00e0 un rev\u00eatement doux. Le canap\u00e9 repose sur des pieds en acajou teint\u00e9, qui rappellent les formes g\u00e9om\u00e9triques pr\u00e9sentes dans l\u2019ensemble de la collection.<\/p>\n","protected":false},"featured_media":5836451,"template":"","meta":{"_acf_changed":false,"content-type":"","_themeisle_gutenberg_block_has_review":false},"product_brand":[],"product_cat":[8976,12499],"product_tag":[8944,31477],"product_designer":[24433],"comfabric":[],"manufacturer":[34227],"reporting_designer":[37847],"samplecomfabric":[],"designer_clubroom":[],"class_list":{"0":"post-5836443","1":"product","2":"type-product","3":"status-publish","4":"has-post-thumbnail","6":"product_cat-canapes","7":"product_cat-assises","8":"product_tag-canape","9":"product_tag-st-curvy-fr","10":"product_designer-courtney-applebaum-design-fr","11":"manufacturer-cad-pick-up-custom-craft-upholsterers-fr","12":"reporting_designer-courtney-applebaum-design","13":"exhibitions-new-york-fr","15":"first","16":"instock","17":"taxable","18":"shipping-taxable","19":"purchasable","20":"product-type-variable"},"acf":[],"_links":{"self":[{"href":"https:\/\/theinvisiblecollection.com\/fr\/wp-json\/wp\/v2\/product\/5836443","targetHints":{"allow":["GET"]}}],"collection":[{"href":"https:\/\/theinvisiblecollection.com\/fr\/wp-json\/wp\/v2\/product"}],"about":[{"href":"https:\/\/theinvisiblecollection.com\/fr\/wp-json\/wp\/v2\/types\/product"}],"wp:featuredmedia":[{"embeddable":true,"href":"https:\/\/theinvisiblecollection.com\/fr\/wp-json\/wp\/v2\/media\/5836451"}],"wp:attachment":[{"href":"https:\/\/theinvisiblecollection.com\/fr\/wp-json\/wp\/v2\/media?parent=5836443"}],"wp:term":[{"taxonomy":"product_brand","embeddable":true,"href":"https:\/\/theinvisiblecollection.com\/fr\/wp-json\/wp\/v2\/product_brand?post=5836443"},{"taxonomy":"product_cat","embeddable":true,"href":"https:\/\/theinvisiblecollection.com\/fr\/wp-json\/wp\/v2\/product_cat?post=5836443"},{"taxonomy":"product_tag","embeddable":true,"href":"https:\/\/theinvisiblecollection.com\/fr\/wp-json\/wp\/v2\/product_tag?post=5836443"},{"taxonomy":"product_designer","embeddable":true,"href":"https:\/\/theinvisiblecollection.com\/fr\/wp-json\/wp\/v2\/product_designer?post=5836443"},{"taxonomy":"comfabric","embeddable":true,"href":"https:\/\/theinvisiblecollection.com\/fr\/wp-json\/wp\/v2\/comfabric?post=5836443"},{"taxonomy":"manufacturer","embeddable":true,"href":"https:\/\/theinvisiblecollection.com\/fr\/wp-json\/wp\/v2\/manufacturer?post=5836443"},{"taxonomy":"reporting_designer","embeddable":true,"href":"https:\/\/theinvisiblecollection.com\/fr\/wp-json\/wp\/v2\/reporting_designer?post=5836443"},{"taxonomy":"samplecomfabric","embeddable":true,"href":"https:\/\/theinvisiblecollection.com\/fr\/wp-json\/wp\/v2\/samplecomfabric?post=5836443"},{"taxonomy":"clubroom_product_designer","embeddable":true,"href":"https:\/\/theinvisiblecollection.com\/fr\/wp-json\/wp\/v2\/designer_clubroom?post=5836443"}],"curies":[{"name":"wp","href":"https:\/\/api.w.org\/{rel}","templated":true}]}}