{"id":5836641,"date":"2025-05-07T12:21:24","date_gmt":"2025-05-07T12:21:24","guid":{"rendered":"https:\/\/theinvisiblecollection.com\/?post_type=product&#038;p=5836641"},"modified":"2026-05-08T04:38:32","modified_gmt":"2026-05-08T04:38:32","slug":"courtney-applebaum-design-suspension-terracotta","status":"publish","type":"product","link":"https:\/\/theinvisiblecollection.com\/fr\/produit\/courtney-applebaum-design-suspension-terracotta\/","title":{"rendered":"Suspension Terracotta"},"content":{"rendered":"<p class=\"\" data-start=\"0\" data-end=\"373\">Inspir\u00e9e par la beaut\u00e9 naturelle de la Terre et l\u2019\u00e9l\u00e9gance du design classique, cette collection repr\u00e9sente une synth\u00e8se r\u00e9fl\u00e9chie des deux univers. La Suspension Terracotta con\u00e7ue par Courtney Applebaum r\u00e9unit trois mat\u00e9riaux \u00e9l\u00e9mentaires \u2014 la terre cuite, ou \u00ab terre cuite au four \u00bb, le verre et les fibres v\u00e9g\u00e9tales \u2014 pour cr\u00e9er des formes intemporelles et durables.<\/p>\n<p class=\"\" data-start=\"375\" data-end=\"804\">Les luminaires en terre cuite sont fabriqu\u00e9s selon la technique ancienne du coulage, qui consiste \u00e0 verser de l\u2019argile liquide dans des moules pour en d\u00e9finir la forme avant de les cuire pour obtenir une finition en fa\u00efence. D\u00e9lib\u00e9r\u00e9ment laiss\u00e9e non \u00e9maill\u00e9e, la surface brute de la terre cuite met en valeur son caract\u00e8re organique, avec seulement un l\u00e9ger pon\u00e7age appliqu\u00e9 pour obtenir une texture douce et agr\u00e9able au toucher.<\/p>\n","protected":false},"excerpt":{"rendered":"<p>Inspir\u00e9e par la beaut\u00e9 naturelle de la Terre et l\u2019\u00e9l\u00e9gance du design classique, cette collection repr\u00e9sente une synth\u00e8se r\u00e9fl\u00e9chie des deux univers. La Suspension Terracotta con\u00e7ue par Courtney Applebaum r\u00e9unit trois mat\u00e9riaux \u00e9l\u00e9mentaires \u2014 la terre cuite, ou \u00ab terre cuite au four \u00bb, le verre et les fibres v\u00e9g\u00e9tales \u2014 pour cr\u00e9er des formes [&hellip;]<\/p>\n","protected":false},"featured_media":5836645,"template":"","meta":{"_acf_changed":false,"content-type":"","_themeisle_gutenberg_block_has_review":false},"product_brand":[],"product_cat":[8961,12507],"product_tag":[9728],"product_designer":[24433],"comfabric":[],"manufacturer":[24391],"reporting_designer":[37847],"samplecomfabric":[],"designer_clubroom":[],"class_list":{"0":"post-5836641","1":"product","2":"type-product","3":"status-publish","4":"has-post-thumbnail","6":"product_cat-suspensions","7":"product_cat-luminaires","8":"product_tag-chandelier-fr","9":"product_designer-courtney-applebaum-design-fr","10":"manufacturer-episode-nyc-fr","11":"reporting_designer-courtney-applebaum-design","12":"exhibitions-new-york-fr","14":"first","15":"instock","16":"taxable","17":"shipping-taxable","18":"purchasable","19":"product-type-variable"},"acf":[],"_links":{"self":[{"href":"https:\/\/theinvisiblecollection.com\/fr\/wp-json\/wp\/v2\/product\/5836641","targetHints":{"allow":["GET"]}}],"collection":[{"href":"https:\/\/theinvisiblecollection.com\/fr\/wp-json\/wp\/v2\/product"}],"about":[{"href":"https:\/\/theinvisiblecollection.com\/fr\/wp-json\/wp\/v2\/types\/product"}],"wp:featuredmedia":[{"embeddable":true,"href":"https:\/\/theinvisiblecollection.com\/fr\/wp-json\/wp\/v2\/media\/5836645"}],"wp:attachment":[{"href":"https:\/\/theinvisiblecollection.com\/fr\/wp-json\/wp\/v2\/media?parent=5836641"}],"wp:term":[{"taxonomy":"product_brand","embeddable":true,"href":"https:\/\/theinvisiblecollection.com\/fr\/wp-json\/wp\/v2\/product_brand?post=5836641"},{"taxonomy":"product_cat","embeddable":true,"href":"https:\/\/theinvisiblecollection.com\/fr\/wp-json\/wp\/v2\/product_cat?post=5836641"},{"taxonomy":"product_tag","embeddable":true,"href":"https:\/\/theinvisiblecollection.com\/fr\/wp-json\/wp\/v2\/product_tag?post=5836641"},{"taxonomy":"product_designer","embeddable":true,"href":"https:\/\/theinvisiblecollection.com\/fr\/wp-json\/wp\/v2\/product_designer?post=5836641"},{"taxonomy":"comfabric","embeddable":true,"href":"https:\/\/theinvisiblecollection.com\/fr\/wp-json\/wp\/v2\/comfabric?post=5836641"},{"taxonomy":"manufacturer","embeddable":true,"href":"https:\/\/theinvisiblecollection.com\/fr\/wp-json\/wp\/v2\/manufacturer?post=5836641"},{"taxonomy":"reporting_designer","embeddable":true,"href":"https:\/\/theinvisiblecollection.com\/fr\/wp-json\/wp\/v2\/reporting_designer?post=5836641"},{"taxonomy":"samplecomfabric","embeddable":true,"href":"https:\/\/theinvisiblecollection.com\/fr\/wp-json\/wp\/v2\/samplecomfabric?post=5836641"},{"taxonomy":"clubroom_product_designer","embeddable":true,"href":"https:\/\/theinvisiblecollection.com\/fr\/wp-json\/wp\/v2\/designer_clubroom?post=5836641"}],"curies":[{"name":"wp","href":"https:\/\/api.w.org\/{rel}","templated":true}]}}