{"id":5836697,"date":"2025-05-09T14:07:27","date_gmt":"2025-05-09T14:07:27","guid":{"rendered":"https:\/\/theinvisiblecollection.com\/?post_type=product&#038;p=5836697"},"modified":"2026-05-06T13:52:23","modified_gmt":"2026-05-06T13:52:23","slug":"lesage-interieurs-panneau-decoratif-brode-new-york","status":"publish","type":"product","link":"https:\/\/theinvisiblecollection.com\/fr\/produit\/lesage-interieurs-panneau-decoratif-brode-new-york\/","title":{"rendered":"Panneau D\u00e9coratif Brod\u00e9 New York"},"content":{"rendered":"<p style=\"text-align: justify;\">Rendant hommage \u00e0 Central Park, ce panneau d\u00e9coratif utilise des cordes enroul\u00e9es \u00e0 la main de diff\u00e9rentes \u00e9paisseurs pour cr\u00e9er un paysage ondulant compos\u00e9 de zones plates et de zones sur\u00e9lev\u00e9es, \u00e0 l&#8217;instar de la topographie repr\u00e9sent\u00e9e sur les cartes.<\/p>\n","protected":false},"excerpt":{"rendered":"<p>Rendant hommage \u00e0 Central Park, ce panneau d\u00e9coratif utilise des cordes enroul\u00e9es \u00e0 la main de diff\u00e9rentes \u00e9paisseurs pour cr\u00e9er un paysage ondulant compos\u00e9 de zones plates et de zones sur\u00e9lev\u00e9es, \u00e0 l&#8217;instar de la topographie repr\u00e9sent\u00e9e sur les cartes.<\/p>\n","protected":false},"featured_media":5836668,"template":"","meta":{"_acf_changed":false,"content-type":"","_themeisle_gutenberg_block_has_review":false},"product_brand":[],"product_cat":[22196,7517,12531],"product_tag":[31474],"product_designer":[21702],"comfabric":[],"manufacturer":[21700,34399],"reporting_designer":[37428],"samplecomfabric":[],"designer_clubroom":[],"class_list":{"0":"post-5836697","1":"product","2":"type-product","3":"status-publish","4":"has-post-thumbnail","6":"product_cat-art-fr","7":"product_cat-deco-fr","8":"product_cat-objets-de-decoration","9":"product_tag-co-white-fr","10":"product_designer-lesage-intrieurs-fr","11":"manufacturer-lesage-intrieurs-fr","12":"manufacturer-invisible-collection-new-york-townhouse-pick-up-fr","13":"reporting_designer-lesage-interieurs-fr","15":"first","16":"instock","17":"taxable","18":"shipping-taxable","19":"purchasable","20":"product-type-simple"},"acf":[],"_links":{"self":[{"href":"https:\/\/theinvisiblecollection.com\/fr\/wp-json\/wp\/v2\/product\/5836697","targetHints":{"allow":["GET"]}}],"collection":[{"href":"https:\/\/theinvisiblecollection.com\/fr\/wp-json\/wp\/v2\/product"}],"about":[{"href":"https:\/\/theinvisiblecollection.com\/fr\/wp-json\/wp\/v2\/types\/product"}],"wp:featuredmedia":[{"embeddable":true,"href":"https:\/\/theinvisiblecollection.com\/fr\/wp-json\/wp\/v2\/media\/5836668"}],"wp:attachment":[{"href":"https:\/\/theinvisiblecollection.com\/fr\/wp-json\/wp\/v2\/media?parent=5836697"}],"wp:term":[{"taxonomy":"product_brand","embeddable":true,"href":"https:\/\/theinvisiblecollection.com\/fr\/wp-json\/wp\/v2\/product_brand?post=5836697"},{"taxonomy":"product_cat","embeddable":true,"href":"https:\/\/theinvisiblecollection.com\/fr\/wp-json\/wp\/v2\/product_cat?post=5836697"},{"taxonomy":"product_tag","embeddable":true,"href":"https:\/\/theinvisiblecollection.com\/fr\/wp-json\/wp\/v2\/product_tag?post=5836697"},{"taxonomy":"product_designer","embeddable":true,"href":"https:\/\/theinvisiblecollection.com\/fr\/wp-json\/wp\/v2\/product_designer?post=5836697"},{"taxonomy":"comfabric","embeddable":true,"href":"https:\/\/theinvisiblecollection.com\/fr\/wp-json\/wp\/v2\/comfabric?post=5836697"},{"taxonomy":"manufacturer","embeddable":true,"href":"https:\/\/theinvisiblecollection.com\/fr\/wp-json\/wp\/v2\/manufacturer?post=5836697"},{"taxonomy":"reporting_designer","embeddable":true,"href":"https:\/\/theinvisiblecollection.com\/fr\/wp-json\/wp\/v2\/reporting_designer?post=5836697"},{"taxonomy":"samplecomfabric","embeddable":true,"href":"https:\/\/theinvisiblecollection.com\/fr\/wp-json\/wp\/v2\/samplecomfabric?post=5836697"},{"taxonomy":"clubroom_product_designer","embeddable":true,"href":"https:\/\/theinvisiblecollection.com\/fr\/wp-json\/wp\/v2\/designer_clubroom?post=5836697"}],"curies":[{"name":"wp","href":"https:\/\/api.w.org\/{rel}","templated":true}]}}