{"id":5836698,"date":"2025-05-09T08:50:39","date_gmt":"2025-05-09T08:50:39","guid":{"rendered":"https:\/\/theinvisiblecollection.com\/?post_type=product&#038;p=5836698"},"modified":"2026-05-08T04:38:32","modified_gmt":"2026-05-08T04:38:32","slug":"courtney-applebaum-design-etagere-murale-en-verre-moule-seme-noir","status":"publish","type":"product","link":"https:\/\/theinvisiblecollection.com\/fr\/produit\/courtney-applebaum-design-etagere-murale-en-verre-moule-seme-noir\/","title":{"rendered":"\u00c9tag\u00e8re Murale En Verre Moul\u00e9 Sem\u00e9 Noir"},"content":{"rendered":"<p>Une plaque de verre teint\u00e9 noir, coul\u00e9e \u00e0 la main, repose sur une paire de supports en acajou laqu\u00e9 dans l\u2019\u00c9tag\u00e8re Murale En Verre Moul\u00e9 Sem\u00e9 Noir con\u00e7ue par Courtney Applebaum. Le verre est fa\u00e7onn\u00e9 par des artisans qualifi\u00e9s qui versent de g\u00e9n\u00e9reux filets de verre en fusion dans de lourds moules en fer, conf\u00e9rant \u00e0 l\u2019\u00e9tag\u00e8re sa forme caract\u00e9ristique et sa pr\u00e9sence imposante. Une fois cuite, la surface du verre noir \u00e9voque une encre profonde et fluide, presque en mouvement. Les supports en acajou, laqu\u00e9s dans une teinte obsidienne, enveloppent le poids du verre et le maintiennent avec assurance. Bien que les mat\u00e9riaux et les teintes soient denses et intenses, la mani\u00e8re dont l\u2019\u00e9tag\u00e8re semble flotter dans l\u2019espace lui conf\u00e8re une l\u00e9g\u00e8ret\u00e9 inattendue, en \u00e9quilibre entre force et d\u00e9licatesse.<\/p>\n","protected":false},"excerpt":{"rendered":"<p>Une plaque de verre teint\u00e9 noir, coul\u00e9e \u00e0 la main, repose sur une paire de supports en acajou laqu\u00e9 dans l\u2019\u00c9tag\u00e8re Murale En Verre Moul\u00e9 Sem\u00e9 Noir con\u00e7ue par Courtney Applebaum. Le verre est fa\u00e7onn\u00e9 par des artisans qualifi\u00e9s qui versent de g\u00e9n\u00e9reux filets de verre en fusion dans de lourds moules en fer, conf\u00e9rant [&hellip;]<\/p>\n","protected":false},"featured_media":5837452,"template":"","meta":{"_acf_changed":false,"content-type":"","_themeisle_gutenberg_block_has_review":false},"product_brand":[],"product_cat":[7517,12531],"product_tag":[9423],"product_designer":[24433],"comfabric":[],"manufacturer":[24393],"reporting_designer":[37847],"samplecomfabric":[],"designer_clubroom":[],"class_list":{"0":"post-5836698","1":"product","2":"type-product","3":"status-publish","4":"has-post-thumbnail","6":"product_cat-deco-fr","7":"product_cat-objets-de-decoration","8":"product_tag-storage","9":"product_designer-courtney-applebaum-design-fr","10":"manufacturer-john-lewis-glass-fr","11":"reporting_designer-courtney-applebaum-design","12":"exhibitions-new-york-fr","14":"first","15":"instock","16":"taxable","17":"shipping-taxable","18":"purchasable","19":"product-type-simple"},"acf":[],"_links":{"self":[{"href":"https:\/\/theinvisiblecollection.com\/fr\/wp-json\/wp\/v2\/product\/5836698","targetHints":{"allow":["GET"]}}],"collection":[{"href":"https:\/\/theinvisiblecollection.com\/fr\/wp-json\/wp\/v2\/product"}],"about":[{"href":"https:\/\/theinvisiblecollection.com\/fr\/wp-json\/wp\/v2\/types\/product"}],"wp:featuredmedia":[{"embeddable":true,"href":"https:\/\/theinvisiblecollection.com\/fr\/wp-json\/wp\/v2\/media\/5837452"}],"wp:attachment":[{"href":"https:\/\/theinvisiblecollection.com\/fr\/wp-json\/wp\/v2\/media?parent=5836698"}],"wp:term":[{"taxonomy":"product_brand","embeddable":true,"href":"https:\/\/theinvisiblecollection.com\/fr\/wp-json\/wp\/v2\/product_brand?post=5836698"},{"taxonomy":"product_cat","embeddable":true,"href":"https:\/\/theinvisiblecollection.com\/fr\/wp-json\/wp\/v2\/product_cat?post=5836698"},{"taxonomy":"product_tag","embeddable":true,"href":"https:\/\/theinvisiblecollection.com\/fr\/wp-json\/wp\/v2\/product_tag?post=5836698"},{"taxonomy":"product_designer","embeddable":true,"href":"https:\/\/theinvisiblecollection.com\/fr\/wp-json\/wp\/v2\/product_designer?post=5836698"},{"taxonomy":"comfabric","embeddable":true,"href":"https:\/\/theinvisiblecollection.com\/fr\/wp-json\/wp\/v2\/comfabric?post=5836698"},{"taxonomy":"manufacturer","embeddable":true,"href":"https:\/\/theinvisiblecollection.com\/fr\/wp-json\/wp\/v2\/manufacturer?post=5836698"},{"taxonomy":"reporting_designer","embeddable":true,"href":"https:\/\/theinvisiblecollection.com\/fr\/wp-json\/wp\/v2\/reporting_designer?post=5836698"},{"taxonomy":"samplecomfabric","embeddable":true,"href":"https:\/\/theinvisiblecollection.com\/fr\/wp-json\/wp\/v2\/samplecomfabric?post=5836698"},{"taxonomy":"clubroom_product_designer","embeddable":true,"href":"https:\/\/theinvisiblecollection.com\/fr\/wp-json\/wp\/v2\/designer_clubroom?post=5836698"}],"curies":[{"name":"wp","href":"https:\/\/api.w.org\/{rel}","templated":true}]}}