{"id":5836744,"date":"2025-05-07T13:47:06","date_gmt":"2025-05-07T13:47:06","guid":{"rendered":"https:\/\/theinvisiblecollection.com\/?post_type=product&#038;p=5836744"},"modified":"2026-05-08T04:38:32","modified_gmt":"2026-05-08T04:38:32","slug":"courtney-applebaum-design-table-bbasse-en-verre-moule-seme-noir","status":"publish","type":"product","link":"https:\/\/theinvisiblecollection.com\/fr\/produit\/courtney-applebaum-design-table-bbasse-en-verre-moule-seme-noir\/","title":{"rendered":"Table Basse En Verre Moul\u00e9 Sem\u00e9 Noir"},"content":{"rendered":"<p>La Table Basse en Verre Moul\u00e9 Sem\u00e9 de Courtney Applebaum est compos\u00e9e d\u2019un plateau et de pieds enti\u00e8rement coul\u00e9s \u00e0 la main en verre sem\u00e9. Chaque \u00e9l\u00e9ment est r\u00e9alis\u00e9 par des artisans hautement qualifi\u00e9s, qui versent de g\u00e9n\u00e9reux filets de verre en fusion dans de lourds moules en fer pour en d\u00e9finir la forme. Coul\u00e9es individuellement, les pi\u00e8ces sont ensuite cuites et fusionn\u00e9es pour cr\u00e9er une forme finale monolithique. Une fois cuite, la surface du verre noir \u00e9voque une mare d\u2019encre \u2014 profonde, brillante et intense. Sa surface l\u00e9g\u00e8rement ondul\u00e9e capte la lumi\u00e8re, tandis que les bords textur\u00e9s apportent une finition brute et sculpturale.<\/p>\n","protected":false},"excerpt":{"rendered":"<p>La Table Basse en Verre Moul\u00e9 Sem\u00e9 de Courtney Applebaum est compos\u00e9e d\u2019un plateau et de pieds enti\u00e8rement coul\u00e9s \u00e0 la main en verre sem\u00e9. Chaque \u00e9l\u00e9ment est r\u00e9alis\u00e9 par des artisans hautement qualifi\u00e9s, qui versent de g\u00e9n\u00e9reux filets de verre en fusion dans de lourds moules en fer pour en d\u00e9finir la forme. Coul\u00e9es [&hellip;]<\/p>\n","protected":false},"featured_media":5836753,"template":"","meta":{"_acf_changed":false,"content-type":"","_themeisle_gutenberg_block_has_review":false},"product_brand":[],"product_cat":[7509,12503],"product_tag":[],"product_designer":[24433],"comfabric":[],"manufacturer":[24393],"reporting_designer":[37847],"samplecomfabric":[],"designer_clubroom":[],"class_list":{"0":"post-5836744","1":"product","2":"type-product","3":"status-publish","4":"has-post-thumbnail","6":"product_cat-tables-basses-dappoint","7":"product_cat-tables-fr","8":"product_designer-courtney-applebaum-design-fr","9":"manufacturer-john-lewis-glass-fr","10":"reporting_designer-courtney-applebaum-design","11":"exhibitions-new-york-fr","13":"first","14":"instock","15":"taxable","16":"shipping-taxable","17":"purchasable","18":"product-type-simple"},"acf":[],"_links":{"self":[{"href":"https:\/\/theinvisiblecollection.com\/fr\/wp-json\/wp\/v2\/product\/5836744","targetHints":{"allow":["GET"]}}],"collection":[{"href":"https:\/\/theinvisiblecollection.com\/fr\/wp-json\/wp\/v2\/product"}],"about":[{"href":"https:\/\/theinvisiblecollection.com\/fr\/wp-json\/wp\/v2\/types\/product"}],"wp:featuredmedia":[{"embeddable":true,"href":"https:\/\/theinvisiblecollection.com\/fr\/wp-json\/wp\/v2\/media\/5836753"}],"wp:attachment":[{"href":"https:\/\/theinvisiblecollection.com\/fr\/wp-json\/wp\/v2\/media?parent=5836744"}],"wp:term":[{"taxonomy":"product_brand","embeddable":true,"href":"https:\/\/theinvisiblecollection.com\/fr\/wp-json\/wp\/v2\/product_brand?post=5836744"},{"taxonomy":"product_cat","embeddable":true,"href":"https:\/\/theinvisiblecollection.com\/fr\/wp-json\/wp\/v2\/product_cat?post=5836744"},{"taxonomy":"product_tag","embeddable":true,"href":"https:\/\/theinvisiblecollection.com\/fr\/wp-json\/wp\/v2\/product_tag?post=5836744"},{"taxonomy":"product_designer","embeddable":true,"href":"https:\/\/theinvisiblecollection.com\/fr\/wp-json\/wp\/v2\/product_designer?post=5836744"},{"taxonomy":"comfabric","embeddable":true,"href":"https:\/\/theinvisiblecollection.com\/fr\/wp-json\/wp\/v2\/comfabric?post=5836744"},{"taxonomy":"manufacturer","embeddable":true,"href":"https:\/\/theinvisiblecollection.com\/fr\/wp-json\/wp\/v2\/manufacturer?post=5836744"},{"taxonomy":"reporting_designer","embeddable":true,"href":"https:\/\/theinvisiblecollection.com\/fr\/wp-json\/wp\/v2\/reporting_designer?post=5836744"},{"taxonomy":"samplecomfabric","embeddable":true,"href":"https:\/\/theinvisiblecollection.com\/fr\/wp-json\/wp\/v2\/samplecomfabric?post=5836744"},{"taxonomy":"clubroom_product_designer","embeddable":true,"href":"https:\/\/theinvisiblecollection.com\/fr\/wp-json\/wp\/v2\/designer_clubroom?post=5836744"}],"curies":[{"name":"wp","href":"https:\/\/api.w.org\/{rel}","templated":true}]}}