{"id":5836825,"date":"2025-05-09T14:25:43","date_gmt":"2025-05-09T14:25:43","guid":{"rendered":"https:\/\/theinvisiblecollection.com\/?post_type=product&#038;p=5836825"},"modified":"2026-05-01T07:37:16","modified_gmt":"2026-05-01T07:37:16","slug":"lesage-interieurs-coussin-en-lin-horizon","status":"publish","type":"product","link":"https:\/\/theinvisiblecollection.com\/fr\/produit\/lesage-interieurs-coussin-en-lin-horizon\/","title":{"rendered":"Coussin Horizon"},"content":{"rendered":"<p>Ce coussin est confectionn\u00e9 \u00e0 partir du tweed raffin\u00e9 <em data-start=\"54\" data-end=\"69\">Horizon Linen<\/em> de Lesage Int\u00e9rieurs \u2014 un tissu qui \u00e9voque la douce \u00e9l\u00e9gance des paysages c\u00f4tiers. Avec sa texture subtile et ses tons naturels, ce tweed insuffle un sentiment de luxe discret et de raffinement intemporel \u00e0 tout int\u00e9rieur. Chaque coussin rend hommage \u00e0 l\u2019art textile fran\u00e7ais, alliant confort et savoir-faire digne de la haute couture.<\/p>\n","protected":false},"excerpt":{"rendered":"<p>Ce coussin est confectionn\u00e9 \u00e0 partir du tweed raffin\u00e9 Horizon Linen de Lesage Int\u00e9rieurs \u2014 un tissu qui \u00e9voque la douce \u00e9l\u00e9gance des paysages c\u00f4tiers. Avec sa texture subtile et ses tons naturels, ce tweed insuffle un sentiment de luxe discret et de raffinement intemporel \u00e0 tout int\u00e9rieur. Chaque coussin rend hommage \u00e0 l\u2019art textile [&hellip;]<\/p>\n","protected":false},"featured_media":5836820,"template":"","meta":{"_acf_changed":false,"content-type":"","_themeisle_gutenberg_block_has_review":false},"product_brand":[],"product_cat":[7517,12530],"product_tag":[22790,31474],"product_designer":[21702],"comfabric":[],"manufacturer":[21700],"reporting_designer":[37427],"samplecomfabric":[],"designer_clubroom":[],"class_list":{"0":"post-5836825","1":"product","2":"type-product","3":"status-publish","4":"has-post-thumbnail","6":"product_cat-deco-fr","7":"product_cat-coussins-plaids","8":"product_tag-disponible-immediatement","9":"product_tag-co-white-fr","10":"product_designer-lesage-intrieurs-fr","11":"manufacturer-lesage-intrieurs-fr","12":"reporting_designer-lesage-interieurs","13":"exhibitions-new-york-fr","15":"first","16":"instock","17":"taxable","18":"shipping-taxable","19":"purchasable","20":"product-type-simple"},"acf":[],"_links":{"self":[{"href":"https:\/\/theinvisiblecollection.com\/fr\/wp-json\/wp\/v2\/product\/5836825","targetHints":{"allow":["GET"]}}],"collection":[{"href":"https:\/\/theinvisiblecollection.com\/fr\/wp-json\/wp\/v2\/product"}],"about":[{"href":"https:\/\/theinvisiblecollection.com\/fr\/wp-json\/wp\/v2\/types\/product"}],"wp:featuredmedia":[{"embeddable":true,"href":"https:\/\/theinvisiblecollection.com\/fr\/wp-json\/wp\/v2\/media\/5836820"}],"wp:attachment":[{"href":"https:\/\/theinvisiblecollection.com\/fr\/wp-json\/wp\/v2\/media?parent=5836825"}],"wp:term":[{"taxonomy":"product_brand","embeddable":true,"href":"https:\/\/theinvisiblecollection.com\/fr\/wp-json\/wp\/v2\/product_brand?post=5836825"},{"taxonomy":"product_cat","embeddable":true,"href":"https:\/\/theinvisiblecollection.com\/fr\/wp-json\/wp\/v2\/product_cat?post=5836825"},{"taxonomy":"product_tag","embeddable":true,"href":"https:\/\/theinvisiblecollection.com\/fr\/wp-json\/wp\/v2\/product_tag?post=5836825"},{"taxonomy":"product_designer","embeddable":true,"href":"https:\/\/theinvisiblecollection.com\/fr\/wp-json\/wp\/v2\/product_designer?post=5836825"},{"taxonomy":"comfabric","embeddable":true,"href":"https:\/\/theinvisiblecollection.com\/fr\/wp-json\/wp\/v2\/comfabric?post=5836825"},{"taxonomy":"manufacturer","embeddable":true,"href":"https:\/\/theinvisiblecollection.com\/fr\/wp-json\/wp\/v2\/manufacturer?post=5836825"},{"taxonomy":"reporting_designer","embeddable":true,"href":"https:\/\/theinvisiblecollection.com\/fr\/wp-json\/wp\/v2\/reporting_designer?post=5836825"},{"taxonomy":"samplecomfabric","embeddable":true,"href":"https:\/\/theinvisiblecollection.com\/fr\/wp-json\/wp\/v2\/samplecomfabric?post=5836825"},{"taxonomy":"clubroom_product_designer","embeddable":true,"href":"https:\/\/theinvisiblecollection.com\/fr\/wp-json\/wp\/v2\/designer_clubroom?post=5836825"}],"curies":[{"name":"wp","href":"https:\/\/api.w.org\/{rel}","templated":true}]}}