{"id":5836841,"date":"2025-05-09T14:14:34","date_gmt":"2025-05-09T14:14:34","guid":{"rendered":"https:\/\/theinvisiblecollection.com\/?post_type=product&#038;p=5836841"},"modified":"2026-05-01T07:37:16","modified_gmt":"2026-05-01T07:37:16","slug":"lesage-interieurs-miroir-brode-gstaad","status":"publish","type":"product","link":"https:\/\/theinvisiblecollection.com\/fr\/produit\/lesage-interieurs-miroir-brode-gstaad\/","title":{"rendered":"Miroir Brod\u00e9 Gstaad"},"content":{"rendered":"<p style=\"text-align: justify;\">Con\u00e7u \u00e0 l&#8217;origine pour l&#8217;exposition \u00ab La Chambre 100 \u00bb c\u00e9l\u00e9brant les 100 ans de Lesage, le miroir est envelopp\u00e9 dans un cadre brod\u00e9 avec la garniture \u00ab Gstaad \u00bb de la collection Borders &amp; Trims de Lesage Interieur. R\u00e9alisation 19M.<\/p>\n","protected":false},"excerpt":{"rendered":"<p>Con\u00e7u \u00e0 l&#8217;origine pour l&#8217;exposition \u00ab La Chambre 100 \u00bb c\u00e9l\u00e9brant les 100 ans de Lesage, le miroir est envelopp\u00e9 dans un cadre brod\u00e9 avec la garniture \u00ab Gstaad \u00bb de la collection Borders &amp; Trims de Lesage Interieur. R\u00e9alisation 19M.<\/p>\n","protected":false},"featured_media":5837373,"template":"","meta":{"_acf_changed":false,"content-type":"","_themeisle_gutenberg_block_has_review":false},"product_brand":[],"product_cat":[7517,8225],"product_tag":[31474],"product_designer":[21702],"comfabric":[],"manufacturer":[21700],"reporting_designer":[37427],"samplecomfabric":[],"designer_clubroom":[],"class_list":{"0":"post-5836841","1":"product","2":"type-product","3":"status-publish","4":"has-post-thumbnail","6":"product_cat-deco-fr","7":"product_cat-miroirs-fr","8":"product_tag-co-white-fr","9":"product_designer-lesage-intrieurs-fr","10":"manufacturer-lesage-intrieurs-fr","11":"reporting_designer-lesage-interieurs","12":"exhibitions-new-york-fr","14":"first","15":"instock","16":"taxable","17":"shipping-taxable","18":"purchasable","19":"product-type-simple"},"acf":[],"_links":{"self":[{"href":"https:\/\/theinvisiblecollection.com\/fr\/wp-json\/wp\/v2\/product\/5836841","targetHints":{"allow":["GET"]}}],"collection":[{"href":"https:\/\/theinvisiblecollection.com\/fr\/wp-json\/wp\/v2\/product"}],"about":[{"href":"https:\/\/theinvisiblecollection.com\/fr\/wp-json\/wp\/v2\/types\/product"}],"wp:featuredmedia":[{"embeddable":true,"href":"https:\/\/theinvisiblecollection.com\/fr\/wp-json\/wp\/v2\/media\/5837373"}],"wp:attachment":[{"href":"https:\/\/theinvisiblecollection.com\/fr\/wp-json\/wp\/v2\/media?parent=5836841"}],"wp:term":[{"taxonomy":"product_brand","embeddable":true,"href":"https:\/\/theinvisiblecollection.com\/fr\/wp-json\/wp\/v2\/product_brand?post=5836841"},{"taxonomy":"product_cat","embeddable":true,"href":"https:\/\/theinvisiblecollection.com\/fr\/wp-json\/wp\/v2\/product_cat?post=5836841"},{"taxonomy":"product_tag","embeddable":true,"href":"https:\/\/theinvisiblecollection.com\/fr\/wp-json\/wp\/v2\/product_tag?post=5836841"},{"taxonomy":"product_designer","embeddable":true,"href":"https:\/\/theinvisiblecollection.com\/fr\/wp-json\/wp\/v2\/product_designer?post=5836841"},{"taxonomy":"comfabric","embeddable":true,"href":"https:\/\/theinvisiblecollection.com\/fr\/wp-json\/wp\/v2\/comfabric?post=5836841"},{"taxonomy":"manufacturer","embeddable":true,"href":"https:\/\/theinvisiblecollection.com\/fr\/wp-json\/wp\/v2\/manufacturer?post=5836841"},{"taxonomy":"reporting_designer","embeddable":true,"href":"https:\/\/theinvisiblecollection.com\/fr\/wp-json\/wp\/v2\/reporting_designer?post=5836841"},{"taxonomy":"samplecomfabric","embeddable":true,"href":"https:\/\/theinvisiblecollection.com\/fr\/wp-json\/wp\/v2\/samplecomfabric?post=5836841"},{"taxonomy":"clubroom_product_designer","embeddable":true,"href":"https:\/\/theinvisiblecollection.com\/fr\/wp-json\/wp\/v2\/designer_clubroom?post=5836841"}],"curies":[{"name":"wp","href":"https:\/\/api.w.org\/{rel}","templated":true}]}}