{"id":5838073,"date":"2026-02-02T16:03:35","date_gmt":"2026-02-02T16:03:35","guid":{"rendered":"https:\/\/theinvisiblecollection.com\/?post_type=product&#038;p=5838073"},"modified":"2026-05-01T07:37:16","modified_gmt":"2026-05-01T07:37:16","slug":"garce-dimofski-coussin-nuage","status":"publish","type":"product","link":"https:\/\/theinvisiblecollection.com\/fr\/produit\/garce-dimofski-coussin-nuage\/","title":{"rendered":"Coussin Nuage"},"content":{"rendered":"<p>Recouverts d&#8217;un tissu douillet et moelleux et orn\u00e9s d&#8217;un charmant bouton en bois, le coussin Nuage de Garc\u00e9 Dimofski apporte une touche de confort et d&#8217;\u00e9l\u00e9gance \u00e0 n&#8217;importe quel espace. Parfaits pour ajouter une touche de luxe \u00e0 votre salon ou \u00e0 votre chambre \u00e0 coucher.<\/p>\n","protected":false},"excerpt":{"rendered":"<p>Recouverts d&#8217;un tissu douillet et moelleux et orn\u00e9s d&#8217;un charmant bouton en bois, le coussin Nuage de Garc\u00e9 Dimofski apporte une touche de confort et d&#8217;\u00e9l\u00e9gance \u00e0 n&#8217;importe quel espace. Parfaits pour ajouter une touche de luxe \u00e0 votre salon ou \u00e0 votre chambre \u00e0 coucher.<\/p>\n","protected":false},"featured_media":5838058,"template":"","meta":{"_acf_changed":false,"content-type":"","_themeisle_gutenberg_block_has_review":false},"product_brand":[],"product_cat":[7517,12530,19992],"product_tag":[9644,31477,35206],"product_designer":[15857],"comfabric":[29342],"manufacturer":[22038],"reporting_designer":[37463],"samplecomfabric":[35933],"designer_clubroom":[],"class_list":{"0":"post-5838073","1":"product","2":"type-product","3":"status-publish","4":"has-post-thumbnail","6":"product_cat-deco-fr","7":"product_cat-coussins-plaids","8":"product_cat-coussins","9":"product_tag-necessaires","10":"product_tag-st-curvy-fr","11":"product_tag-exclusive-fr","12":"pa_size-large-fr-2","13":"pa_size-moyen","14":"pa_size-petit","15":"product_designer-garce-dimofski-fr","16":"comfabric-garc-dimofski-atelier-so-pedro-da-cova-fr","17":"manufacturer-garc-dimofski-atelier-so-pedro-da-cova-fr","18":"reporting_designer-garce-dimofski","19":"samplecomfabric-garc-dimofski-samples-approval-fr","21":"first","22":"instock","23":"taxable","24":"shipping-taxable","25":"purchasable","26":"product-type-variable"},"acf":[],"_links":{"self":[{"href":"https:\/\/theinvisiblecollection.com\/fr\/wp-json\/wp\/v2\/product\/5838073","targetHints":{"allow":["GET"]}}],"collection":[{"href":"https:\/\/theinvisiblecollection.com\/fr\/wp-json\/wp\/v2\/product"}],"about":[{"href":"https:\/\/theinvisiblecollection.com\/fr\/wp-json\/wp\/v2\/types\/product"}],"wp:featuredmedia":[{"embeddable":true,"href":"https:\/\/theinvisiblecollection.com\/fr\/wp-json\/wp\/v2\/media\/5838058"}],"wp:attachment":[{"href":"https:\/\/theinvisiblecollection.com\/fr\/wp-json\/wp\/v2\/media?parent=5838073"}],"wp:term":[{"taxonomy":"product_brand","embeddable":true,"href":"https:\/\/theinvisiblecollection.com\/fr\/wp-json\/wp\/v2\/product_brand?post=5838073"},{"taxonomy":"product_cat","embeddable":true,"href":"https:\/\/theinvisiblecollection.com\/fr\/wp-json\/wp\/v2\/product_cat?post=5838073"},{"taxonomy":"product_tag","embeddable":true,"href":"https:\/\/theinvisiblecollection.com\/fr\/wp-json\/wp\/v2\/product_tag?post=5838073"},{"taxonomy":"product_designer","embeddable":true,"href":"https:\/\/theinvisiblecollection.com\/fr\/wp-json\/wp\/v2\/product_designer?post=5838073"},{"taxonomy":"comfabric","embeddable":true,"href":"https:\/\/theinvisiblecollection.com\/fr\/wp-json\/wp\/v2\/comfabric?post=5838073"},{"taxonomy":"manufacturer","embeddable":true,"href":"https:\/\/theinvisiblecollection.com\/fr\/wp-json\/wp\/v2\/manufacturer?post=5838073"},{"taxonomy":"reporting_designer","embeddable":true,"href":"https:\/\/theinvisiblecollection.com\/fr\/wp-json\/wp\/v2\/reporting_designer?post=5838073"},{"taxonomy":"samplecomfabric","embeddable":true,"href":"https:\/\/theinvisiblecollection.com\/fr\/wp-json\/wp\/v2\/samplecomfabric?post=5838073"},{"taxonomy":"clubroom_product_designer","embeddable":true,"href":"https:\/\/theinvisiblecollection.com\/fr\/wp-json\/wp\/v2\/designer_clubroom?post=5838073"}],"curies":[{"name":"wp","href":"https:\/\/api.w.org\/{rel}","templated":true}]}}