{"id":5841451,"date":"2025-05-23T10:01:04","date_gmt":"2025-05-23T10:01:04","guid":{"rendered":"https:\/\/theinvisiblecollection.com\/?post_type=product&#038;p=5841451"},"modified":"2026-05-01T07:37:16","modified_gmt":"2026-05-01T07:37:16","slug":"biehler-graveleine-lesage-interieurs-tete-de-lit-new-york","status":"publish","type":"product","link":"https:\/\/theinvisiblecollection.com\/fr\/produit\/biehler-graveleine-lesage-interieurs-tete-de-lit-new-york\/","title":{"rendered":"T\u00eate de lit New York"},"content":{"rendered":"<p>La <em>T\u00eate de lit<\/em> <em data-start=\"3\" data-end=\"23\">New York<\/em>, cr\u00e9\u00e9e pour l\u2019exposition du centenaire \u201cLa Chambre 100\u201d c\u00e9l\u00e9brant les 100 ans de la maison Lesage, incarne une fusion po\u00e9tique de savoir-faire : le Studio Biehler-Graveleine a dirig\u00e9 la conception globale, Lesage Int\u00e9rieurs a interpr\u00e9t\u00e9 les esquisses de nuages de Van Gogh en une broderie minutieuse, et l\u2019Atelier Muquet a apport\u00e9 son expertise en ferronnerie fran\u00e7aise \u2014 aboutissant \u00e0 une t\u00eate de lit sculpturale o\u00f9 des brins de paille, pos\u00e9s sur la tranche, sont cousus \u00e0 la main sur le tissu pour cr\u00e9er un effet tridimensionnel saisissant.<\/p>\n","protected":false},"excerpt":{"rendered":"<p>La T\u00eate de lit New York, cr\u00e9\u00e9e pour l\u2019exposition du centenaire \u201cLa Chambre 100\u201d c\u00e9l\u00e9brant les 100 ans de la maison Lesage, incarne une fusion po\u00e9tique de savoir-faire : le Studio Biehler-Graveleine a dirig\u00e9 la conception globale, Lesage Int\u00e9rieurs a interpr\u00e9t\u00e9 les esquisses de nuages de Van Gogh en une broderie minutieuse, et l\u2019Atelier Muquet [&hellip;]<\/p>\n","protected":false},"featured_media":5874569,"template":"","meta":{"_acf_changed":false,"content-type":"","_themeisle_gutenberg_block_has_review":false},"product_brand":[],"product_cat":[7909,12501],"product_tag":[22790,31477,35206],"product_designer":[21702,24471,35491],"comfabric":[],"manufacturer":[34399],"reporting_designer":[37783],"samplecomfabric":[],"designer_clubroom":[],"class_list":{"0":"post-5841451","1":"product","2":"type-product","3":"status-publish","4":"has-post-thumbnail","6":"product_cat-lits","7":"product_cat-chambre-a-coucher","8":"product_tag-disponible-immediatement","9":"product_tag-st-curvy-fr","10":"product_tag-exclusive-fr","11":"product_designer-lesage-intrieurs-fr","12":"product_designer-biehler-graveleine-fr","13":"product_designer-lit-national-fr","14":"manufacturer-invisible-collection-new-york-townhouse-pick-up-fr","15":"reporting_designer-lit-national","16":"exhibitions-new-york-fr","18":"first","19":"instock","20":"taxable","21":"shipping-taxable","22":"purchasable","23":"product-type-simple"},"acf":[],"_links":{"self":[{"href":"https:\/\/theinvisiblecollection.com\/fr\/wp-json\/wp\/v2\/product\/5841451","targetHints":{"allow":["GET"]}}],"collection":[{"href":"https:\/\/theinvisiblecollection.com\/fr\/wp-json\/wp\/v2\/product"}],"about":[{"href":"https:\/\/theinvisiblecollection.com\/fr\/wp-json\/wp\/v2\/types\/product"}],"wp:featuredmedia":[{"embeddable":true,"href":"https:\/\/theinvisiblecollection.com\/fr\/wp-json\/wp\/v2\/media\/5874569"}],"wp:attachment":[{"href":"https:\/\/theinvisiblecollection.com\/fr\/wp-json\/wp\/v2\/media?parent=5841451"}],"wp:term":[{"taxonomy":"product_brand","embeddable":true,"href":"https:\/\/theinvisiblecollection.com\/fr\/wp-json\/wp\/v2\/product_brand?post=5841451"},{"taxonomy":"product_cat","embeddable":true,"href":"https:\/\/theinvisiblecollection.com\/fr\/wp-json\/wp\/v2\/product_cat?post=5841451"},{"taxonomy":"product_tag","embeddable":true,"href":"https:\/\/theinvisiblecollection.com\/fr\/wp-json\/wp\/v2\/product_tag?post=5841451"},{"taxonomy":"product_designer","embeddable":true,"href":"https:\/\/theinvisiblecollection.com\/fr\/wp-json\/wp\/v2\/product_designer?post=5841451"},{"taxonomy":"comfabric","embeddable":true,"href":"https:\/\/theinvisiblecollection.com\/fr\/wp-json\/wp\/v2\/comfabric?post=5841451"},{"taxonomy":"manufacturer","embeddable":true,"href":"https:\/\/theinvisiblecollection.com\/fr\/wp-json\/wp\/v2\/manufacturer?post=5841451"},{"taxonomy":"reporting_designer","embeddable":true,"href":"https:\/\/theinvisiblecollection.com\/fr\/wp-json\/wp\/v2\/reporting_designer?post=5841451"},{"taxonomy":"samplecomfabric","embeddable":true,"href":"https:\/\/theinvisiblecollection.com\/fr\/wp-json\/wp\/v2\/samplecomfabric?post=5841451"},{"taxonomy":"clubroom_product_designer","embeddable":true,"href":"https:\/\/theinvisiblecollection.com\/fr\/wp-json\/wp\/v2\/designer_clubroom?post=5841451"}],"curies":[{"name":"wp","href":"https:\/\/api.w.org\/{rel}","templated":true}]}}