{"id":5845198,"date":"2025-06-11T07:56:28","date_gmt":"2025-06-11T07:56:28","guid":{"rendered":"https:\/\/theinvisiblecollection.com\/?post_type=product&#038;p=5845198"},"modified":"2026-05-01T07:37:16","modified_gmt":"2026-05-01T07:37:16","slug":"studio-mtx-les-voiles-radial","status":"publish","type":"product","link":"https:\/\/theinvisiblecollection.com\/fr\/produit\/studio-mtx-les-voiles-radial\/","title":{"rendered":"Les Voiles Radial"},"content":{"rendered":"<p style=\"text-align: justify;\">Pr\u00e9cis\u00e9ment appos\u00e9 sur les mod\u00e8les Blank, le d\u00e9grad\u00e9 horizontal de Radial donne aux Leaves un relief inattendu et une \u00e9paisseur nouvelle. D\u00e9clin\u00e9e dans six palettes color\u00e9es, chaque composition propose un dialogue subtil entre transitions douces et contrastes plus affirm\u00e9s, v\u00e9ritable sculpture chromatique aussi singuli\u00e8re qu\u2019audacieuse.<br \/>\nAvec les Leaves, Studio MTX propose une alternative \u00e0 la fois d\u00e9corative et fonctionnelle aux stores classiques et aux panneaux de s\u00e9paration traditionnels. En faisant dialoguer la souplesse du textile avec la rigueur du m\u00e9tal, une nouvelle typologie appara\u00eet, \u00e0 la fois famili\u00e8re et inattendue. Avec le sens de la composition et des accords de mati\u00e8res qui font la renomm\u00e9e de Studio MTX, les Leaves sont d\u00e9clin\u00e9es dans diff\u00e9rentes partitions, des plus sages au plus color\u00e9es, des plus simples aux versions les plus pr\u00e9cieusement ornement\u00e9es.<br \/>\nPlac\u00e9s devant des fen\u00eatres, les diff\u00e9rents mod\u00e8les propos\u00e9s offrent une solution cr\u00e9ative pour maintenir la lumi\u00e8re naturelle tout en prot\u00e9geant l\u2019intimit\u00e9. En s\u00e9paration d\u2019espace, ils deviennent une proposition aussi l\u00e9g\u00e8re qu\u2019\u00e9vidente pour rythmer les volumes sans compartimenter l\u2019architecture. Les Leaves trouvent \u00e9galement leur place en habillage muraux, v\u00e9ritable paysage \u00e0 recomposer au gr\u00e9 de ses envies.<\/p>\n","protected":false},"excerpt":{"rendered":"<p>Discoball compos\u00e9e de triangles miroir en PMMA enti\u00e8rement assembl\u00e9s \u00e0 la main, \u00e0 l&#8217;aide de connexions imprim\u00e9es en 3D et de vis en laiton massif<br \/>\nDisponible en <a href=\"https:\/\/theinvisiblecollection.com\/fr\/produit\/studio-mtx-boule-disco-alpha-centauri-chrome\/\" target=\"_blank\" rel=\"noopener\"><span style=\"text-decoration: underline;\">chrome<\/span><\/a>, <a href=\"https:\/\/theinvisiblecollection.com\/fr\/produit\/studio-mtx-boule-disco-alpha-centauri-or\/\" target=\"_blank\" rel=\"noopener\"><span style=\"text-decoration: underline;\">or<\/span><\/a>, <a href=\"https:\/\/theinvisiblecollection.com\/fr\/produit\/studio-mtx-boule-disco-alpha-centauri-bleu-noir\/\" target=\"_blank\" rel=\"noopener\"><span style=\"text-decoration: underline;\">bleu noir<\/span><\/a>\u00a0et <a href=\"https:\/\/theinvisiblecollection.com\/fr\/produit\/studio-mtx-boule-disco-alpha-centauri-or-rose\/\" target=\"_blank\" rel=\"noopener\"><span style=\"text-decoration: underline;\">or rose<\/span><\/a><br \/>\n<a href=\"https:\/\/theinvisiblecollection.com\/wp-content\/uploads\/2022\/12\/TheInvisibleCollection_StudioMTX_Colour-Selection_Discoball.pdf\" target=\"_blank\" rel=\"noopener\"><span style=\"text-decoration: underline;\">D\u00e9couvrez la s\u00e9lection de couleurs ici<\/span><\/a><br \/>\nFil d&#8217;acier et auvent assortis \u00e0 la couleur de la discoball<br \/>\nVitesse de rotation recommand\u00e9e du moteur 3RPM, 110V \u00e0 160V<br \/>\nProjecteur et moteur non inclus<\/p>\n<p>\u00d8 60 cm<br \/>\nFil d&#8217;acier : 2 m<\/p>\n<p>Fabriqu\u00e9e \u00e0 la main en France<br \/>\nD\u00e9lais de fabrication : 6 &#8211; 8 semaines<\/p>\n<p><span style=\"text-decoration: underline;\"><a href=\"https:\/\/www.theinvisiblecollection.com\/fr\/demande-de-devis\/?product_id=1320301\" target=\"_blank\" rel=\"noopener\">Contactez-nous pour toute demande de devis ou de renseignements<\/a><\/span><\/p>\n","protected":false},"featured_media":5845338,"template":"","meta":{"_acf_changed":false,"content-type":"","_themeisle_gutenberg_block_has_review":false},"product_brand":[],"product_cat":[7517,8978],"product_tag":[9083,9258,22790,35206],"product_designer":[20420],"comfabric":[],"manufacturer":[20424],"reporting_designer":[37707],"samplecomfabric":[],"designer_clubroom":[],"class_list":{"0":"post-5845198","1":"product","2":"type-product","3":"status-publish","4":"has-post-thumbnail","6":"product_cat-deco-fr","7":"product_cat-paravents","8":"product_tag-paravent","9":"product_tag-paravant","10":"product_tag-disponible-immediatement","11":"product_tag-exclusive-fr","12":"product_designer-studio-mtx-fr","13":"manufacturer-19m-studio-mtx-fr","14":"reporting_designer-studio-mtx","15":"exhibitions-new-york-fr","17":"first","18":"instock","19":"taxable","20":"shipping-taxable","21":"purchasable","22":"product-type-variable"},"acf":[],"_links":{"self":[{"href":"https:\/\/theinvisiblecollection.com\/fr\/wp-json\/wp\/v2\/product\/5845198","targetHints":{"allow":["GET"]}}],"collection":[{"href":"https:\/\/theinvisiblecollection.com\/fr\/wp-json\/wp\/v2\/product"}],"about":[{"href":"https:\/\/theinvisiblecollection.com\/fr\/wp-json\/wp\/v2\/types\/product"}],"wp:featuredmedia":[{"embeddable":true,"href":"https:\/\/theinvisiblecollection.com\/fr\/wp-json\/wp\/v2\/media\/5845338"}],"wp:attachment":[{"href":"https:\/\/theinvisiblecollection.com\/fr\/wp-json\/wp\/v2\/media?parent=5845198"}],"wp:term":[{"taxonomy":"product_brand","embeddable":true,"href":"https:\/\/theinvisiblecollection.com\/fr\/wp-json\/wp\/v2\/product_brand?post=5845198"},{"taxonomy":"product_cat","embeddable":true,"href":"https:\/\/theinvisiblecollection.com\/fr\/wp-json\/wp\/v2\/product_cat?post=5845198"},{"taxonomy":"product_tag","embeddable":true,"href":"https:\/\/theinvisiblecollection.com\/fr\/wp-json\/wp\/v2\/product_tag?post=5845198"},{"taxonomy":"product_designer","embeddable":true,"href":"https:\/\/theinvisiblecollection.com\/fr\/wp-json\/wp\/v2\/product_designer?post=5845198"},{"taxonomy":"comfabric","embeddable":true,"href":"https:\/\/theinvisiblecollection.com\/fr\/wp-json\/wp\/v2\/comfabric?post=5845198"},{"taxonomy":"manufacturer","embeddable":true,"href":"https:\/\/theinvisiblecollection.com\/fr\/wp-json\/wp\/v2\/manufacturer?post=5845198"},{"taxonomy":"reporting_designer","embeddable":true,"href":"https:\/\/theinvisiblecollection.com\/fr\/wp-json\/wp\/v2\/reporting_designer?post=5845198"},{"taxonomy":"samplecomfabric","embeddable":true,"href":"https:\/\/theinvisiblecollection.com\/fr\/wp-json\/wp\/v2\/samplecomfabric?post=5845198"},{"taxonomy":"clubroom_product_designer","embeddable":true,"href":"https:\/\/theinvisiblecollection.com\/fr\/wp-json\/wp\/v2\/designer_clubroom?post=5845198"}],"curies":[{"name":"wp","href":"https:\/\/api.w.org\/{rel}","templated":true}]}}