{"id":5846773,"date":"2025-06-18T08:19:59","date_gmt":"2025-06-18T08:19:59","guid":{"rendered":"https:\/\/theinvisiblecollection.com\/?post_type=product&#038;p=5846773"},"modified":"2026-05-01T07:37:16","modified_gmt":"2026-05-01T07:37:16","slug":"garce-dimofski-table-dappoint-zoe-fine","status":"publish","type":"product","link":"https:\/\/theinvisiblecollection.com\/fr\/produit\/garce-dimofski-table-dappoint-zoe-fine\/","title":{"rendered":"Table d&#8217;Appoint Zo\u00eb Fine"},"content":{"rendered":"<p style=\"text-align: justify;\">Zo\u00eb est une table d&#8217;appoint toute en douceur et volupt\u00e9. Ses formes courbes et asym\u00e9triques associ\u00e9es \u00e0 une mati\u00e8re claire et naturelle qui contraste avec un vernis fort lui procure une forte personnalit\u00e9.<\/p>\n","protected":false},"excerpt":{"rendered":"<p>Table d&#8217;appoint en argile blanche<br \/>\nPlateau en c\u00e9ramique \u00e9maill\u00e9e bordeaux<br \/>\n<a href=\"https:\/\/theinvisiblecollection.com\/wp-content\/uploads\/2022\/03\/TheInvisibleCollection_Glaze-Selection_Garce\u0301Dimofski_ImiSideTable.pdf\" target=\"_blank\" rel=\"noopener\"><span style=\"text-decoration: underline;\">D\u00e9couvrez la s\u00e9lection de vernis ici<\/span><\/a><br \/>\nChaque pi\u00e8ce est unique en raison de sa nature artisanale, la taille, les vernis et les teintes varient l\u00e9g\u00e8rement<br \/>\nDimensions sur-mesure sur demande<\/p>\n<p>L 26 x l 30 x H 60 cm<\/p>\n<p>Fabriqu\u00e9e \u00e0 la main au Portugal<br \/>\nD\u00e9lais de production : 8 semaines<\/p>\n<p><span style=\"text-decoration: underline;\"><a href=\"https:\/\/www.theinvisiblecollection.com\/fr\/demande-de-devis\/?product_id=604614\" target=\"_blank\" rel=\"noopener\">Contactez nous pour toute demande de devis ou de renseignements<\/a><\/span><\/p>\n<p>&nbsp;<\/p>\n","protected":false},"featured_media":5858189,"template":"","meta":{"_acf_changed":false,"content-type":"","_themeisle_gutenberg_block_has_review":false},"product_brand":[],"product_cat":[12332,12503,12514],"product_tag":[9059,10140,31475,31477,35206],"product_designer":[15857],"comfabric":[],"manufacturer":[22038],"reporting_designer":[37463],"samplecomfabric":[],"designer_clubroom":[],"class_list":{"0":"post-5846773","1":"product","2":"type-product","3":"status-publish","4":"has-post-thumbnail","6":"product_cat-tables-dappoint","7":"product_cat-tables-fr","8":"product_cat-tables-de-chevet","9":"product_tag-gueridon-fr-2","10":"product_tag-mobilier-exterieur-fr","11":"product_tag-st-ceramic-fr","12":"product_tag-st-curvy-fr","13":"product_tag-exclusive-fr","14":"pa_top-ceramique-emaillee-bordeaux","15":"pa_top-ceramique-emaillee-miel","16":"pa_top-couleur-sur-mesure","17":"pa_top-ceramique-emaillee-azul","18":"pa_top-ceramique-emaillee-cognac","19":"pa_top-ceramique-emaillee-vert","20":"pa_top-ceramique-emaillee-vert-marron","21":"product_designer-garce-dimofski-fr","22":"manufacturer-garc-dimofski-atelier-so-pedro-da-cova-fr","23":"reporting_designer-garce-dimofski","25":"first","26":"instock","27":"taxable","28":"shipping-taxable","29":"purchasable","30":"product-type-variable"},"acf":[],"_links":{"self":[{"href":"https:\/\/theinvisiblecollection.com\/fr\/wp-json\/wp\/v2\/product\/5846773","targetHints":{"allow":["GET"]}}],"collection":[{"href":"https:\/\/theinvisiblecollection.com\/fr\/wp-json\/wp\/v2\/product"}],"about":[{"href":"https:\/\/theinvisiblecollection.com\/fr\/wp-json\/wp\/v2\/types\/product"}],"wp:featuredmedia":[{"embeddable":true,"href":"https:\/\/theinvisiblecollection.com\/fr\/wp-json\/wp\/v2\/media\/5858189"}],"wp:attachment":[{"href":"https:\/\/theinvisiblecollection.com\/fr\/wp-json\/wp\/v2\/media?parent=5846773"}],"wp:term":[{"taxonomy":"product_brand","embeddable":true,"href":"https:\/\/theinvisiblecollection.com\/fr\/wp-json\/wp\/v2\/product_brand?post=5846773"},{"taxonomy":"product_cat","embeddable":true,"href":"https:\/\/theinvisiblecollection.com\/fr\/wp-json\/wp\/v2\/product_cat?post=5846773"},{"taxonomy":"product_tag","embeddable":true,"href":"https:\/\/theinvisiblecollection.com\/fr\/wp-json\/wp\/v2\/product_tag?post=5846773"},{"taxonomy":"product_designer","embeddable":true,"href":"https:\/\/theinvisiblecollection.com\/fr\/wp-json\/wp\/v2\/product_designer?post=5846773"},{"taxonomy":"comfabric","embeddable":true,"href":"https:\/\/theinvisiblecollection.com\/fr\/wp-json\/wp\/v2\/comfabric?post=5846773"},{"taxonomy":"manufacturer","embeddable":true,"href":"https:\/\/theinvisiblecollection.com\/fr\/wp-json\/wp\/v2\/manufacturer?post=5846773"},{"taxonomy":"reporting_designer","embeddable":true,"href":"https:\/\/theinvisiblecollection.com\/fr\/wp-json\/wp\/v2\/reporting_designer?post=5846773"},{"taxonomy":"samplecomfabric","embeddable":true,"href":"https:\/\/theinvisiblecollection.com\/fr\/wp-json\/wp\/v2\/samplecomfabric?post=5846773"},{"taxonomy":"clubroom_product_designer","embeddable":true,"href":"https:\/\/theinvisiblecollection.com\/fr\/wp-json\/wp\/v2\/designer_clubroom?post=5846773"}],"curies":[{"name":"wp","href":"https:\/\/api.w.org\/{rel}","templated":true}]}}