{"id":5849699,"date":"2025-07-04T13:07:55","date_gmt":"2025-07-04T13:07:55","guid":{"rendered":"https:\/\/theinvisiblecollection.com\/?post_type=product&#038;p=5849699"},"modified":"2026-05-01T07:37:16","modified_gmt":"2026-05-01T07:37:16","slug":"charlotte-biltgen-chaise-giorgio","status":"publish","type":"product","link":"https:\/\/theinvisiblecollection.com\/fr\/produit\/charlotte-biltgen-chaise-giorgio\/","title":{"rendered":"Chaise Giorgio"},"content":{"rendered":"<p style=\"text-align: justify;\" data-start=\"0\" data-end=\"190\">Les chairs Giorgia et Giorgio, dessin\u00e9s par Charlotte Biltgen, se font \u00e9cho \u2014 un \u00e9quilibre subtil entre force et finesse, structure et l\u00e9g\u00e8ret\u00e9. Lui et Elle \u2014 un couple italien \u00e9l\u00e9gant des ann\u00e9es 1960.<\/p>\n<p style=\"text-align: justify;\" data-start=\"192\" data-end=\"443\">D\u00e9pourvue d\u2019accoudoirs, Giorgia engage un dialogue de lignes pures avec Giorgio. Reposant sur des pieds en h\u00eatre subtilement \u00e9vas\u00e9s, elle allie l\u00e9g\u00e8ret\u00e9, confort discret et ergonomie impeccable, s\u2019imposant comme un classique intemporel et fonctionnel.<\/p>\n<p style=\"text-align: justify;\" data-start=\"445\" data-end=\"729\" data-is-last-node=\"\" data-is-only-node=\"\">\u00c0 la fois fermes et accueillants, leur design s\u2019inscrit dans la dur\u00e9e. Le dossier d\u00e9licatement sculpt\u00e9 \u00e9voque le passage du temps, comme charg\u00e9 d\u2019histoires et de mouvements. \u00c0 la crois\u00e9e du pass\u00e9 et du pr\u00e9sent, Giorgio et Giorgia r\u00e9interpr\u00e8tent l\u2019h\u00e9ritage avec une \u00e9l\u00e9gance naturelle.<\/p>\n","protected":false},"excerpt":{"rendered":"<p>Les chairs Giorgia et Giorgio, dessin\u00e9s par Charlotte Biltgen, se font \u00e9cho \u2014 un \u00e9quilibre subtil entre force et finesse, structure et l\u00e9g\u00e8ret\u00e9. Lui et Elle \u2014 un couple italien \u00e9l\u00e9gant des ann\u00e9es 1960. D\u00e9pourvue d\u2019accoudoirs, Giorgia engage un dialogue de lignes pures avec Giorgio. Reposant sur des pieds en h\u00eatre subtilement \u00e9vas\u00e9s, elle allie [&hellip;]<\/p>\n","protected":false},"featured_media":5849632,"template":"","meta":{"_acf_changed":false,"content-type":"","_themeisle_gutenberg_block_has_review":false},"product_brand":[],"product_cat":[8945,8962,12499],"product_tag":[9017,10138,10481,22790,31476],"product_designer":[8923],"comfabric":[34000],"manufacturer":[20337],"reporting_designer":[37451],"samplecomfabric":[30114],"designer_clubroom":[],"class_list":{"0":"post-5849699","1":"product","2":"type-product","3":"status-publish","4":"has-post-thumbnail","6":"product_cat-fauteuils","7":"product_cat-chaises","8":"product_cat-assises","9":"product_tag-chaise","10":"product_tag-chaise-fr-2","11":"product_tag-charlotte-biltgen-fr","12":"product_tag-disponible-immediatement","13":"product_tag-st-collectible-fr","14":"product_designer-charlotte-biltgen-fr","15":"comfabric-ad-sourcing-fr","16":"manufacturer-roissy-emballage-c-o-consulttransport-fr","17":"reporting_designer-charlotte-biltgen","18":"samplecomfabric-charlotte-biltgen-fr","19":"exhibitions-new-york-fr","21":"first","22":"instock","23":"taxable","24":"shipping-taxable","25":"purchasable","26":"product-type-variable"},"acf":[],"_links":{"self":[{"href":"https:\/\/theinvisiblecollection.com\/fr\/wp-json\/wp\/v2\/product\/5849699","targetHints":{"allow":["GET"]}}],"collection":[{"href":"https:\/\/theinvisiblecollection.com\/fr\/wp-json\/wp\/v2\/product"}],"about":[{"href":"https:\/\/theinvisiblecollection.com\/fr\/wp-json\/wp\/v2\/types\/product"}],"wp:featuredmedia":[{"embeddable":true,"href":"https:\/\/theinvisiblecollection.com\/fr\/wp-json\/wp\/v2\/media\/5849632"}],"wp:attachment":[{"href":"https:\/\/theinvisiblecollection.com\/fr\/wp-json\/wp\/v2\/media?parent=5849699"}],"wp:term":[{"taxonomy":"product_brand","embeddable":true,"href":"https:\/\/theinvisiblecollection.com\/fr\/wp-json\/wp\/v2\/product_brand?post=5849699"},{"taxonomy":"product_cat","embeddable":true,"href":"https:\/\/theinvisiblecollection.com\/fr\/wp-json\/wp\/v2\/product_cat?post=5849699"},{"taxonomy":"product_tag","embeddable":true,"href":"https:\/\/theinvisiblecollection.com\/fr\/wp-json\/wp\/v2\/product_tag?post=5849699"},{"taxonomy":"product_designer","embeddable":true,"href":"https:\/\/theinvisiblecollection.com\/fr\/wp-json\/wp\/v2\/product_designer?post=5849699"},{"taxonomy":"comfabric","embeddable":true,"href":"https:\/\/theinvisiblecollection.com\/fr\/wp-json\/wp\/v2\/comfabric?post=5849699"},{"taxonomy":"manufacturer","embeddable":true,"href":"https:\/\/theinvisiblecollection.com\/fr\/wp-json\/wp\/v2\/manufacturer?post=5849699"},{"taxonomy":"reporting_designer","embeddable":true,"href":"https:\/\/theinvisiblecollection.com\/fr\/wp-json\/wp\/v2\/reporting_designer?post=5849699"},{"taxonomy":"samplecomfabric","embeddable":true,"href":"https:\/\/theinvisiblecollection.com\/fr\/wp-json\/wp\/v2\/samplecomfabric?post=5849699"},{"taxonomy":"clubroom_product_designer","embeddable":true,"href":"https:\/\/theinvisiblecollection.com\/fr\/wp-json\/wp\/v2\/designer_clubroom?post=5849699"}],"curies":[{"name":"wp","href":"https:\/\/api.w.org\/{rel}","templated":true}]}}