{"id":5850161,"date":"2025-07-07T13:42:08","date_gmt":"2025-07-07T13:42:08","guid":{"rendered":"https:\/\/theinvisiblecollection.com\/?post_type=product&#038;p=5850161"},"modified":"2026-05-01T07:37:16","modified_gmt":"2026-05-01T07:37:16","slug":"laclaux-fauteuil-matcha","status":"publish","type":"product","link":"https:\/\/theinvisiblecollection.com\/fr\/produit\/laclaux-fauteuil-matcha\/","title":{"rendered":"Fauteuil Matcha"},"content":{"rendered":"<p data-start=\"175\" data-end=\"400\">Le fauteuil Matcha de Laclaux est une pi\u00e8ce sculpturale qui conjugue design affirm\u00e9 et confort enveloppant. \u00c9voquant les lignes douces et accueillantes du mod\u00e8le Sunset, il est pens\u00e9 pour offrir \u00e0 la fois ancrage et l\u00e9g\u00e8ret\u00e9. \u00c9l\u00e9gant, tactile et singulier, le fauteuil Matcha s\u2019impose naturellement dans l\u2019espace tout en y apportant une sensation de confort et de familiarit\u00e9.<\/p>\n","protected":false},"excerpt":{"rendered":"<p>Le fauteuil Matcha de Laclaux est une pi\u00e8ce sculpturale qui conjugue design affirm\u00e9 et confort enveloppant. \u00c9voquant les lignes douces et accueillantes du mod\u00e8le Sunset, il est pens\u00e9 pour offrir \u00e0 la fois ancrage et l\u00e9g\u00e8ret\u00e9. \u00c9l\u00e9gant, tactile et singulier, le fauteuil Matcha s\u2019impose naturellement dans l\u2019espace tout en y apportant une sensation de confort [&hellip;]<\/p>\n","protected":false},"featured_media":5850144,"template":"","meta":{"_acf_changed":false,"content-type":"","_themeisle_gutenberg_block_has_review":false},"product_brand":[],"product_cat":[8945,12499],"product_tag":[8942,9150,11335,31477,35206],"product_designer":[31423],"comfabric":[35965],"manufacturer":[31425],"reporting_designer":[37262],"samplecomfabric":[35967],"designer_clubroom":[],"class_list":{"0":"post-5850161","1":"product","2":"type-product","3":"status-publish","4":"has-post-thumbnail","6":"product_cat-fauteuils","7":"product_cat-assises","8":"product_tag-assise","9":"product_tag-fauteuil-fr-2","10":"product_tag-eco-design","11":"product_tag-st-curvy-fr","12":"product_tag-exclusive-fr","13":"product_designer-laclaux-fr","14":"comfabric-laclaux-fr","15":"manufacturer-premier-logistics-art-interiors-pickup-laclaux-fr","16":"reporting_designer-laclaux","17":"samplecomfabric-laclaux-fr","19":"first","20":"instock","21":"taxable","22":"shipping-taxable","23":"purchasable","24":"product-type-variable"},"acf":[],"_links":{"self":[{"href":"https:\/\/theinvisiblecollection.com\/fr\/wp-json\/wp\/v2\/product\/5850161","targetHints":{"allow":["GET"]}}],"collection":[{"href":"https:\/\/theinvisiblecollection.com\/fr\/wp-json\/wp\/v2\/product"}],"about":[{"href":"https:\/\/theinvisiblecollection.com\/fr\/wp-json\/wp\/v2\/types\/product"}],"wp:featuredmedia":[{"embeddable":true,"href":"https:\/\/theinvisiblecollection.com\/fr\/wp-json\/wp\/v2\/media\/5850144"}],"wp:attachment":[{"href":"https:\/\/theinvisiblecollection.com\/fr\/wp-json\/wp\/v2\/media?parent=5850161"}],"wp:term":[{"taxonomy":"product_brand","embeddable":true,"href":"https:\/\/theinvisiblecollection.com\/fr\/wp-json\/wp\/v2\/product_brand?post=5850161"},{"taxonomy":"product_cat","embeddable":true,"href":"https:\/\/theinvisiblecollection.com\/fr\/wp-json\/wp\/v2\/product_cat?post=5850161"},{"taxonomy":"product_tag","embeddable":true,"href":"https:\/\/theinvisiblecollection.com\/fr\/wp-json\/wp\/v2\/product_tag?post=5850161"},{"taxonomy":"product_designer","embeddable":true,"href":"https:\/\/theinvisiblecollection.com\/fr\/wp-json\/wp\/v2\/product_designer?post=5850161"},{"taxonomy":"comfabric","embeddable":true,"href":"https:\/\/theinvisiblecollection.com\/fr\/wp-json\/wp\/v2\/comfabric?post=5850161"},{"taxonomy":"manufacturer","embeddable":true,"href":"https:\/\/theinvisiblecollection.com\/fr\/wp-json\/wp\/v2\/manufacturer?post=5850161"},{"taxonomy":"reporting_designer","embeddable":true,"href":"https:\/\/theinvisiblecollection.com\/fr\/wp-json\/wp\/v2\/reporting_designer?post=5850161"},{"taxonomy":"samplecomfabric","embeddable":true,"href":"https:\/\/theinvisiblecollection.com\/fr\/wp-json\/wp\/v2\/samplecomfabric?post=5850161"},{"taxonomy":"clubroom_product_designer","embeddable":true,"href":"https:\/\/theinvisiblecollection.com\/fr\/wp-json\/wp\/v2\/designer_clubroom?post=5850161"}],"curies":[{"name":"wp","href":"https:\/\/api.w.org\/{rel}","templated":true}]}}