{"id":5850177,"date":"2025-07-07T14:01:40","date_gmt":"2025-07-07T14:01:40","guid":{"rendered":"https:\/\/theinvisiblecollection.com\/?post_type=product&#038;p=5850177"},"modified":"2026-05-01T07:37:16","modified_gmt":"2026-05-01T07:37:16","slug":"laclaux-table-basse-elzevir","status":"publish","type":"product","link":"https:\/\/theinvisiblecollection.com\/fr\/produit\/laclaux-table-basse-elzevir\/","title":{"rendered":"Table Basse Elz\u00e9vir"},"content":{"rendered":"<p class=\"mb-fontLine last:mb-0\">La table basse Elz\u00e9vir de Laclaux s\u2019inspire d\u2019une architecture l\u00e9g\u00e8re et po\u00e9tique. Son pi\u00e8tement en rotin cintr\u00e9 dessine une ligne fluide et organique, tandis que son plateau en verre ambr\u00e9 capte la lumi\u00e8re avec douceur. Elle est pens\u00e9e pour dialoguer librement avec les autres pi\u00e8ces de la collection, et peut \u00eatre r\u00e9alis\u00e9e en rotin naturel ou laqu\u00e9e dans la teinte de votre choix.<\/p>\n","protected":false},"excerpt":{"rendered":"<p>La table basse Elz\u00e9vir de Laclaux s\u2019inspire d\u2019une architecture l\u00e9g\u00e8re et po\u00e9tique. Son pi\u00e8tement en rotin cintr\u00e9 dessine une ligne fluide et organique, tandis que son plateau en verre ambr\u00e9 capte la lumi\u00e8re avec douceur. Elle est pens\u00e9e pour dialoguer librement avec les autres pi\u00e8ces de la collection, et peut \u00eatre r\u00e9alis\u00e9e en rotin naturel [&hellip;]<\/p>\n","protected":false},"featured_media":5850168,"template":"","meta":{"_acf_changed":false,"content-type":"","_themeisle_gutenberg_block_has_review":false},"product_brand":[],"product_cat":[7509,12503],"product_tag":[8855,9066,9075,11335,35206],"product_designer":[31423],"comfabric":[],"manufacturer":[31425],"reporting_designer":[37262],"samplecomfabric":[],"designer_clubroom":[],"class_list":{"0":"post-5850177","1":"product","2":"type-product","3":"status-publish","4":"has-post-thumbnail","6":"product_cat-tables-basses-dappoint","7":"product_cat-tables-fr","8":"product_tag-table-fr-3","9":"product_tag-table-basse","10":"product_tag-rottin","11":"product_tag-eco-design","12":"product_tag-exclusive-fr","13":"pa_size-l-280-x-l-100-x-h-80-fr","14":"pa_size-petit-fr","15":"product_designer-laclaux-fr","16":"manufacturer-premier-logistics-art-interiors-pickup-laclaux-fr","17":"reporting_designer-laclaux","19":"first","20":"instock","21":"taxable","22":"shipping-taxable","23":"purchasable","24":"product-type-variable"},"acf":[],"_links":{"self":[{"href":"https:\/\/theinvisiblecollection.com\/fr\/wp-json\/wp\/v2\/product\/5850177","targetHints":{"allow":["GET"]}}],"collection":[{"href":"https:\/\/theinvisiblecollection.com\/fr\/wp-json\/wp\/v2\/product"}],"about":[{"href":"https:\/\/theinvisiblecollection.com\/fr\/wp-json\/wp\/v2\/types\/product"}],"wp:featuredmedia":[{"embeddable":true,"href":"https:\/\/theinvisiblecollection.com\/fr\/wp-json\/wp\/v2\/media\/5850168"}],"wp:attachment":[{"href":"https:\/\/theinvisiblecollection.com\/fr\/wp-json\/wp\/v2\/media?parent=5850177"}],"wp:term":[{"taxonomy":"product_brand","embeddable":true,"href":"https:\/\/theinvisiblecollection.com\/fr\/wp-json\/wp\/v2\/product_brand?post=5850177"},{"taxonomy":"product_cat","embeddable":true,"href":"https:\/\/theinvisiblecollection.com\/fr\/wp-json\/wp\/v2\/product_cat?post=5850177"},{"taxonomy":"product_tag","embeddable":true,"href":"https:\/\/theinvisiblecollection.com\/fr\/wp-json\/wp\/v2\/product_tag?post=5850177"},{"taxonomy":"product_designer","embeddable":true,"href":"https:\/\/theinvisiblecollection.com\/fr\/wp-json\/wp\/v2\/product_designer?post=5850177"},{"taxonomy":"comfabric","embeddable":true,"href":"https:\/\/theinvisiblecollection.com\/fr\/wp-json\/wp\/v2\/comfabric?post=5850177"},{"taxonomy":"manufacturer","embeddable":true,"href":"https:\/\/theinvisiblecollection.com\/fr\/wp-json\/wp\/v2\/manufacturer?post=5850177"},{"taxonomy":"reporting_designer","embeddable":true,"href":"https:\/\/theinvisiblecollection.com\/fr\/wp-json\/wp\/v2\/reporting_designer?post=5850177"},{"taxonomy":"samplecomfabric","embeddable":true,"href":"https:\/\/theinvisiblecollection.com\/fr\/wp-json\/wp\/v2\/samplecomfabric?post=5850177"},{"taxonomy":"clubroom_product_designer","embeddable":true,"href":"https:\/\/theinvisiblecollection.com\/fr\/wp-json\/wp\/v2\/designer_clubroom?post=5850177"}],"curies":[{"name":"wp","href":"https:\/\/api.w.org\/{rel}","templated":true}]}}