{"id":5850292,"date":"2025-07-08T10:48:57","date_gmt":"2025-07-08T10:48:57","guid":{"rendered":"https:\/\/theinvisiblecollection.com\/?post_type=product&#038;p=5850292"},"modified":"2026-05-01T07:37:16","modified_gmt":"2026-05-01T07:37:16","slug":"laclaux-tabouret-bliss","status":"publish","type":"product","link":"https:\/\/theinvisiblecollection.com\/fr\/produit\/laclaux-tabouret-bliss\/","title":{"rendered":"Tabouret Bliss"},"content":{"rendered":"<p>Imagin\u00e9 pour un projet r\u00e9sidentiel \u00e0 Paris, le tabouret Bliss de Laclaux allie simplicit\u00e9 et raffinement. Ses lignes douces et arrondies \u00e9voquent un dessert d\u00e9licat, apportant une \u00e9l\u00e9gance ludique et discr\u00e8tement luxueuse \u00e0 tout int\u00e9rieur.<\/p>\n","protected":false},"excerpt":{"rendered":"<p>Imagin\u00e9 pour un projet r\u00e9sidentiel \u00e0 Paris, le tabouret Bliss de Laclaux allie simplicit\u00e9 et raffinement. Ses lignes douces et arrondies \u00e9voquent un dessert d\u00e9licat, apportant une \u00e9l\u00e9gance ludique et discr\u00e8tement luxueuse \u00e0 tout int\u00e9rieur.<\/p>\n","protected":false},"featured_media":5850249,"template":"","meta":{"_acf_changed":false,"content-type":"","_themeisle_gutenberg_block_has_review":false},"product_brand":[],"product_cat":[8969,12499],"product_tag":[8942,9275,11335,31477,35206],"product_designer":[31423],"comfabric":[35965],"manufacturer":[31425],"reporting_designer":[37262],"samplecomfabric":[35967],"designer_clubroom":[],"class_list":{"0":"post-5850292","1":"product","2":"type-product","3":"status-publish","4":"has-post-thumbnail","6":"product_cat-ottomans-tabourets","7":"product_cat-assises","8":"product_tag-assise","9":"product_tag-tabouret-fr-2","10":"product_tag-eco-design","11":"product_tag-st-curvy-fr","12":"product_tag-exclusive-fr","13":"product_designer-laclaux-fr","14":"comfabric-laclaux-fr","15":"manufacturer-premier-logistics-art-interiors-pickup-laclaux-fr","16":"reporting_designer-laclaux","17":"samplecomfabric-laclaux-fr","19":"first","20":"instock","21":"taxable","22":"shipping-taxable","23":"purchasable","24":"product-type-variable"},"acf":[],"_links":{"self":[{"href":"https:\/\/theinvisiblecollection.com\/fr\/wp-json\/wp\/v2\/product\/5850292","targetHints":{"allow":["GET"]}}],"collection":[{"href":"https:\/\/theinvisiblecollection.com\/fr\/wp-json\/wp\/v2\/product"}],"about":[{"href":"https:\/\/theinvisiblecollection.com\/fr\/wp-json\/wp\/v2\/types\/product"}],"wp:featuredmedia":[{"embeddable":true,"href":"https:\/\/theinvisiblecollection.com\/fr\/wp-json\/wp\/v2\/media\/5850249"}],"wp:attachment":[{"href":"https:\/\/theinvisiblecollection.com\/fr\/wp-json\/wp\/v2\/media?parent=5850292"}],"wp:term":[{"taxonomy":"product_brand","embeddable":true,"href":"https:\/\/theinvisiblecollection.com\/fr\/wp-json\/wp\/v2\/product_brand?post=5850292"},{"taxonomy":"product_cat","embeddable":true,"href":"https:\/\/theinvisiblecollection.com\/fr\/wp-json\/wp\/v2\/product_cat?post=5850292"},{"taxonomy":"product_tag","embeddable":true,"href":"https:\/\/theinvisiblecollection.com\/fr\/wp-json\/wp\/v2\/product_tag?post=5850292"},{"taxonomy":"product_designer","embeddable":true,"href":"https:\/\/theinvisiblecollection.com\/fr\/wp-json\/wp\/v2\/product_designer?post=5850292"},{"taxonomy":"comfabric","embeddable":true,"href":"https:\/\/theinvisiblecollection.com\/fr\/wp-json\/wp\/v2\/comfabric?post=5850292"},{"taxonomy":"manufacturer","embeddable":true,"href":"https:\/\/theinvisiblecollection.com\/fr\/wp-json\/wp\/v2\/manufacturer?post=5850292"},{"taxonomy":"reporting_designer","embeddable":true,"href":"https:\/\/theinvisiblecollection.com\/fr\/wp-json\/wp\/v2\/reporting_designer?post=5850292"},{"taxonomy":"samplecomfabric","embeddable":true,"href":"https:\/\/theinvisiblecollection.com\/fr\/wp-json\/wp\/v2\/samplecomfabric?post=5850292"},{"taxonomy":"clubroom_product_designer","embeddable":true,"href":"https:\/\/theinvisiblecollection.com\/fr\/wp-json\/wp\/v2\/designer_clubroom?post=5850292"}],"curies":[{"name":"wp","href":"https:\/\/api.w.org\/{rel}","templated":true}]}}