{"id":5850469,"date":"2025-07-07T14:14:15","date_gmt":"2025-07-07T14:14:15","guid":{"rendered":"https:\/\/theinvisiblecollection.com\/?post_type=product&#038;p=5850469"},"modified":"2026-05-01T07:37:16","modified_gmt":"2026-05-01T07:37:16","slug":"laclaux-gueridon-dahlia","status":"publish","type":"product","link":"https:\/\/theinvisiblecollection.com\/fr\/produit\/laclaux-gueridon-dahlia\/","title":{"rendered":"Gu\u00e9ridon Dahlia"},"content":{"rendered":"<p style=\"text-align: justify;\">La table d\u2019appoint Dahlia par Laclaux est une pi\u00e8ce petite mais saisissante qui transforme le bronze en une \u0153uvre d\u2019art brute et textur\u00e9e. Sa surface miroir polie contraste magnifiquement avec des formes sculpturales et en volutes qui \u00e9voquent les p\u00e9tales d\u00e9licats d\u2019une fleur de dahlia. Cette table d\u2019appoint m\u00eale inspiration organique et savoir-faire raffin\u00e9, apportant une touche de sophistication audacieuse \u00e0 tout espace.<\/p>\n","protected":false},"excerpt":{"rendered":"<p>La table d\u2019appoint Dahlia par Laclaux est une pi\u00e8ce petite mais saisissante qui transforme le bronze en une \u0153uvre d\u2019art brute et textur\u00e9e. Sa surface miroir polie contraste magnifiquement avec des formes sculpturales et en volutes qui \u00e9voquent les p\u00e9tales d\u00e9licats d\u2019une fleur de dahlia. Cette table d\u2019appoint m\u00eale inspiration organique et savoir-faire raffin\u00e9, apportant [&hellip;]<\/p>\n","protected":false},"featured_media":5852501,"template":"","meta":{"_acf_changed":false,"content-type":"","_themeisle_gutenberg_block_has_review":false},"product_brand":[],"product_cat":[12332,12503],"product_tag":[8857,9016,9058,9059,9651,11335,31477,35206],"product_designer":[31423],"comfabric":[],"manufacturer":[31425],"reporting_designer":[37262],"samplecomfabric":[],"designer_clubroom":[],"class_list":{"0":"post-5850469","1":"product","2":"type-product","3":"status-publish","4":"has-post-thumbnail","6":"product_cat-tables-dappoint","7":"product_cat-tables-fr","8":"product_tag-table-de-chevet","9":"product_tag-chambre-fr-2","10":"product_tag-bronze-fr-2","11":"product_tag-gueridon-fr-2","12":"product_tag-metal-fr","13":"product_tag-eco-design","14":"product_tag-st-curvy-fr","15":"product_tag-exclusive-fr","16":"product_designer-laclaux-fr","17":"manufacturer-premier-logistics-art-interiors-pickup-laclaux-fr","18":"reporting_designer-laclaux","20":"first","21":"instock","22":"taxable","23":"shipping-taxable","24":"purchasable","25":"product-type-variable"},"acf":[],"_links":{"self":[{"href":"https:\/\/theinvisiblecollection.com\/fr\/wp-json\/wp\/v2\/product\/5850469","targetHints":{"allow":["GET"]}}],"collection":[{"href":"https:\/\/theinvisiblecollection.com\/fr\/wp-json\/wp\/v2\/product"}],"about":[{"href":"https:\/\/theinvisiblecollection.com\/fr\/wp-json\/wp\/v2\/types\/product"}],"wp:featuredmedia":[{"embeddable":true,"href":"https:\/\/theinvisiblecollection.com\/fr\/wp-json\/wp\/v2\/media\/5852501"}],"wp:attachment":[{"href":"https:\/\/theinvisiblecollection.com\/fr\/wp-json\/wp\/v2\/media?parent=5850469"}],"wp:term":[{"taxonomy":"product_brand","embeddable":true,"href":"https:\/\/theinvisiblecollection.com\/fr\/wp-json\/wp\/v2\/product_brand?post=5850469"},{"taxonomy":"product_cat","embeddable":true,"href":"https:\/\/theinvisiblecollection.com\/fr\/wp-json\/wp\/v2\/product_cat?post=5850469"},{"taxonomy":"product_tag","embeddable":true,"href":"https:\/\/theinvisiblecollection.com\/fr\/wp-json\/wp\/v2\/product_tag?post=5850469"},{"taxonomy":"product_designer","embeddable":true,"href":"https:\/\/theinvisiblecollection.com\/fr\/wp-json\/wp\/v2\/product_designer?post=5850469"},{"taxonomy":"comfabric","embeddable":true,"href":"https:\/\/theinvisiblecollection.com\/fr\/wp-json\/wp\/v2\/comfabric?post=5850469"},{"taxonomy":"manufacturer","embeddable":true,"href":"https:\/\/theinvisiblecollection.com\/fr\/wp-json\/wp\/v2\/manufacturer?post=5850469"},{"taxonomy":"reporting_designer","embeddable":true,"href":"https:\/\/theinvisiblecollection.com\/fr\/wp-json\/wp\/v2\/reporting_designer?post=5850469"},{"taxonomy":"samplecomfabric","embeddable":true,"href":"https:\/\/theinvisiblecollection.com\/fr\/wp-json\/wp\/v2\/samplecomfabric?post=5850469"},{"taxonomy":"clubroom_product_designer","embeddable":true,"href":"https:\/\/theinvisiblecollection.com\/fr\/wp-json\/wp\/v2\/designer_clubroom?post=5850469"}],"curies":[{"name":"wp","href":"https:\/\/api.w.org\/{rel}","templated":true}]}}