{"id":5850482,"date":"2025-07-06T16:51:55","date_gmt":"2025-07-06T16:51:55","guid":{"rendered":"https:\/\/theinvisiblecollection.com\/?post_type=product&#038;p=5850482"},"modified":"2026-05-08T04:38:32","modified_gmt":"2026-05-08T04:38:32","slug":"laclaux-commode-calyx","status":"publish","type":"product","link":"https:\/\/theinvisiblecollection.com\/fr\/produit\/laclaux-commode-calyx\/","title":{"rendered":"Commode Calyx"},"content":{"rendered":"<p style=\"text-align: justify;\" data-start=\"79\" data-end=\"334\">La collection Calyx sign\u00e9e Laclaux explore un langage graphique et textural, m\u00ealant l\u2019\u00e9l\u00e9gance raffin\u00e9e d\u2019un motif damier japonais en moabi rouge \u00e0 la douceur chaleureuse du ch\u00eane naturel. Ce contraste cr\u00e9e un rythme subtil, \u00e0 la fois pr\u00e9cis et organique. Chaque poign\u00e9e, fa\u00e7onn\u00e9e \u00e0 la main en Italie, apporte une touche artisanale unique \u00e0 la pi\u00e8ce.<\/p>\n","protected":false},"excerpt":{"rendered":"<p>La collection Calyx sign\u00e9e Laclaux explore un langage graphique et textural, m\u00ealant l\u2019\u00e9l\u00e9gance raffin\u00e9e d\u2019un motif damier japonais en moabi rouge \u00e0 la douceur chaleureuse du ch\u00eane naturel. Ce contraste cr\u00e9e un rythme subtil, \u00e0 la fois pr\u00e9cis et organique. Chaque poign\u00e9e, fa\u00e7onn\u00e9e \u00e0 la main en Italie, apporte une touche artisanale unique \u00e0 la [&hellip;]<\/p>\n","protected":false},"featured_media":5850474,"template":"","meta":{"_acf_changed":false,"content-type":"","_themeisle_gutenberg_block_has_review":false},"product_brand":[],"product_cat":[8957,12505],"product_tag":[11335,31475,35206,9423,9424,9456],"product_designer":[31423],"comfabric":[],"manufacturer":[31425],"reporting_designer":[37262],"samplecomfabric":[],"designer_clubroom":[],"class_list":{"0":"post-5850482","1":"product","2":"type-product","3":"status-publish","4":"has-post-thumbnail","6":"product_cat-commodes","7":"product_cat-rangements","8":"product_tag-eco-design","9":"product_tag-st-ceramic-fr","10":"product_tag-exclusive-fr","11":"product_tag-storage","12":"product_tag-commode-fr","13":"product_tag-cabinet","14":"product_designer-laclaux-fr","15":"manufacturer-premier-logistics-art-interiors-pickup-laclaux-fr","16":"reporting_designer-laclaux-fr","18":"first","19":"instock","20":"taxable","21":"shipping-taxable","22":"purchasable","23":"product-type-simple"},"acf":[],"_links":{"self":[{"href":"https:\/\/theinvisiblecollection.com\/fr\/wp-json\/wp\/v2\/product\/5850482","targetHints":{"allow":["GET"]}}],"collection":[{"href":"https:\/\/theinvisiblecollection.com\/fr\/wp-json\/wp\/v2\/product"}],"about":[{"href":"https:\/\/theinvisiblecollection.com\/fr\/wp-json\/wp\/v2\/types\/product"}],"wp:featuredmedia":[{"embeddable":true,"href":"https:\/\/theinvisiblecollection.com\/fr\/wp-json\/wp\/v2\/media\/5850474"}],"wp:attachment":[{"href":"https:\/\/theinvisiblecollection.com\/fr\/wp-json\/wp\/v2\/media?parent=5850482"}],"wp:term":[{"taxonomy":"product_brand","embeddable":true,"href":"https:\/\/theinvisiblecollection.com\/fr\/wp-json\/wp\/v2\/product_brand?post=5850482"},{"taxonomy":"product_cat","embeddable":true,"href":"https:\/\/theinvisiblecollection.com\/fr\/wp-json\/wp\/v2\/product_cat?post=5850482"},{"taxonomy":"product_tag","embeddable":true,"href":"https:\/\/theinvisiblecollection.com\/fr\/wp-json\/wp\/v2\/product_tag?post=5850482"},{"taxonomy":"product_designer","embeddable":true,"href":"https:\/\/theinvisiblecollection.com\/fr\/wp-json\/wp\/v2\/product_designer?post=5850482"},{"taxonomy":"comfabric","embeddable":true,"href":"https:\/\/theinvisiblecollection.com\/fr\/wp-json\/wp\/v2\/comfabric?post=5850482"},{"taxonomy":"manufacturer","embeddable":true,"href":"https:\/\/theinvisiblecollection.com\/fr\/wp-json\/wp\/v2\/manufacturer?post=5850482"},{"taxonomy":"reporting_designer","embeddable":true,"href":"https:\/\/theinvisiblecollection.com\/fr\/wp-json\/wp\/v2\/reporting_designer?post=5850482"},{"taxonomy":"samplecomfabric","embeddable":true,"href":"https:\/\/theinvisiblecollection.com\/fr\/wp-json\/wp\/v2\/samplecomfabric?post=5850482"},{"taxonomy":"clubroom_product_designer","embeddable":true,"href":"https:\/\/theinvisiblecollection.com\/fr\/wp-json\/wp\/v2\/designer_clubroom?post=5850482"}],"curies":[{"name":"wp","href":"https:\/\/api.w.org\/{rel}","templated":true}]}}