{"id":5850532,"date":"2025-07-06T17:30:59","date_gmt":"2025-07-06T17:30:59","guid":{"rendered":"https:\/\/theinvisiblecollection.com\/?post_type=product&#038;p=5850532"},"modified":"2026-05-01T07:37:16","modified_gmt":"2026-05-01T07:37:16","slug":"laclaux-lustre-magnolia","status":"publish","type":"product","link":"https:\/\/theinvisiblecollection.com\/fr\/produit\/laclaux-lustre-magnolia\/","title":{"rendered":"Lustre Magnolia"},"content":{"rendered":"<p style=\"text-align: justify;\">Un arbre de lumi\u00e8re o\u00f9 \u00e9clot la d\u00e9licatesse du magnolia au printemps. Fabriqu\u00e9 dans la r\u00e9gion de Naples, le lustre Magnolia de Laclaux c\u00e9l\u00e8bre l\u2019artisanat italien \u00e0 travers une structure a\u00e9rienne et florale. Ses 11 corolles lumineuses en p\u00e2te de verre opalescente diffusent une lumi\u00e8re douce et chaleureuse. Les 49 magnolias en c\u00e9ramique \u00e9maill\u00e9e, sculpt\u00e9s et peints \u00e0 la main, ponctuent ses branches d\u2019une \u00e9clatante po\u00e9sie. Leur finition subtile joue avec la lumi\u00e8re, cr\u00e9ant une impression de floraison suspendue. Chaque d\u00e9tail, fa\u00e7onn\u00e9 avec pr\u00e9cision, capture l\u2019essence vivante du magnolia en pleine \u00e9closion. Une pi\u00e8ce d\u2019exception o\u00f9 la lumi\u00e8re et la mati\u00e8re dialoguent dans une harmonie organique et intemporelle.<\/p>\n","protected":false},"excerpt":{"rendered":"<p>Un arbre de lumi\u00e8re o\u00f9 \u00e9clot la d\u00e9licatesse du magnolia au printemps. Fabriqu\u00e9 dans la r\u00e9gion de Naples, le lustre Magnolia de Laclaux c\u00e9l\u00e8bre l\u2019artisanat italien \u00e0 travers une structure a\u00e9rienne et florale. Ses 11 corolles lumineuses en p\u00e2te de verre opalescente diffusent une lumi\u00e8re douce et chaleureuse. Les 49 magnolias en c\u00e9ramique \u00e9maill\u00e9e, sculpt\u00e9s [&hellip;]<\/p>\n","protected":false},"featured_media":5850525,"template":"","meta":{"_acf_changed":false,"content-type":"","_themeisle_gutenberg_block_has_review":false},"product_brand":[],"product_cat":[8961,12507],"product_tag":[9200,9264,9728,11335,31475,35206],"product_designer":[31423],"comfabric":[],"manufacturer":[31425],"reporting_designer":[37262],"samplecomfabric":[],"designer_clubroom":[],"class_list":{"0":"post-5850532","1":"product","2":"type-product","3":"status-publish","4":"has-post-thumbnail","6":"product_cat-suspensions","7":"product_cat-luminaires","8":"product_tag-luminaire-fr-2","9":"product_tag-fleurs","10":"product_tag-chandelier-fr","11":"product_tag-eco-design","12":"product_tag-st-ceramic-fr","13":"product_tag-exclusive-fr","14":"pa_size-large-fr-2","15":"pa_size-moyen","16":"product_designer-laclaux-fr","17":"manufacturer-premier-logistics-art-interiors-pickup-laclaux-fr","18":"reporting_designer-laclaux-fr","20":"first","21":"instock","22":"taxable","23":"shipping-taxable","24":"purchasable","25":"product-type-variable"},"acf":[],"_links":{"self":[{"href":"https:\/\/theinvisiblecollection.com\/fr\/wp-json\/wp\/v2\/product\/5850532","targetHints":{"allow":["GET"]}}],"collection":[{"href":"https:\/\/theinvisiblecollection.com\/fr\/wp-json\/wp\/v2\/product"}],"about":[{"href":"https:\/\/theinvisiblecollection.com\/fr\/wp-json\/wp\/v2\/types\/product"}],"wp:featuredmedia":[{"embeddable":true,"href":"https:\/\/theinvisiblecollection.com\/fr\/wp-json\/wp\/v2\/media\/5850525"}],"wp:attachment":[{"href":"https:\/\/theinvisiblecollection.com\/fr\/wp-json\/wp\/v2\/media?parent=5850532"}],"wp:term":[{"taxonomy":"product_brand","embeddable":true,"href":"https:\/\/theinvisiblecollection.com\/fr\/wp-json\/wp\/v2\/product_brand?post=5850532"},{"taxonomy":"product_cat","embeddable":true,"href":"https:\/\/theinvisiblecollection.com\/fr\/wp-json\/wp\/v2\/product_cat?post=5850532"},{"taxonomy":"product_tag","embeddable":true,"href":"https:\/\/theinvisiblecollection.com\/fr\/wp-json\/wp\/v2\/product_tag?post=5850532"},{"taxonomy":"product_designer","embeddable":true,"href":"https:\/\/theinvisiblecollection.com\/fr\/wp-json\/wp\/v2\/product_designer?post=5850532"},{"taxonomy":"comfabric","embeddable":true,"href":"https:\/\/theinvisiblecollection.com\/fr\/wp-json\/wp\/v2\/comfabric?post=5850532"},{"taxonomy":"manufacturer","embeddable":true,"href":"https:\/\/theinvisiblecollection.com\/fr\/wp-json\/wp\/v2\/manufacturer?post=5850532"},{"taxonomy":"reporting_designer","embeddable":true,"href":"https:\/\/theinvisiblecollection.com\/fr\/wp-json\/wp\/v2\/reporting_designer?post=5850532"},{"taxonomy":"samplecomfabric","embeddable":true,"href":"https:\/\/theinvisiblecollection.com\/fr\/wp-json\/wp\/v2\/samplecomfabric?post=5850532"},{"taxonomy":"clubroom_product_designer","embeddable":true,"href":"https:\/\/theinvisiblecollection.com\/fr\/wp-json\/wp\/v2\/designer_clubroom?post=5850532"}],"curies":[{"name":"wp","href":"https:\/\/api.w.org\/{rel}","templated":true}]}}