{"id":5850834,"date":"2025-07-07T14:51:22","date_gmt":"2025-07-07T14:51:22","guid":{"rendered":"https:\/\/theinvisiblecollection.com\/?post_type=product&#038;p=5850834"},"modified":"2026-05-01T07:37:16","modified_gmt":"2026-05-01T07:37:16","slug":"laclaux-lampe-stella","status":"publish","type":"product","link":"https:\/\/theinvisiblecollection.com\/fr\/produit\/laclaux-lampe-stella\/","title":{"rendered":"Lampe Stella"},"content":{"rendered":"<p style=\"text-align: justify;\">Fruit d\u2019une collaboration avec l\u2019artiste fran\u00e7ais C\u00f4me Cl\u00e9rino, c\u00e9ramiste, peintre et sculpteur, la lampe Stella de Laclaux conjugue la pr\u00e9cision du geste et la libert\u00e9 de la mati\u00e8re. Sa base sculpturale en c\u00e9ramique \u00e9maill\u00e9e au pistolet dessine une boucle \u00e9vid\u00e9e, fluide et dense, travers\u00e9e par un d\u00e9grad\u00e9 de teintes dans ses versions color\u00e9es.<br \/>\nLa forme ronde de la lampe fait \u00e9cho au disque d\u2019accr\u00e9tion, un ph\u00e9nom\u00e8ne c\u00e9leste o\u00f9 poussi\u00e8res et gaz s\u2019organisent en rotation autour d\u2019un astre, formant un anneau incandescent. L\u2019\u00e9mail, appliqu\u00e9 en halo progressif, accentue cette dynamique lumineuse contenue, en perp\u00e9tuel mouvement. Objet lumineux \u00e0 la fois fonctionnel et ornemental, la lampe Stella s\u2019inscrit dans la tradition des Arts d\u00e9coratifs fran\u00e7ais, o\u00f9 la lumi\u00e8re dialogue avec la mati\u00e8re, et l\u2019usage avec la forme.<\/p>\n","protected":false},"excerpt":{"rendered":"<p>Fruit d\u2019une collaboration avec l\u2019artiste fran\u00e7ais C\u00f4me Cl\u00e9rino, c\u00e9ramiste, peintre et sculpteur, la lampe Stella de Laclaux conjugue la pr\u00e9cision du geste et la libert\u00e9 de la mati\u00e8re. Sa base sculpturale en c\u00e9ramique \u00e9maill\u00e9e au pistolet dessine une boucle \u00e9vid\u00e9e, fluide et dense, travers\u00e9e par un d\u00e9grad\u00e9 de teintes dans ses versions color\u00e9es. La forme [&hellip;]<\/p>\n","protected":false},"featured_media":5850615,"template":"","meta":{"_acf_changed":false,"content-type":"","_themeisle_gutenberg_block_has_review":false},"product_brand":[],"product_cat":[8974,12507],"product_tag":[9049,9200,11335,31474,31475,35206],"product_designer":[31423],"comfabric":[],"manufacturer":[31425],"reporting_designer":[37262],"samplecomfabric":[],"designer_clubroom":[],"class_list":{"0":"post-5850834","1":"product","2":"type-product","3":"status-publish","4":"has-post-thumbnail","6":"product_cat-lampes-de-table","7":"product_cat-luminaires","8":"product_tag-lampe-de-table","9":"product_tag-luminaire-fr-2","10":"product_tag-eco-design","11":"product_tag-co-white-fr","12":"product_tag-st-ceramic-fr","13":"product_tag-exclusive-fr","14":"product_designer-laclaux-fr","15":"manufacturer-premier-logistics-art-interiors-pickup-laclaux-fr","16":"reporting_designer-laclaux","18":"first","19":"instock","20":"taxable","21":"shipping-taxable","22":"purchasable","23":"product-type-variable"},"acf":[],"_links":{"self":[{"href":"https:\/\/theinvisiblecollection.com\/fr\/wp-json\/wp\/v2\/product\/5850834","targetHints":{"allow":["GET"]}}],"collection":[{"href":"https:\/\/theinvisiblecollection.com\/fr\/wp-json\/wp\/v2\/product"}],"about":[{"href":"https:\/\/theinvisiblecollection.com\/fr\/wp-json\/wp\/v2\/types\/product"}],"wp:featuredmedia":[{"embeddable":true,"href":"https:\/\/theinvisiblecollection.com\/fr\/wp-json\/wp\/v2\/media\/5850615"}],"wp:attachment":[{"href":"https:\/\/theinvisiblecollection.com\/fr\/wp-json\/wp\/v2\/media?parent=5850834"}],"wp:term":[{"taxonomy":"product_brand","embeddable":true,"href":"https:\/\/theinvisiblecollection.com\/fr\/wp-json\/wp\/v2\/product_brand?post=5850834"},{"taxonomy":"product_cat","embeddable":true,"href":"https:\/\/theinvisiblecollection.com\/fr\/wp-json\/wp\/v2\/product_cat?post=5850834"},{"taxonomy":"product_tag","embeddable":true,"href":"https:\/\/theinvisiblecollection.com\/fr\/wp-json\/wp\/v2\/product_tag?post=5850834"},{"taxonomy":"product_designer","embeddable":true,"href":"https:\/\/theinvisiblecollection.com\/fr\/wp-json\/wp\/v2\/product_designer?post=5850834"},{"taxonomy":"comfabric","embeddable":true,"href":"https:\/\/theinvisiblecollection.com\/fr\/wp-json\/wp\/v2\/comfabric?post=5850834"},{"taxonomy":"manufacturer","embeddable":true,"href":"https:\/\/theinvisiblecollection.com\/fr\/wp-json\/wp\/v2\/manufacturer?post=5850834"},{"taxonomy":"reporting_designer","embeddable":true,"href":"https:\/\/theinvisiblecollection.com\/fr\/wp-json\/wp\/v2\/reporting_designer?post=5850834"},{"taxonomy":"samplecomfabric","embeddable":true,"href":"https:\/\/theinvisiblecollection.com\/fr\/wp-json\/wp\/v2\/samplecomfabric?post=5850834"},{"taxonomy":"clubroom_product_designer","embeddable":true,"href":"https:\/\/theinvisiblecollection.com\/fr\/wp-json\/wp\/v2\/designer_clubroom?post=5850834"}],"curies":[{"name":"wp","href":"https:\/\/api.w.org\/{rel}","templated":true}]}}