{"id":5851034,"date":"2025-07-08T13:29:19","date_gmt":"2025-07-08T13:29:19","guid":{"rendered":"https:\/\/theinvisiblecollection.com\/?post_type=product&#038;p=5851034"},"modified":"2026-05-01T07:37:16","modified_gmt":"2026-05-01T07:37:16","slug":"laclaux-tete-de-lit-calarossa","status":"publish","type":"product","link":"https:\/\/theinvisiblecollection.com\/fr\/produit\/laclaux-tete-de-lit-calarossa\/","title":{"rendered":"T\u00eate de Lit Calarossa"},"content":{"rendered":"<p>La t\u00eate de lit Calarossa de Laclaux, fabriqu\u00e9e en rotin naturel, est une pi\u00e8ce remarquable con\u00e7ue pour une villa en Corse. La t\u00eate de lit Calarossa allie l\u2019\u00e9l\u00e9gance naturelle du rotin \u00e0 la profondeur visuelle et tactile de ce tissu raffin\u00e9, cr\u00e9ant un point focal dans la chambre \u00e0 coucher.<\/p>\n","protected":false},"excerpt":{"rendered":"<p>La t\u00eate de lit Calarossa de Laclaux, fabriqu\u00e9e en rotin naturel, est une pi\u00e8ce remarquable con\u00e7ue pour une villa en Corse. La t\u00eate de lit Calarossa allie l\u2019\u00e9l\u00e9gance naturelle du rotin \u00e0 la profondeur visuelle et tactile de ce tissu raffin\u00e9, cr\u00e9ant un point focal dans la chambre \u00e0 coucher.<\/p>\n","protected":false},"featured_media":5850971,"template":"","meta":{"_acf_changed":false,"content-type":"","_themeisle_gutenberg_block_has_review":false},"product_brand":[],"product_cat":[7909,12501],"product_tag":[9016,9075,10265,10914,11335,35206],"product_designer":[31423],"comfabric":[35965],"manufacturer":[31425],"reporting_designer":[37262],"samplecomfabric":[35967],"designer_clubroom":[],"class_list":{"0":"post-5851034","1":"product","2":"type-product","3":"status-publish","4":"has-post-thumbnail","6":"product_cat-lits","7":"product_cat-chambre-a-coucher","8":"product_tag-chambre-fr-2","9":"product_tag-rottin","10":"product_tag-tete-de-lit","11":"product_tag-lits","12":"product_tag-eco-design","13":"product_tag-exclusive-fr","14":"pa_size-large-fr-2","15":"pa_size-petit","16":"product_designer-laclaux-fr","17":"comfabric-laclaux-fr","18":"manufacturer-premier-logistics-art-interiors-pickup-laclaux-fr","19":"reporting_designer-laclaux-fr","20":"samplecomfabric-laclaux-fr","22":"first","23":"instock","24":"taxable","25":"shipping-taxable","26":"purchasable","27":"product-type-variable"},"acf":[],"_links":{"self":[{"href":"https:\/\/theinvisiblecollection.com\/fr\/wp-json\/wp\/v2\/product\/5851034","targetHints":{"allow":["GET"]}}],"collection":[{"href":"https:\/\/theinvisiblecollection.com\/fr\/wp-json\/wp\/v2\/product"}],"about":[{"href":"https:\/\/theinvisiblecollection.com\/fr\/wp-json\/wp\/v2\/types\/product"}],"wp:featuredmedia":[{"embeddable":true,"href":"https:\/\/theinvisiblecollection.com\/fr\/wp-json\/wp\/v2\/media\/5850971"}],"wp:attachment":[{"href":"https:\/\/theinvisiblecollection.com\/fr\/wp-json\/wp\/v2\/media?parent=5851034"}],"wp:term":[{"taxonomy":"product_brand","embeddable":true,"href":"https:\/\/theinvisiblecollection.com\/fr\/wp-json\/wp\/v2\/product_brand?post=5851034"},{"taxonomy":"product_cat","embeddable":true,"href":"https:\/\/theinvisiblecollection.com\/fr\/wp-json\/wp\/v2\/product_cat?post=5851034"},{"taxonomy":"product_tag","embeddable":true,"href":"https:\/\/theinvisiblecollection.com\/fr\/wp-json\/wp\/v2\/product_tag?post=5851034"},{"taxonomy":"product_designer","embeddable":true,"href":"https:\/\/theinvisiblecollection.com\/fr\/wp-json\/wp\/v2\/product_designer?post=5851034"},{"taxonomy":"comfabric","embeddable":true,"href":"https:\/\/theinvisiblecollection.com\/fr\/wp-json\/wp\/v2\/comfabric?post=5851034"},{"taxonomy":"manufacturer","embeddable":true,"href":"https:\/\/theinvisiblecollection.com\/fr\/wp-json\/wp\/v2\/manufacturer?post=5851034"},{"taxonomy":"reporting_designer","embeddable":true,"href":"https:\/\/theinvisiblecollection.com\/fr\/wp-json\/wp\/v2\/reporting_designer?post=5851034"},{"taxonomy":"samplecomfabric","embeddable":true,"href":"https:\/\/theinvisiblecollection.com\/fr\/wp-json\/wp\/v2\/samplecomfabric?post=5851034"},{"taxonomy":"clubroom_product_designer","embeddable":true,"href":"https:\/\/theinvisiblecollection.com\/fr\/wp-json\/wp\/v2\/designer_clubroom?post=5851034"}],"curies":[{"name":"wp","href":"https:\/\/api.w.org\/{rel}","templated":true}]}}