{"id":5851045,"date":"2025-07-30T10:44:27","date_gmt":"2025-07-30T10:44:27","guid":{"rendered":"https:\/\/theinvisiblecollection.com\/?post_type=product&#038;p=5851045"},"modified":"2026-05-01T07:37:16","modified_gmt":"2026-05-01T07:37:16","slug":"tete-de-lit-calarossa-strisce","status":"publish","type":"product","link":"https:\/\/theinvisiblecollection.com\/fr\/produit\/tete-de-lit-calarossa-strisce\/","title":{"rendered":"T\u00eate de Lit Calarossa Strisce"},"content":{"rendered":"<p>La t\u00eate de lit Calarossa Strisce, r\u00e9alis\u00e9e en rotin naturel, est une pi\u00e8ce unique con\u00e7ue pour une villa en Corse. Rev\u00eatue du tissu Reflex de Raf Simons pour Kvadrat, cette pi\u00e8ce incarne une \u00e9l\u00e9gance moderne et chaleureuse. Le tissu \u00e0 rayures jaune et ocre s\u2019inspire des rayures maritimes festives des tissus d\u2019ameublement utilis\u00e9s pour la chaise Seggiovia de Franco Albini dans les ann\u00e9es 1940, de l\u2019usage des rayures dans les interventions architecturales de l\u2019artiste Daniel Buren, ainsi que du riche h\u00e9ritage des larges rayures en haute couture. Cette association de textures et de r\u00e9f\u00e9rences visuelles conf\u00e8re \u00e0 la t\u00eate de lit une esth\u00e9tique \u00e0 la fois intemporelle et contemporaine. Disponible sur mesure, la Calarossa s\u2019adapte \u00e0 tout int\u00e9rieur, avec un savoir-faire artisanal m\u00eal\u00e9 \u00e0 un design raffin\u00e9.<\/p>\n","protected":false},"excerpt":{"rendered":"<p>La t\u00eate de lit Calarossa Strisce, r\u00e9alis\u00e9e en rotin naturel, est une pi\u00e8ce unique con\u00e7ue pour une villa en Corse. Rev\u00eatue du tissu Reflex de Raf Simons pour Kvadrat, cette pi\u00e8ce incarne une \u00e9l\u00e9gance moderne et chaleureuse. Le tissu \u00e0 rayures jaune et ocre s\u2019inspire des rayures maritimes festives des tissus d\u2019ameublement utilis\u00e9s pour la [&hellip;]<\/p>\n","protected":false},"featured_media":5851040,"template":"","meta":{"_acf_changed":false,"content-type":"","_themeisle_gutenberg_block_has_review":false},"product_brand":[],"product_cat":[7909,12501],"product_tag":[35206,9016,10914,11335],"product_designer":[31423],"comfabric":[35965],"manufacturer":[31425],"reporting_designer":[37262],"samplecomfabric":[35967],"designer_clubroom":[],"class_list":{"0":"post-5851045","1":"product","2":"type-product","3":"status-publish","4":"has-post-thumbnail","6":"product_cat-lits","7":"product_cat-chambre-a-coucher","8":"product_tag-exclusive-fr","9":"product_tag-chambre-fr-2","10":"product_tag-lits","11":"product_tag-eco-design","12":"product_designer-laclaux-fr","13":"comfabric-laclaux-fr","14":"manufacturer-premier-logistics-art-interiors-pickup-laclaux-fr","15":"reporting_designer-laclaux","16":"samplecomfabric-laclaux-fr","18":"first","19":"instock","20":"taxable","21":"shipping-taxable","22":"purchasable","23":"product-type-variable"},"acf":[],"_links":{"self":[{"href":"https:\/\/theinvisiblecollection.com\/fr\/wp-json\/wp\/v2\/product\/5851045","targetHints":{"allow":["GET"]}}],"collection":[{"href":"https:\/\/theinvisiblecollection.com\/fr\/wp-json\/wp\/v2\/product"}],"about":[{"href":"https:\/\/theinvisiblecollection.com\/fr\/wp-json\/wp\/v2\/types\/product"}],"wp:featuredmedia":[{"embeddable":true,"href":"https:\/\/theinvisiblecollection.com\/fr\/wp-json\/wp\/v2\/media\/5851040"}],"wp:attachment":[{"href":"https:\/\/theinvisiblecollection.com\/fr\/wp-json\/wp\/v2\/media?parent=5851045"}],"wp:term":[{"taxonomy":"product_brand","embeddable":true,"href":"https:\/\/theinvisiblecollection.com\/fr\/wp-json\/wp\/v2\/product_brand?post=5851045"},{"taxonomy":"product_cat","embeddable":true,"href":"https:\/\/theinvisiblecollection.com\/fr\/wp-json\/wp\/v2\/product_cat?post=5851045"},{"taxonomy":"product_tag","embeddable":true,"href":"https:\/\/theinvisiblecollection.com\/fr\/wp-json\/wp\/v2\/product_tag?post=5851045"},{"taxonomy":"product_designer","embeddable":true,"href":"https:\/\/theinvisiblecollection.com\/fr\/wp-json\/wp\/v2\/product_designer?post=5851045"},{"taxonomy":"comfabric","embeddable":true,"href":"https:\/\/theinvisiblecollection.com\/fr\/wp-json\/wp\/v2\/comfabric?post=5851045"},{"taxonomy":"manufacturer","embeddable":true,"href":"https:\/\/theinvisiblecollection.com\/fr\/wp-json\/wp\/v2\/manufacturer?post=5851045"},{"taxonomy":"reporting_designer","embeddable":true,"href":"https:\/\/theinvisiblecollection.com\/fr\/wp-json\/wp\/v2\/reporting_designer?post=5851045"},{"taxonomy":"samplecomfabric","embeddable":true,"href":"https:\/\/theinvisiblecollection.com\/fr\/wp-json\/wp\/v2\/samplecomfabric?post=5851045"},{"taxonomy":"clubroom_product_designer","embeddable":true,"href":"https:\/\/theinvisiblecollection.com\/fr\/wp-json\/wp\/v2\/designer_clubroom?post=5851045"}],"curies":[{"name":"wp","href":"https:\/\/api.w.org\/{rel}","templated":true}]}}