{"id":5851111,"date":"2025-07-08T08:00:50","date_gmt":"2025-07-08T08:00:50","guid":{"rendered":"https:\/\/theinvisiblecollection.com\/?post_type=product&#038;p=5851111"},"modified":"2026-05-08T04:38:32","modified_gmt":"2026-05-08T04:38:32","slug":"laclaux-table-louisa-marqueterie","status":"publish","type":"product","link":"https:\/\/theinvisiblecollection.com\/fr\/produit\/laclaux-table-louisa-marqueterie\/","title":{"rendered":"Table Louisa Marqueterie"},"content":{"rendered":"<p class=\"mb-fontLine last:mb-0\">Des lignes qui \u00e9l\u00e8vent. Un style organique et joyeux, une table vivante et durable. La table Louisa se red\u00e9finit \u00e0 travers une marqueterie de bois en relief, comme fa\u00e7onn\u00e9e par le vent et l\u2019humidit\u00e9. Sa structure et son pi\u00e8tement sont en pin sabl\u00e9 bross\u00e9 teint\u00e9 miel. Elles mettent en valeur les veines et la texture du bois pour dialoguer harmonieusement avec les ondulations du plateau. Le plateau est r\u00e9alis\u00e9 en marqueterie de pin sabl\u00e9 bross\u00e9, citronnier, bouleau et olivier.<\/p>\n","protected":false},"excerpt":{"rendered":"<p>Des lignes qui \u00e9l\u00e8vent. Un style organique et joyeux, une table vivante et durable. La table Louisa se red\u00e9finit \u00e0 travers une marqueterie de bois en relief, comme fa\u00e7onn\u00e9e par le vent et l\u2019humidit\u00e9. Sa structure et son pi\u00e8tement sont en pin sabl\u00e9 bross\u00e9 teint\u00e9 miel. Elles mettent en valeur les veines et la texture [&hellip;]<\/p>\n","protected":false},"featured_media":5851117,"template":"","meta":{"_acf_changed":false,"content-type":"","_themeisle_gutenberg_block_has_review":false},"product_brand":[],"product_cat":[8977,12503],"product_tag":[35206,8955,11335],"product_designer":[31423],"comfabric":[],"manufacturer":[31425],"reporting_designer":[37262],"samplecomfabric":[],"designer_clubroom":[],"class_list":{"0":"post-5851111","1":"product","2":"type-product","3":"status-publish","4":"has-post-thumbnail","6":"product_cat-tables-salle-a-manger","7":"product_cat-tables-fr","8":"product_tag-exclusive-fr","9":"product_tag-table","10":"product_tag-eco-design","11":"product_designer-laclaux-fr","12":"manufacturer-premier-logistics-art-interiors-pickup-laclaux-fr","13":"reporting_designer-laclaux-fr","15":"first","16":"onbackorder","17":"taxable","18":"shipping-taxable","19":"purchasable","20":"product-type-simple"},"acf":[],"_links":{"self":[{"href":"https:\/\/theinvisiblecollection.com\/fr\/wp-json\/wp\/v2\/product\/5851111","targetHints":{"allow":["GET"]}}],"collection":[{"href":"https:\/\/theinvisiblecollection.com\/fr\/wp-json\/wp\/v2\/product"}],"about":[{"href":"https:\/\/theinvisiblecollection.com\/fr\/wp-json\/wp\/v2\/types\/product"}],"wp:featuredmedia":[{"embeddable":true,"href":"https:\/\/theinvisiblecollection.com\/fr\/wp-json\/wp\/v2\/media\/5851117"}],"wp:attachment":[{"href":"https:\/\/theinvisiblecollection.com\/fr\/wp-json\/wp\/v2\/media?parent=5851111"}],"wp:term":[{"taxonomy":"product_brand","embeddable":true,"href":"https:\/\/theinvisiblecollection.com\/fr\/wp-json\/wp\/v2\/product_brand?post=5851111"},{"taxonomy":"product_cat","embeddable":true,"href":"https:\/\/theinvisiblecollection.com\/fr\/wp-json\/wp\/v2\/product_cat?post=5851111"},{"taxonomy":"product_tag","embeddable":true,"href":"https:\/\/theinvisiblecollection.com\/fr\/wp-json\/wp\/v2\/product_tag?post=5851111"},{"taxonomy":"product_designer","embeddable":true,"href":"https:\/\/theinvisiblecollection.com\/fr\/wp-json\/wp\/v2\/product_designer?post=5851111"},{"taxonomy":"comfabric","embeddable":true,"href":"https:\/\/theinvisiblecollection.com\/fr\/wp-json\/wp\/v2\/comfabric?post=5851111"},{"taxonomy":"manufacturer","embeddable":true,"href":"https:\/\/theinvisiblecollection.com\/fr\/wp-json\/wp\/v2\/manufacturer?post=5851111"},{"taxonomy":"reporting_designer","embeddable":true,"href":"https:\/\/theinvisiblecollection.com\/fr\/wp-json\/wp\/v2\/reporting_designer?post=5851111"},{"taxonomy":"samplecomfabric","embeddable":true,"href":"https:\/\/theinvisiblecollection.com\/fr\/wp-json\/wp\/v2\/samplecomfabric?post=5851111"},{"taxonomy":"clubroom_product_designer","embeddable":true,"href":"https:\/\/theinvisiblecollection.com\/fr\/wp-json\/wp\/v2\/designer_clubroom?post=5851111"}],"curies":[{"name":"wp","href":"https:\/\/api.w.org\/{rel}","templated":true}]}}