{"id":5851200,"date":"2025-07-08T14:17:36","date_gmt":"2025-07-08T14:17:36","guid":{"rendered":"https:\/\/theinvisiblecollection.com\/?post_type=product&#038;p=5851200"},"modified":"2026-05-01T07:37:16","modified_gmt":"2026-05-01T07:37:16","slug":"laclaux-chevet-genepi","status":"publish","type":"product","link":"https:\/\/theinvisiblecollection.com\/fr\/produit\/laclaux-chevet-genepi\/","title":{"rendered":"Chevet G\u00e9n\u00e9pi"},"content":{"rendered":"<p>Le chevet G\u00e9n\u00e9pi de Laclaux a \u00e9t\u00e9 con\u00e7u pour un appartement \u00e0 Courchevel. Chlo\u00e9 y explore les jeux de mati\u00e8res, m\u00ealant la brillance de la laque \u00e0 la douceur velout\u00e9e du su\u00e8de plaqu\u00e9. Ce travail subtil autour des textures, d\u00e9clin\u00e9 en monochrome, est une signature r\u00e9currente de ses projets.<\/p>\n","protected":false},"excerpt":{"rendered":"<p>Le chevet G\u00e9n\u00e9pi de Laclaux a \u00e9t\u00e9 con\u00e7u pour un appartement \u00e0 Courchevel. Chlo\u00e9 y explore les jeux de mati\u00e8res, m\u00ealant la brillance de la laque \u00e0 la douceur velout\u00e9e du su\u00e8de plaqu\u00e9. Ce travail subtil autour des textures, d\u00e9clin\u00e9 en monochrome, est une signature r\u00e9currente de ses projets.<\/p>\n","protected":false},"featured_media":5851169,"template":"","meta":{"_acf_changed":false,"content-type":"","_themeisle_gutenberg_block_has_review":false},"product_brand":[],"product_cat":[12501,12514],"product_tag":[8857,9059,9444,11335,35206],"product_designer":[31423],"comfabric":[],"manufacturer":[31425],"reporting_designer":[37262],"samplecomfabric":[],"designer_clubroom":[],"class_list":{"0":"post-5851200","1":"product","2":"type-product","3":"status-publish","4":"has-post-thumbnail","6":"product_cat-chambre-a-coucher","7":"product_cat-tables-de-chevet","8":"product_tag-table-de-chevet","9":"product_tag-gueridon-fr-2","10":"product_tag-laque-fr-2","11":"product_tag-eco-design","12":"product_tag-exclusive-fr","13":"product_designer-laclaux-fr","14":"manufacturer-premier-logistics-art-interiors-pickup-laclaux-fr","15":"reporting_designer-laclaux","17":"first","18":"instock","19":"taxable","20":"shipping-taxable","21":"purchasable","22":"product-type-variable"},"acf":[],"_links":{"self":[{"href":"https:\/\/theinvisiblecollection.com\/fr\/wp-json\/wp\/v2\/product\/5851200","targetHints":{"allow":["GET"]}}],"collection":[{"href":"https:\/\/theinvisiblecollection.com\/fr\/wp-json\/wp\/v2\/product"}],"about":[{"href":"https:\/\/theinvisiblecollection.com\/fr\/wp-json\/wp\/v2\/types\/product"}],"wp:featuredmedia":[{"embeddable":true,"href":"https:\/\/theinvisiblecollection.com\/fr\/wp-json\/wp\/v2\/media\/5851169"}],"wp:attachment":[{"href":"https:\/\/theinvisiblecollection.com\/fr\/wp-json\/wp\/v2\/media?parent=5851200"}],"wp:term":[{"taxonomy":"product_brand","embeddable":true,"href":"https:\/\/theinvisiblecollection.com\/fr\/wp-json\/wp\/v2\/product_brand?post=5851200"},{"taxonomy":"product_cat","embeddable":true,"href":"https:\/\/theinvisiblecollection.com\/fr\/wp-json\/wp\/v2\/product_cat?post=5851200"},{"taxonomy":"product_tag","embeddable":true,"href":"https:\/\/theinvisiblecollection.com\/fr\/wp-json\/wp\/v2\/product_tag?post=5851200"},{"taxonomy":"product_designer","embeddable":true,"href":"https:\/\/theinvisiblecollection.com\/fr\/wp-json\/wp\/v2\/product_designer?post=5851200"},{"taxonomy":"comfabric","embeddable":true,"href":"https:\/\/theinvisiblecollection.com\/fr\/wp-json\/wp\/v2\/comfabric?post=5851200"},{"taxonomy":"manufacturer","embeddable":true,"href":"https:\/\/theinvisiblecollection.com\/fr\/wp-json\/wp\/v2\/manufacturer?post=5851200"},{"taxonomy":"reporting_designer","embeddable":true,"href":"https:\/\/theinvisiblecollection.com\/fr\/wp-json\/wp\/v2\/reporting_designer?post=5851200"},{"taxonomy":"samplecomfabric","embeddable":true,"href":"https:\/\/theinvisiblecollection.com\/fr\/wp-json\/wp\/v2\/samplecomfabric?post=5851200"},{"taxonomy":"clubroom_product_designer","embeddable":true,"href":"https:\/\/theinvisiblecollection.com\/fr\/wp-json\/wp\/v2\/designer_clubroom?post=5851200"}],"curies":[{"name":"wp","href":"https:\/\/api.w.org\/{rel}","templated":true}]}}