{"id":5852066,"date":"2026-04-17T09:13:05","date_gmt":"2026-04-17T09:13:05","guid":{"rendered":"https:\/\/theinvisiblecollection.com\/?post_type=product&#038;p=5852066"},"modified":"2026-05-01T07:37:16","modified_gmt":"2026-05-01T07:37:16","slug":"galerie-mcde-pierre-chareau-fauteuil-a-crosses","status":"publish","type":"product","link":"https:\/\/theinvisiblecollection.com\/fr\/produit\/galerie-mcde-pierre-chareau-fauteuil-a-crosses\/","title":{"rendered":"Fauteuil \u00c0 Crosses"},"content":{"rendered":"<p>Le Fauteuil \u00c0 Crosses, cr\u00e9\u00e9 par Pierre Chareau en 1924, est un mod\u00e8le d\u2019\u00e9l\u00e9gance avec sa fa\u00e7ade toute en rondeur reposant sur un b\u00e2ti rectiligne et ses accoudoirs enroul\u00e9s en forme de crosse sur les montants.<\/p>\n","protected":false},"excerpt":{"rendered":"<p>Le Fauteuil \u00c0 Crosses, cr\u00e9\u00e9 par Pierre Chareau en 1924, est un mod\u00e8le d\u2019\u00e9l\u00e9gance avec sa fa\u00e7ade toute en rondeur reposant sur un b\u00e2ti rectiligne et ses accoudoirs enroul\u00e9s en forme de crosse sur les montants.<\/p>\n","protected":false},"featured_media":5901897,"template":"","meta":{"_acf_changed":false,"content-type":"","_themeisle_gutenberg_block_has_review":false},"product_brand":[],"product_cat":[8945,12499],"product_tag":[10400,11235,35206,35327],"product_designer":[10239,13455],"comfabric":[],"manufacturer":[34907],"reporting_designer":[37286],"samplecomfabric":[],"designer_clubroom":[],"class_list":{"0":"post-5852066","1":"product","2":"type-product","3":"status-publish","4":"has-post-thumbnail","6":"product_cat-fauteuils","7":"product_cat-assises","8":"product_tag-pierre-chareau-fr","9":"product_tag-reedition-fr-fr","10":"product_tag-exclusive-fr","11":"product_tag-re-edition-fr","12":"product_designer-pierre-chareau-fr","13":"product_designer-galerie-mcde-fr","14":"manufacturer-sefec-galerie-mcde-fr","15":"reporting_designer-galerie-mcde","17":"first","18":"instock","19":"taxable","20":"shipping-taxable","21":"purchasable","22":"product-type-variable"},"acf":[],"_links":{"self":[{"href":"https:\/\/theinvisiblecollection.com\/fr\/wp-json\/wp\/v2\/product\/5852066","targetHints":{"allow":["GET"]}}],"collection":[{"href":"https:\/\/theinvisiblecollection.com\/fr\/wp-json\/wp\/v2\/product"}],"about":[{"href":"https:\/\/theinvisiblecollection.com\/fr\/wp-json\/wp\/v2\/types\/product"}],"wp:featuredmedia":[{"embeddable":true,"href":"https:\/\/theinvisiblecollection.com\/fr\/wp-json\/wp\/v2\/media\/5901897"}],"wp:attachment":[{"href":"https:\/\/theinvisiblecollection.com\/fr\/wp-json\/wp\/v2\/media?parent=5852066"}],"wp:term":[{"taxonomy":"product_brand","embeddable":true,"href":"https:\/\/theinvisiblecollection.com\/fr\/wp-json\/wp\/v2\/product_brand?post=5852066"},{"taxonomy":"product_cat","embeddable":true,"href":"https:\/\/theinvisiblecollection.com\/fr\/wp-json\/wp\/v2\/product_cat?post=5852066"},{"taxonomy":"product_tag","embeddable":true,"href":"https:\/\/theinvisiblecollection.com\/fr\/wp-json\/wp\/v2\/product_tag?post=5852066"},{"taxonomy":"product_designer","embeddable":true,"href":"https:\/\/theinvisiblecollection.com\/fr\/wp-json\/wp\/v2\/product_designer?post=5852066"},{"taxonomy":"comfabric","embeddable":true,"href":"https:\/\/theinvisiblecollection.com\/fr\/wp-json\/wp\/v2\/comfabric?post=5852066"},{"taxonomy":"manufacturer","embeddable":true,"href":"https:\/\/theinvisiblecollection.com\/fr\/wp-json\/wp\/v2\/manufacturer?post=5852066"},{"taxonomy":"reporting_designer","embeddable":true,"href":"https:\/\/theinvisiblecollection.com\/fr\/wp-json\/wp\/v2\/reporting_designer?post=5852066"},{"taxonomy":"samplecomfabric","embeddable":true,"href":"https:\/\/theinvisiblecollection.com\/fr\/wp-json\/wp\/v2\/samplecomfabric?post=5852066"},{"taxonomy":"clubroom_product_designer","embeddable":true,"href":"https:\/\/theinvisiblecollection.com\/fr\/wp-json\/wp\/v2\/designer_clubroom?post=5852066"}],"curies":[{"name":"wp","href":"https:\/\/api.w.org\/{rel}","templated":true}]}}