{"id":5852140,"date":"2025-07-09T16:13:20","date_gmt":"2025-07-09T16:13:20","guid":{"rendered":"https:\/\/theinvisiblecollection.com\/?post_type=product&#038;p=5852140"},"modified":"2026-05-01T07:37:16","modified_gmt":"2026-05-01T07:37:16","slug":"galerie-mcde-chaise-dossier-galbe","status":"publish","type":"product","link":"https:\/\/theinvisiblecollection.com\/fr\/produit\/galerie-mcde-chaise-dossier-galbe\/","title":{"rendered":"Chaise Dossier Galb\u00e9"},"content":{"rendered":"<p style=\"text-align: justify;\"><span class=\"TextRun SCXW36866561 BCX8\" lang=\"EN-GB\" xml:lang=\"EN-GB\" data-contrast=\"auto\"><span class=\"NormalTextRun SCXW36866561 BCX8\">Cette chaise <\/span><span class=\"NormalTextRun SpellingErrorV2Themed SCXW36866561 BCX8\">cr\u00e9\u00e9e<\/span> <span class=\"NormalTextRun SpellingErrorV2Themed SCXW36866561 BCX8\">en<\/span><span class=\"NormalTextRun SCXW36866561 BCX8\"> 1924 et <\/span><span class=\"NormalTextRun SpellingErrorV2Themed SCXW36866561 BCX8\">t\u00e9moignant<\/span><span class=\"NormalTextRun SCXW36866561 BCX8\"> du go\u00fbt de Pierre <\/span><span class=\"NormalTextRun SpellingErrorV2Themed SCXW36866561 BCX8\">Chareau<\/span><span class=\"NormalTextRun SCXW36866561 BCX8\"> pour les <\/span><span class=\"NormalTextRun SpellingErrorV2Themed SCXW36866561 BCX8\">lignes<\/span> <span class=\"NormalTextRun SpellingErrorV2Themed SCXW36866561 BCX8\">droites<\/span><span class=\"NormalTextRun SCXW36866561 BCX8\"> et les angles <\/span><span class=\"NormalTextRun SpellingErrorV2Themed SCXW36866561 BCX8\">vifs<\/span><span class=\"NormalTextRun SCXW36866561 BCX8\"> dispose d\u2019un dossier <\/span><span class=\"NormalTextRun SpellingErrorV2Themed SCXW36866561 BCX8\">l\u00e9g\u00e8rement<\/span> <span class=\"NormalTextRun SpellingErrorV2Themed SCXW36866561 BCX8\">galb\u00e9<\/span><span class=\"NormalTextRun SCXW36866561 BCX8\"> et <\/span><span class=\"NormalTextRun SpellingErrorV2Themed SCXW36866561 BCX8\">muni<\/span> <span class=\"NormalTextRun SpellingErrorV2Themed SCXW36866561 BCX8\">d\u2019accotoirs<\/span><span class=\"NormalTextRun SCXW36866561 BCX8\">.<\/span><\/span><span class=\"EOP SCXW36866561 BCX8\" data-ccp-props=\"{}\">\u00a0<\/span><\/p>\n","protected":false},"excerpt":{"rendered":"<p>Cette chaise cr\u00e9\u00e9e en 1924 et t\u00e9moignant du go\u00fbt de Pierre Chareau pour les lignes droites et les angles vifs dispose d\u2019un dossier l\u00e9g\u00e8rement galb\u00e9 et muni d\u2019accotoirs.\u00a0<\/p>\n","protected":false},"featured_media":5852144,"template":"","meta":{"_acf_changed":false,"content-type":"","_themeisle_gutenberg_block_has_review":false},"product_brand":[],"product_cat":[8945,12499],"product_tag":[8942,9017,10400,11235,22682,35206],"product_designer":[10239,13455],"comfabric":[29644],"manufacturer":[34907],"reporting_designer":[37390],"samplecomfabric":[30380],"designer_clubroom":[],"class_list":{"0":"post-5852140","1":"product","2":"type-product","3":"status-publish","4":"has-post-thumbnail","6":"product_cat-fauteuils","7":"product_cat-assises","8":"product_tag-assise","9":"product_tag-chaise","10":"product_tag-pierre-chareau-fr","11":"product_tag-reedition-fr-fr","12":"product_tag-galerie-mcde-fr","13":"product_tag-exclusive-fr","14":"product_designer-pierre-chareau-fr","15":"product_designer-galerie-mcde-fr","16":"comfabric-galerie-mcde-fr","17":"manufacturer-sefec-galerie-mcde-fr","18":"reporting_designer-pierre-chareau","19":"samplecomfabric-galerie-mcde-fr","21":"first","22":"instock","23":"taxable","24":"shipping-taxable","25":"purchasable","26":"product-type-variable"},"acf":[],"_links":{"self":[{"href":"https:\/\/theinvisiblecollection.com\/fr\/wp-json\/wp\/v2\/product\/5852140","targetHints":{"allow":["GET"]}}],"collection":[{"href":"https:\/\/theinvisiblecollection.com\/fr\/wp-json\/wp\/v2\/product"}],"about":[{"href":"https:\/\/theinvisiblecollection.com\/fr\/wp-json\/wp\/v2\/types\/product"}],"wp:featuredmedia":[{"embeddable":true,"href":"https:\/\/theinvisiblecollection.com\/fr\/wp-json\/wp\/v2\/media\/5852144"}],"wp:attachment":[{"href":"https:\/\/theinvisiblecollection.com\/fr\/wp-json\/wp\/v2\/media?parent=5852140"}],"wp:term":[{"taxonomy":"product_brand","embeddable":true,"href":"https:\/\/theinvisiblecollection.com\/fr\/wp-json\/wp\/v2\/product_brand?post=5852140"},{"taxonomy":"product_cat","embeddable":true,"href":"https:\/\/theinvisiblecollection.com\/fr\/wp-json\/wp\/v2\/product_cat?post=5852140"},{"taxonomy":"product_tag","embeddable":true,"href":"https:\/\/theinvisiblecollection.com\/fr\/wp-json\/wp\/v2\/product_tag?post=5852140"},{"taxonomy":"product_designer","embeddable":true,"href":"https:\/\/theinvisiblecollection.com\/fr\/wp-json\/wp\/v2\/product_designer?post=5852140"},{"taxonomy":"comfabric","embeddable":true,"href":"https:\/\/theinvisiblecollection.com\/fr\/wp-json\/wp\/v2\/comfabric?post=5852140"},{"taxonomy":"manufacturer","embeddable":true,"href":"https:\/\/theinvisiblecollection.com\/fr\/wp-json\/wp\/v2\/manufacturer?post=5852140"},{"taxonomy":"reporting_designer","embeddable":true,"href":"https:\/\/theinvisiblecollection.com\/fr\/wp-json\/wp\/v2\/reporting_designer?post=5852140"},{"taxonomy":"samplecomfabric","embeddable":true,"href":"https:\/\/theinvisiblecollection.com\/fr\/wp-json\/wp\/v2\/samplecomfabric?post=5852140"},{"taxonomy":"clubroom_product_designer","embeddable":true,"href":"https:\/\/theinvisiblecollection.com\/fr\/wp-json\/wp\/v2\/designer_clubroom?post=5852140"}],"curies":[{"name":"wp","href":"https:\/\/api.w.org\/{rel}","templated":true}]}}