{"id":5852236,"date":"2025-07-10T08:01:15","date_gmt":"2025-07-10T08:01:15","guid":{"rendered":"https:\/\/theinvisiblecollection.com\/?post_type=product&#038;p=5852236"},"modified":"2026-05-01T07:37:16","modified_gmt":"2026-05-01T07:37:16","slug":"galerie-mcde-tabouret-curule-a-sabots","status":"publish","type":"product","link":"https:\/\/theinvisiblecollection.com\/fr\/produit\/galerie-mcde-tabouret-curule-a-sabots\/","title":{"rendered":"Tabouret Curule \u00c0 Sabots"},"content":{"rendered":"<p style=\"text-align: justify;\"><span class=\"TextRun SCXW220050075 BCX8\" lang=\"FR-FR\" xml:lang=\"FR-FR\" data-contrast=\"auto\"><span class=\"NormalTextRun SCXW220050075 BCX8\">Ce tabouret d\u00e9clin\u00e9 dans <\/span><span class=\"NormalTextRun SCXW220050075 BCX8\">diverses essences<\/span><span class=\"NormalTextRun SCXW220050075 BCX8\"> de bois et dat\u00e9 de 1923 d\u00e9montre l\u2019\u00e9volution permanente du travail de Pierre Chareau qui privil\u00e9giera les lignes droites sans toutefois renoncer tout \u00e0 fait aux courbes et ondulations.<\/span><\/span><span class=\"EOP SCXW220050075 BCX8\" data-ccp-props=\"{}\">\u00a0<\/span><\/p>\n","protected":false},"excerpt":{"rendered":"<p>Ce tabouret d\u00e9clin\u00e9 dans diverses essences de bois et dat\u00e9 de 1923 d\u00e9montre l\u2019\u00e9volution permanente du travail de Pierre Chareau qui privil\u00e9giera les lignes droites sans toutefois renoncer tout \u00e0 fait aux courbes et ondulations.\u00a0<\/p>\n","protected":false},"featured_media":5852245,"template":"","meta":{"_acf_changed":false,"content-type":"","_themeisle_gutenberg_block_has_review":false},"product_brand":[],"product_cat":[8969,12499],"product_tag":[9275,10400,11235,22682,31477,35206,35327],"product_designer":[10239,13455],"comfabric":[],"manufacturer":[34907],"reporting_designer":[37390],"samplecomfabric":[],"designer_clubroom":[],"class_list":{"0":"post-5852236","1":"product","2":"type-product","3":"status-publish","4":"has-post-thumbnail","6":"product_cat-ottomans-tabourets","7":"product_cat-assises","8":"product_tag-tabouret-fr-2","9":"product_tag-pierre-chareau-fr","10":"product_tag-reedition-fr-fr","11":"product_tag-galerie-mcde-fr","12":"product_tag-st-curvy-fr","13":"product_tag-exclusive-fr","14":"product_tag-re-edition-fr","15":"product_designer-pierre-chareau-fr","16":"product_designer-galerie-mcde-fr","17":"manufacturer-sefec-galerie-mcde-fr","18":"reporting_designer-pierre-chareau","20":"first","21":"instock","22":"taxable","23":"shipping-taxable","24":"purchasable","25":"product-type-variable"},"acf":[],"_links":{"self":[{"href":"https:\/\/theinvisiblecollection.com\/fr\/wp-json\/wp\/v2\/product\/5852236","targetHints":{"allow":["GET"]}}],"collection":[{"href":"https:\/\/theinvisiblecollection.com\/fr\/wp-json\/wp\/v2\/product"}],"about":[{"href":"https:\/\/theinvisiblecollection.com\/fr\/wp-json\/wp\/v2\/types\/product"}],"wp:featuredmedia":[{"embeddable":true,"href":"https:\/\/theinvisiblecollection.com\/fr\/wp-json\/wp\/v2\/media\/5852245"}],"wp:attachment":[{"href":"https:\/\/theinvisiblecollection.com\/fr\/wp-json\/wp\/v2\/media?parent=5852236"}],"wp:term":[{"taxonomy":"product_brand","embeddable":true,"href":"https:\/\/theinvisiblecollection.com\/fr\/wp-json\/wp\/v2\/product_brand?post=5852236"},{"taxonomy":"product_cat","embeddable":true,"href":"https:\/\/theinvisiblecollection.com\/fr\/wp-json\/wp\/v2\/product_cat?post=5852236"},{"taxonomy":"product_tag","embeddable":true,"href":"https:\/\/theinvisiblecollection.com\/fr\/wp-json\/wp\/v2\/product_tag?post=5852236"},{"taxonomy":"product_designer","embeddable":true,"href":"https:\/\/theinvisiblecollection.com\/fr\/wp-json\/wp\/v2\/product_designer?post=5852236"},{"taxonomy":"comfabric","embeddable":true,"href":"https:\/\/theinvisiblecollection.com\/fr\/wp-json\/wp\/v2\/comfabric?post=5852236"},{"taxonomy":"manufacturer","embeddable":true,"href":"https:\/\/theinvisiblecollection.com\/fr\/wp-json\/wp\/v2\/manufacturer?post=5852236"},{"taxonomy":"reporting_designer","embeddable":true,"href":"https:\/\/theinvisiblecollection.com\/fr\/wp-json\/wp\/v2\/reporting_designer?post=5852236"},{"taxonomy":"samplecomfabric","embeddable":true,"href":"https:\/\/theinvisiblecollection.com\/fr\/wp-json\/wp\/v2\/samplecomfabric?post=5852236"},{"taxonomy":"clubroom_product_designer","embeddable":true,"href":"https:\/\/theinvisiblecollection.com\/fr\/wp-json\/wp\/v2\/designer_clubroom?post=5852236"}],"curies":[{"name":"wp","href":"https:\/\/api.w.org\/{rel}","templated":true}]}}