{"id":5852323,"date":"2025-07-10T09:32:49","date_gmt":"2025-07-10T09:32:49","guid":{"rendered":"https:\/\/theinvisiblecollection.com\/?post_type=product&#038;p=5852323"},"modified":"2026-05-01T07:37:16","modified_gmt":"2026-05-01T07:37:16","slug":"galerie-mcde-tabouret-curule-tapisse","status":"publish","type":"product","link":"https:\/\/theinvisiblecollection.com\/fr\/produit\/galerie-mcde-tabouret-curule-tapisse\/","title":{"rendered":"Tabouret Curule Tapiss\u00e9"},"content":{"rendered":"<p style=\"text-align: justify;\"><span class=\"TextRun SCXW189290091 BCX8\" lang=\"EN-GB\" xml:lang=\"EN-GB\" data-contrast=\"auto\"><span class=\"NormalTextRun SpellingErrorV2Themed SCXW189290091 BCX8\">Con\u00e7u<\/span><span class=\"NormalTextRun SCXW189290091 BCX8\"> dans le <\/span><span class=\"NormalTextRun SpellingErrorV2Themed SCXW189290091 BCX8\">m\u00eame<\/span><span class=\"NormalTextRun SCXW189290091 BCX8\"> esprit que le curule <\/span><span class=\"NormalTextRun SpellingErrorV2Themed SCXW189290091 BCX8\">en<\/span><span class=\"NormalTextRun SCXW189290091 BCX8\"> 1925, <\/span><span class=\"NormalTextRun SpellingErrorV2Themed SCXW189290091 BCX8\">ce<\/span><span class=\"NormalTextRun SCXW189290091 BCX8\"> tabouret \u00e0 la <\/span><span class=\"NormalTextRun SpellingErrorV2Themed SCXW189290091 BCX8\">tapisserie<\/span> <span class=\"NormalTextRun SpellingErrorV2Themed SCXW189290091 BCX8\">personnalisable<\/span> <span class=\"NormalTextRun SpellingErrorV2Themed SCXW189290091 BCX8\">est<\/span> <span class=\"NormalTextRun SpellingErrorV2Themed SCXW189290091 BCX8\">fabriqu\u00e9<\/span><span class=\"NormalTextRun SCXW189290091 BCX8\"> avec la <\/span><span class=\"NormalTextRun SpellingErrorV2Themed SCXW189290091 BCX8\">m\u00eame<\/span><span class=\"NormalTextRun SCXW189290091 BCX8\"> exigence <\/span><span class=\"NormalTextRun SpellingErrorV2Themed SCXW189290091 BCX8\">artisanale<\/span><span class=\"NormalTextRun SCXW189290091 BCX8\">. <\/span><span class=\"NormalTextRun SpellingErrorV2Themed SCXW189290091 BCX8\">D\u00e9clin\u00e9<\/span> <span class=\"NormalTextRun SpellingErrorV2Themed SCXW189290091 BCX8\">en<\/span> <span class=\"NormalTextRun SpellingErrorV2Themed SCXW189290091 BCX8\">plusieurs<\/span><span class=\"NormalTextRun SCXW189290091 BCX8\"> essences, il <\/span><span class=\"NormalTextRun SpellingErrorV2Themed SCXW189290091 BCX8\">b\u00e9n\u00e9ficie<\/span><span class=\"NormalTextRun SCXW189290091 BCX8\"> d\u2019un travail <\/span><span class=\"NormalTextRun SpellingErrorV2Themed SCXW189290091 BCX8\">d\u2019\u00e9b\u00e9nisterie<\/span><span class=\"NormalTextRun SCXW189290091 BCX8\"> qui sublime le grain et la <\/span><span class=\"NormalTextRun SpellingErrorV2Themed SCXW189290091 BCX8\">profondeur<\/span><span class=\"NormalTextRun SCXW189290091 BCX8\"> du <\/span><span class=\"NormalTextRun SpellingErrorV2Themed SCXW189290091 BCX8\">bois<\/span><span class=\"NormalTextRun SCXW189290091 BCX8\">.<\/span><\/span><span class=\"EOP SCXW189290091 BCX8\" data-ccp-props=\"{}\">\u00a0<\/span><\/p>\n","protected":false},"excerpt":{"rendered":"<p>Con\u00e7u dans le m\u00eame esprit que le curule en 1925, ce tabouret \u00e0 la tapisserie personnalisable est fabriqu\u00e9 avec la m\u00eame exigence artisanale. D\u00e9clin\u00e9 en plusieurs essences, il b\u00e9n\u00e9ficie d\u2019un travail d\u2019\u00e9b\u00e9nisterie qui sublime le grain et la profondeur du bois.\u00a0<\/p>\n","protected":false},"featured_media":5852341,"template":"","meta":{"_acf_changed":false,"content-type":"","_themeisle_gutenberg_block_has_review":false},"product_brand":[],"product_cat":[8969,12499],"product_tag":[35206,35327,10400,11235,22682,31477],"product_designer":[10239,13455],"comfabric":[29644],"manufacturer":[34907],"reporting_designer":[37390],"samplecomfabric":[30380],"designer_clubroom":[],"class_list":{"0":"post-5852323","1":"product","2":"type-product","3":"status-publish","4":"has-post-thumbnail","6":"product_cat-ottomans-tabourets","7":"product_cat-assises","8":"product_tag-exclusive-fr","9":"product_tag-re-edition-fr","10":"product_tag-pierre-chareau-fr","11":"product_tag-reedition-fr-fr","12":"product_tag-galerie-mcde-fr","13":"product_tag-st-curvy-fr","14":"product_designer-pierre-chareau-fr","15":"product_designer-galerie-mcde-fr","16":"comfabric-galerie-mcde-fr","17":"manufacturer-sefec-galerie-mcde-fr","18":"reporting_designer-pierre-chareau","19":"samplecomfabric-galerie-mcde-fr","21":"first","22":"instock","23":"taxable","24":"shipping-taxable","25":"purchasable","26":"product-type-variable"},"acf":[],"_links":{"self":[{"href":"https:\/\/theinvisiblecollection.com\/fr\/wp-json\/wp\/v2\/product\/5852323","targetHints":{"allow":["GET"]}}],"collection":[{"href":"https:\/\/theinvisiblecollection.com\/fr\/wp-json\/wp\/v2\/product"}],"about":[{"href":"https:\/\/theinvisiblecollection.com\/fr\/wp-json\/wp\/v2\/types\/product"}],"wp:featuredmedia":[{"embeddable":true,"href":"https:\/\/theinvisiblecollection.com\/fr\/wp-json\/wp\/v2\/media\/5852341"}],"wp:attachment":[{"href":"https:\/\/theinvisiblecollection.com\/fr\/wp-json\/wp\/v2\/media?parent=5852323"}],"wp:term":[{"taxonomy":"product_brand","embeddable":true,"href":"https:\/\/theinvisiblecollection.com\/fr\/wp-json\/wp\/v2\/product_brand?post=5852323"},{"taxonomy":"product_cat","embeddable":true,"href":"https:\/\/theinvisiblecollection.com\/fr\/wp-json\/wp\/v2\/product_cat?post=5852323"},{"taxonomy":"product_tag","embeddable":true,"href":"https:\/\/theinvisiblecollection.com\/fr\/wp-json\/wp\/v2\/product_tag?post=5852323"},{"taxonomy":"product_designer","embeddable":true,"href":"https:\/\/theinvisiblecollection.com\/fr\/wp-json\/wp\/v2\/product_designer?post=5852323"},{"taxonomy":"comfabric","embeddable":true,"href":"https:\/\/theinvisiblecollection.com\/fr\/wp-json\/wp\/v2\/comfabric?post=5852323"},{"taxonomy":"manufacturer","embeddable":true,"href":"https:\/\/theinvisiblecollection.com\/fr\/wp-json\/wp\/v2\/manufacturer?post=5852323"},{"taxonomy":"reporting_designer","embeddable":true,"href":"https:\/\/theinvisiblecollection.com\/fr\/wp-json\/wp\/v2\/reporting_designer?post=5852323"},{"taxonomy":"samplecomfabric","embeddable":true,"href":"https:\/\/theinvisiblecollection.com\/fr\/wp-json\/wp\/v2\/samplecomfabric?post=5852323"},{"taxonomy":"clubroom_product_designer","embeddable":true,"href":"https:\/\/theinvisiblecollection.com\/fr\/wp-json\/wp\/v2\/designer_clubroom?post=5852323"}],"curies":[{"name":"wp","href":"https:\/\/api.w.org\/{rel}","templated":true}]}}